{"id":22165,"date":"2024-10-08T12:48:15","date_gmt":"2024-10-08T10:48:15","guid":{"rendered":"https:\/\/almazarasdelasubbetica.com\/productos\/estuche-premium-2-botellas\/"},"modified":"2025-08-26T13:29:04","modified_gmt":"2025-08-26T11:29:04","slug":"premium-gift-box-2-bottles","status":"publish","type":"product","link":"https:\/\/almazarasdelasubbetica.com\/en\/products\/premium-gift-box-2-bottles\/","title":{"rendered":"Premium Gift Box 2 Bottles"},"content":{"rendered":"<p><b><span data-contrast=\"auto\">Rinc\u00f3n de la Subb\u00e9tica 500ml Bottle<\/span><\/b><\/p>\n<p><a href=\"https:\/\/almazarasdelasubbetica.com\/en\/marca\/rincon-de-la-subbetica-en\/\"><b><i><span data-contrast=\"auto\">Rinc\u00f3n de la Subb\u00e9tica<\/span><\/i><\/b><\/a><i><span data-contrast=\"auto\"> is born in the very first days of the harvest. It is an organic extra virgin olive oil, the result of the care and expertise of those who tend the fruit throughout the year. It is <\/span><\/i><b><i><span data-contrast=\"auto\">a true masterpiece<\/span><\/i><\/b><i><span data-contrast=\"auto\"> for the most discerning palates\u2014a gastronomic journey to the essence of organic extra virgin olive oil.<\/span><\/i><span data-ccp-props=\"{}\"> <\/span><\/p>\n<p><b><span data-contrast=\"auto\">Parqueoliva Gold Series 500ml Bottle<\/span><\/b><br \/>\n<b><i><span data-contrast=\"auto\"><a href=\"https:\/\/almazarasdelasubbetica.com\/en\/marca\/parqueoliva-en\/serie-oro-en-parqueoliva-en\/\">Parqueoliva Gold Series<\/a> is a true jewel<\/span><\/i><\/b><i><span data-contrast=\"auto\">. Only the finest olives are selected at the beginning of the harvest to bottle one of the world\u2019s best olive oils. The perfect combination of the Picuda and Hojiblanca varieties becomes a delight for the senses of every taster.<\/span><\/i><span data-ccp-props=\"{}\"> <\/span><\/p>\n<p><b><span data-contrast=\"auto\">Almaoliva Arbequino 500ml Bottle<\/span><\/b><br \/>\n<i><span data-contrast=\"auto\">With <a href=\"https:\/\/almazarasdelasubbetica.com\/en\/marca\/arbequino-en\/\"><strong>Almaoliva Arbequino<\/strong><\/a>, our wonderful extra virgin olive oil, we have captured the finest essence of the Arbequina variety. The sun of our land brings life to <\/span><\/i><b><i><span data-contrast=\"auto\">an oil with a distinct personality<\/span><\/i><\/b><i><span data-contrast=\"auto\">, defined by surprising aromas and flavors that will not leave any taster indifferent.<\/span><\/i><span data-ccp-props=\"{}\"> <\/span><\/p>\n<h4>Finishes<\/h4>\n<p><span data-contrast=\"auto\"> Black\/Silver<\/span><span data-ccp-props=\"{}\"> <\/span><\/p>\n<p><span data-contrast=\"auto\"> Kraft\/Black<\/span><span data-ccp-props=\"{}\"> <\/span><\/p>\n<h4><span data-contrast=\"auto\">Combinations <\/span><span data-ccp-props=\"{}\"> <\/span><\/h4>\n<p><span data-contrast=\"auto\">Gold Series + Arbequino<\/span><span data-ccp-props=\"{}\"> <\/span><\/p>\n<p><span data-contrast=\"auto\">Rinc\u00f3n + Gold Series<\/span><span data-ccp-props=\"{}\"> <\/span><\/p>\n<p><span data-contrast=\"auto\">Rinc\u00f3n + Arbequino<\/span><span data-ccp-props=\"{}\"> <\/span><\/p>\n","protected":false},"excerpt":{"rendered":"<h1 data-start=\"99\" data-end=\"316\">PREMIUM GIFT BOX (2 BOTTLES)<\/h1>\n<h4 data-start=\"99\" data-end=\"316\"><em><strong data-start=\"99\" data-end=\"151\">Which premium bottles can I include in my box?<\/strong><\/em><\/h4>\n<p data-start=\"99\" data-end=\"316\"><strong>Select two of our most renowned and internationally awarded references. Each one represents a unique personality within the world of extra virgin olive oil.<\/strong><\/p>\n<ul>\n<li data-start=\"318\" data-end=\"680\"><strong data-start=\"318\" data-end=\"361\">Rinc\u00f3n de la Subb\u00e9tica 500ml Bottle<\/strong><br data-start=\"361\" data-end=\"364\" \/>Rinc\u00f3n de la Subb\u00e9tica is born in the very first days of the harvest. It is an organic extra virgin olive oil, the result of the care and dedication of experts who tend the fruit throughout the year. A true masterpiece for the most discerning palates, it is a gastronomic journey to the essence of organic extra virgin olive oil.<\/li>\n<li data-start=\"682\" data-end=\"1013\"><strong data-start=\"682\" data-end=\"724\">Parqueoliva Gold Series 500ml Bottle<\/strong><br data-start=\"724\" data-end=\"727\" \/>Parqueoliva Gold Series is a true jewel. Only the finest olives are selected at the beginning of the harvest to bottle one of the world\u2019s best olive oils. The perfect combination of the Picuda and Hojiblanca varieties becomes a delight for the senses of every taster.<\/li>\n<li data-start=\"1015\" data-end=\"1315\"><strong data-start=\"1015\" data-end=\"1055\">Almaoliva Arbequino 500ml Bottle<\/strong><br data-start=\"1055\" data-end=\"1058\" \/>With this wonderful extra virgin olive oil, we have captured the finest essence of the Arbequina variety. The sun of our land brings life to an oil with a distinct personality, defined by surprising aromas and flavors that will not leave any taster indifferent.<\/li>\n<\/ul>\n","protected":false},"featured_media":20673,"comment_status":"closed","ping_status":"closed","template":"","meta":{"_acf_changed":false},"product_brand":[305,303],"product_cat":[228],"product_tag":[],"class_list":{"0":"post-22165","1":"product","2":"type-product","3":"status-publish","4":"has-post-thumbnail","6":"product_brand-arbequino-en","7":"product_brand-serie-oro-en","8":"product_cat-gift-sets","10":"first","11":"instock","12":"featured","13":"taxable","14":"shipping-taxable","15":"purchasable","16":"product-type-variable"},"acf":[],"yoast_head":"<!-- This site is optimized with the Yoast SEO plugin v27.3 - https:\/\/yoast.com\/product\/yoast-seo-wordpress\/ -->\n<title>Premium Gift Box 2 Bottles (Gold Series + Rinc\u00f3n &amp; Arbequino)<\/title>\n<meta name=\"description\" content=\"Buy online this 2-bottle gift box from our selection of the finest Premium Extra Virgin Olive Oils, the perfect gift from Almazaras de la Subb\u00e9tica.\" \/>\n<meta name=\"robots\" content=\"index, follow, max-snippet:-1, max-image-preview:large, max-video-preview:-1\" \/>\n<link rel=\"canonical\" href=\"https:\/\/almazarasdelasubbetica.com\/en\/products\/premium-gift-box-2-bottles\/\" \/>\n<meta property=\"og:locale\" content=\"en_US\" \/>\n<meta property=\"og:type\" content=\"article\" \/>\n<meta property=\"og:title\" content=\"Premium Gift Box 2 Bottles (Gold Series + Rinc\u00f3n &amp; Arbequino)\" \/>\n<meta property=\"og:description\" content=\"Buy online this 2-bottle gift box from our selection of the finest Premium Extra Virgin Olive Oils, the perfect gift from Almazaras de la Subb\u00e9tica.\" \/>\n<meta property=\"og:url\" content=\"https:\/\/almazarasdelasubbetica.com\/en\/products\/premium-gift-box-2-bottles\/\" \/>\n<meta property=\"og:site_name\" content=\"Almazaras de la Subb\u00e9tica | Tienda Online de AOVE Premiado\" \/>\n<meta property=\"article:publisher\" content=\"https:\/\/www.facebook.com\/almazarasdelasubbetica\/\" \/>\n<meta property=\"article:modified_time\" content=\"2025-08-26T11:29:04+00:00\" \/>\n<meta property=\"og:image\" content=\"https:\/\/almazarasdelasubbetica.com\/wp-content\/uploads\/2025\/03\/Estuche-premium-2-botellas-2.jpg\" \/>\n\t<meta property=\"og:image:width\" content=\"1024\" \/>\n\t<meta property=\"og:image:height\" content=\"768\" \/>\n\t<meta property=\"og:image:type\" content=\"image\/jpeg\" \/>\n<meta name=\"twitter:card\" content=\"summary_large_image\" \/>\n<meta name=\"twitter:site\" content=\"@almasubbetica\" \/>\n<meta name=\"twitter:label1\" content=\"Est. reading time\" \/>\n\t<meta name=\"twitter:data1\" content=\"2 minutes\" \/>\n<script type=\"application\/ld+json\" class=\"yoast-schema-graph\">{\"@context\":\"https:\\\/\\\/schema.org\",\"@graph\":[{\"@type\":\"WebPage\",\"@id\":\"https:\\\/\\\/almazarasdelasubbetica.com\\\/en\\\/products\\\/premium-gift-box-2-bottles\\\/\",\"url\":\"https:\\\/\\\/almazarasdelasubbetica.com\\\/en\\\/products\\\/premium-gift-box-2-bottles\\\/\",\"name\":\"Premium Gift Box 2 Bottles (Gold Series + Rinc\u00f3n & Arbequino)\",\"isPartOf\":{\"@id\":\"https:\\\/\\\/almazarasdelasubbetica.com\\\/en\\\/#website\"},\"primaryImageOfPage\":{\"@id\":\"https:\\\/\\\/almazarasdelasubbetica.com\\\/en\\\/products\\\/premium-gift-box-2-bottles\\\/#primaryimage\"},\"image\":{\"@id\":\"https:\\\/\\\/almazarasdelasubbetica.com\\\/en\\\/products\\\/premium-gift-box-2-bottles\\\/#primaryimage\"},\"thumbnailUrl\":\"https:\\\/\\\/almazarasdelasubbetica.com\\\/wp-content\\\/uploads\\\/2025\\\/03\\\/Estuche-premium-2-botellas-2.jpg\",\"datePublished\":\"2024-10-08T10:48:15+00:00\",\"dateModified\":\"2025-08-26T11:29:04+00:00\",\"description\":\"Buy online this 2-bottle gift box from our selection of the finest Premium Extra Virgin Olive Oils, the perfect gift from Almazaras de la Subb\u00e9tica.\",\"breadcrumb\":{\"@id\":\"https:\\\/\\\/almazarasdelasubbetica.com\\\/en\\\/products\\\/premium-gift-box-2-bottles\\\/#breadcrumb\"},\"inLanguage\":\"en-US\",\"potentialAction\":[{\"@type\":\"ReadAction\",\"target\":[\"https:\\\/\\\/almazarasdelasubbetica.com\\\/en\\\/products\\\/premium-gift-box-2-bottles\\\/\"]}]},{\"@type\":\"ImageObject\",\"inLanguage\":\"en-US\",\"@id\":\"https:\\\/\\\/almazarasdelasubbetica.com\\\/en\\\/products\\\/premium-gift-box-2-bottles\\\/#primaryimage\",\"url\":\"https:\\\/\\\/almazarasdelasubbetica.com\\\/wp-content\\\/uploads\\\/2025\\\/03\\\/Estuche-premium-2-botellas-2.jpg\",\"contentUrl\":\"https:\\\/\\\/almazarasdelasubbetica.com\\\/wp-content\\\/uploads\\\/2025\\\/03\\\/Estuche-premium-2-botellas-2.jpg\",\"width\":1024,\"height\":768,\"caption\":\"Lote de regalo de 2 aceites de oliva virgen extra premium Almazaras de la Subb\u00e9tica caja negra\"},{\"@type\":\"BreadcrumbList\",\"@id\":\"https:\\\/\\\/almazarasdelasubbetica.com\\\/en\\\/products\\\/premium-gift-box-2-bottles\\\/#breadcrumb\",\"itemListElement\":[{\"@type\":\"ListItem\",\"position\":1,\"name\":\"Portada\",\"item\":\"https:\\\/\\\/almazarasdelasubbetica.com\\\/en\\\/\"},{\"@type\":\"ListItem\",\"position\":2,\"name\":\"Shop\",\"item\":\"https:\\\/\\\/almazarasdelasubbetica.com\\\/tienda\\\/\"},{\"@type\":\"ListItem\",\"position\":3,\"name\":\"Premium Gift Box 2 Bottles\"}]},{\"@type\":\"WebSite\",\"@id\":\"https:\\\/\\\/almazarasdelasubbetica.com\\\/en\\\/#website\",\"url\":\"https:\\\/\\\/almazarasdelasubbetica.com\\\/en\\\/\",\"name\":\"Almazaras de la Subb\u00e9tica - Aceite de Oliva Virgen Extra\",\"description\":\"Almazaras de la Subb\u00e9tica: aceites de oliva virgen extra premiados mundialmente, disponibles online bajo las marcas Rinc\u00f3n de la Subb\u00e9tica, Parqueoliva y Almaoliva.\",\"publisher\":{\"@id\":\"https:\\\/\\\/almazarasdelasubbetica.com\\\/en\\\/#organization\"},\"alternateName\":\"Almazaras de la Subb\u00e9tica\",\"potentialAction\":[{\"@type\":\"SearchAction\",\"target\":{\"@type\":\"EntryPoint\",\"urlTemplate\":\"https:\\\/\\\/almazarasdelasubbetica.com\\\/en\\\/?s={search_term_string}\"},\"query-input\":{\"@type\":\"PropertyValueSpecification\",\"valueRequired\":true,\"valueName\":\"search_term_string\"}}],\"inLanguage\":\"en-US\"},{\"@type\":\"Organization\",\"@id\":\"https:\\\/\\\/almazarasdelasubbetica.com\\\/en\\\/#organization\",\"name\":\"Almazaras de la Subb\u00e9tica, S.C.A.\",\"url\":\"https:\\\/\\\/almazarasdelasubbetica.com\\\/en\\\/\",\"logo\":{\"@type\":\"ImageObject\",\"inLanguage\":\"en-US\",\"@id\":\"https:\\\/\\\/almazarasdelasubbetica.com\\\/en\\\/#\\\/schema\\\/logo\\\/image\\\/\",\"url\":\"https:\\\/\\\/almazarasdelasubbetica.com\\\/wp-content\\\/uploads\\\/2024\\\/11\\\/alma-logo.jpg\",\"contentUrl\":\"https:\\\/\\\/almazarasdelasubbetica.com\\\/wp-content\\\/uploads\\\/2024\\\/11\\\/alma-logo.jpg\",\"width\":220,\"height\":48,\"caption\":\"Almazaras de la Subb\u00e9tica, S.C.A.\"},\"image\":{\"@id\":\"https:\\\/\\\/almazarasdelasubbetica.com\\\/en\\\/#\\\/schema\\\/logo\\\/image\\\/\"},\"sameAs\":[\"https:\\\/\\\/www.facebook.com\\\/almazarasdelasubbetica\\\/\",\"https:\\\/\\\/x.com\\\/almasubbetica\",\"https:\\\/\\\/www.instagram.com\\\/almasubbetica\\\/\",\"https:\\\/\\\/www.linkedin.com\\\/company\\\/almazarasdelasubbetica\\\/\",\"https:\\\/\\\/www.tiktok.com\\\/@almasubbetica\"]}]}<\/script>\n<!-- \/ Yoast SEO plugin. -->","yoast_head_json":{"title":"Premium Gift Box 2 Bottles (Gold Series + Rinc\u00f3n & Arbequino)","description":"Buy online this 2-bottle gift box from our selection of the finest Premium Extra Virgin Olive Oils, the perfect gift from Almazaras de la Subb\u00e9tica.","robots":{"index":"index","follow":"follow","max-snippet":"max-snippet:-1","max-image-preview":"max-image-preview:large","max-video-preview":"max-video-preview:-1"},"canonical":"https:\/\/almazarasdelasubbetica.com\/en\/products\/premium-gift-box-2-bottles\/","og_locale":"en_US","og_type":"article","og_title":"Premium Gift Box 2 Bottles (Gold Series + Rinc\u00f3n & Arbequino)","og_description":"Buy online this 2-bottle gift box from our selection of the finest Premium Extra Virgin Olive Oils, the perfect gift from Almazaras de la Subb\u00e9tica.","og_url":"https:\/\/almazarasdelasubbetica.com\/en\/products\/premium-gift-box-2-bottles\/","og_site_name":"Almazaras de la Subb\u00e9tica | Tienda Online de AOVE Premiado","article_publisher":"https:\/\/www.facebook.com\/almazarasdelasubbetica\/","article_modified_time":"2025-08-26T11:29:04+00:00","og_image":[{"width":1024,"height":768,"url":"https:\/\/almazarasdelasubbetica.com\/wp-content\/uploads\/2025\/03\/Estuche-premium-2-botellas-2.jpg","type":"image\/jpeg"}],"twitter_card":"summary_large_image","twitter_site":"@almasubbetica","twitter_misc":{"Est. reading time":"2 minutes"},"schema":{"@context":"https:\/\/schema.org","@graph":[{"@type":"WebPage","@id":"https:\/\/almazarasdelasubbetica.com\/en\/products\/premium-gift-box-2-bottles\/","url":"https:\/\/almazarasdelasubbetica.com\/en\/products\/premium-gift-box-2-bottles\/","name":"Premium Gift Box 2 Bottles (Gold Series + Rinc\u00f3n & Arbequino)","isPartOf":{"@id":"https:\/\/almazarasdelasubbetica.com\/en\/#website"},"primaryImageOfPage":{"@id":"https:\/\/almazarasdelasubbetica.com\/en\/products\/premium-gift-box-2-bottles\/#primaryimage"},"image":{"@id":"https:\/\/almazarasdelasubbetica.com\/en\/products\/premium-gift-box-2-bottles\/#primaryimage"},"thumbnailUrl":"https:\/\/almazarasdelasubbetica.com\/wp-content\/uploads\/2025\/03\/Estuche-premium-2-botellas-2.jpg","datePublished":"2024-10-08T10:48:15+00:00","dateModified":"2025-08-26T11:29:04+00:00","description":"Buy online this 2-bottle gift box from our selection of the finest Premium Extra Virgin Olive Oils, the perfect gift from Almazaras de la Subb\u00e9tica.","breadcrumb":{"@id":"https:\/\/almazarasdelasubbetica.com\/en\/products\/premium-gift-box-2-bottles\/#breadcrumb"},"inLanguage":"en-US","potentialAction":[{"@type":"ReadAction","target":["https:\/\/almazarasdelasubbetica.com\/en\/products\/premium-gift-box-2-bottles\/"]}]},{"@type":"ImageObject","inLanguage":"en-US","@id":"https:\/\/almazarasdelasubbetica.com\/en\/products\/premium-gift-box-2-bottles\/#primaryimage","url":"https:\/\/almazarasdelasubbetica.com\/wp-content\/uploads\/2025\/03\/Estuche-premium-2-botellas-2.jpg","contentUrl":"https:\/\/almazarasdelasubbetica.com\/wp-content\/uploads\/2025\/03\/Estuche-premium-2-botellas-2.jpg","width":1024,"height":768,"caption":"Lote de regalo de 2 aceites de oliva virgen extra premium Almazaras de la Subb\u00e9tica caja negra"},{"@type":"BreadcrumbList","@id":"https:\/\/almazarasdelasubbetica.com\/en\/products\/premium-gift-box-2-bottles\/#breadcrumb","itemListElement":[{"@type":"ListItem","position":1,"name":"Portada","item":"https:\/\/almazarasdelasubbetica.com\/en\/"},{"@type":"ListItem","position":2,"name":"Shop","item":"https:\/\/almazarasdelasubbetica.com\/tienda\/"},{"@type":"ListItem","position":3,"name":"Premium Gift Box 2 Bottles"}]},{"@type":"WebSite","@id":"https:\/\/almazarasdelasubbetica.com\/en\/#website","url":"https:\/\/almazarasdelasubbetica.com\/en\/","name":"Almazaras de la Subb\u00e9tica - Aceite de Oliva Virgen Extra","description":"Almazaras de la Subb\u00e9tica: aceites de oliva virgen extra premiados mundialmente, disponibles online bajo las marcas Rinc\u00f3n de la Subb\u00e9tica, Parqueoliva y Almaoliva.","publisher":{"@id":"https:\/\/almazarasdelasubbetica.com\/en\/#organization"},"alternateName":"Almazaras de la Subb\u00e9tica","potentialAction":[{"@type":"SearchAction","target":{"@type":"EntryPoint","urlTemplate":"https:\/\/almazarasdelasubbetica.com\/en\/?s={search_term_string}"},"query-input":{"@type":"PropertyValueSpecification","valueRequired":true,"valueName":"search_term_string"}}],"inLanguage":"en-US"},{"@type":"Organization","@id":"https:\/\/almazarasdelasubbetica.com\/en\/#organization","name":"Almazaras de la Subb\u00e9tica, S.C.A.","url":"https:\/\/almazarasdelasubbetica.com\/en\/","logo":{"@type":"ImageObject","inLanguage":"en-US","@id":"https:\/\/almazarasdelasubbetica.com\/en\/#\/schema\/logo\/image\/","url":"https:\/\/almazarasdelasubbetica.com\/wp-content\/uploads\/2024\/11\/alma-logo.jpg","contentUrl":"https:\/\/almazarasdelasubbetica.com\/wp-content\/uploads\/2024\/11\/alma-logo.jpg","width":220,"height":48,"caption":"Almazaras de la Subb\u00e9tica, S.C.A."},"image":{"@id":"https:\/\/almazarasdelasubbetica.com\/en\/#\/schema\/logo\/image\/"},"sameAs":["https:\/\/www.facebook.com\/almazarasdelasubbetica\/","https:\/\/x.com\/almasubbetica","https:\/\/www.instagram.com\/almasubbetica\/","https:\/\/www.linkedin.com\/company\/almazarasdelasubbetica\/","https:\/\/www.tiktok.com\/@almasubbetica"]}]}},"_links":{"self":[{"href":"https:\/\/almazarasdelasubbetica.com\/en\/wp-json\/wp\/v2\/product\/22165","targetHints":{"allow":["GET"]}}],"collection":[{"href":"https:\/\/almazarasdelasubbetica.com\/en\/wp-json\/wp\/v2\/product"}],"about":[{"href":"https:\/\/almazarasdelasubbetica.com\/en\/wp-json\/wp\/v2\/types\/product"}],"replies":[{"embeddable":true,"href":"https:\/\/almazarasdelasubbetica.com\/en\/wp-json\/wp\/v2\/comments?post=22165"}],"version-history":[{"count":3,"href":"https:\/\/almazarasdelasubbetica.com\/en\/wp-json\/wp\/v2\/product\/22165\/revisions"}],"predecessor-version":[{"id":22177,"href":"https:\/\/almazarasdelasubbetica.com\/en\/wp-json\/wp\/v2\/product\/22165\/revisions\/22177"}],"wp:featuredmedia":[{"embeddable":true,"href":"https:\/\/almazarasdelasubbetica.com\/en\/wp-json\/wp\/v2\/media\/20673"}],"wp:attachment":[{"href":"https:\/\/almazarasdelasubbetica.com\/en\/wp-json\/wp\/v2\/media?parent=22165"}],"wp:term":[{"taxonomy":"product_brand","embeddable":true,"href":"https:\/\/almazarasdelasubbetica.com\/en\/wp-json\/wp\/v2\/product_brand?post=22165"},{"taxonomy":"product_cat","embeddable":true,"href":"https:\/\/almazarasdelasubbetica.com\/en\/wp-json\/wp\/v2\/product_cat?post=22165"},{"taxonomy":"product_tag","embeddable":true,"href":"https:\/\/almazarasdelasubbetica.com\/en\/wp-json\/wp\/v2\/product_tag?post=22165"}],"curies":[{"name":"wp","href":"https:\/\/api.w.org\/{rel}","templated":true}]}}