{"id":22159,"date":"2024-10-09T12:29:23","date_gmt":"2024-10-09T10:29:23","guid":{"rendered":"https:\/\/almazarasdelasubbetica.com\/productos\/estuche-premium-3-botellas\/"},"modified":"2025-08-26T13:28:57","modified_gmt":"2025-08-26T11:28:57","slug":"premium-gift-box-3-bottles","status":"publish","type":"product","link":"https:\/\/almazarasdelasubbetica.com\/en\/products\/premium-gift-box-3-bottles\/","title":{"rendered":"Premium Gift Box 3 Bottles (Gold Series + Rinc\u00f3n + Arbequino)"},"content":{"rendered":"<h3>TECHNICAL INFORMATION<\/h3>\n<h4>COMMERCIAL PRODUCT NAME<\/h4>\n<p><a href=\"https:\/\/almazarasdelasubbetica.com\/en\/marca\/rincon-de-la-subbetica-en\/\">Rinc\u00f3n de la Subb\u00e9tica<\/a>, Extra Virgin Olive Oil under the Protected Designation of Origin Priego de C\u00f3rdoba.<br \/>\n<a href=\"https:\/\/almazarasdelasubbetica.com\/en\/marca\/parqueoliva-en\/serie-oro-en-parqueoliva-en\/\">Parqueoliva Gold Series<\/a>, Extra Virgin Olive Oil under the Protected Designation of Origin Priego de C\u00f3rdoba.<br \/>\n<a href=\"https:\/\/almazarasdelasubbetica.com\/en\/marca\/arbequino-en\/\">Almaoliva Arbequino<\/a>, Extra Virgin Olive Oil.<\/p>\n<h4>QUALITATIVE COMPOSITION<\/h4>\n<p>100% olive juice.<\/p>\n<h4>PROCESS DESCRIPTION<\/h4>\n<p>Reception of the olives, cleaning, washing, and weighing, followed by milling in less than 1 hour after reception. Kneading of the paste and extraction of the extra virgin olive oil through centrifugation. Finally, the resulting extra virgin olive oil is filtered and stored in inert tanks until bottling.<\/p>\n<h4>PHYSICOCHEMICAL CONTROLS<\/h4>\n<p>Regulation (EC) No. 2568\/91. Technical and sanitary regulations of vegetable oils R.D. 308\/83.<\/p>\n<h4>PACKAGING CHARACTERISTICS<\/h4>\n<p>Exclusive design blue glass bottle.<br \/>\nExclusive design red glass bottle.<br \/>\nDark Lyric bottle.<\/p>\n<h4>LABELING<\/h4>\n<p>See image.<\/p>\n<h4>STORAGE CONDITIONS<\/h4>\n<p>Store protected from light, in a cool and dry environment.<\/p>\n<h4>TRANSPORT CONDITIONS<\/h4>\n<p>Transport in a suitable container that ensures the maintenance of the product\u2019s optimal conditions while complying with the recommended storage requirements.<\/p>\n<h4>LOT NUMBER CHARACTERISTICS<\/h4>\n<p>The lot number corresponds to a packaging reference number indicated on the label.<\/p>\n<h4>BEST BEFORE DATE<\/h4>\n<p>The best before date is indicated on the label in the format (mm\/yy). 18 months from the packaging date.<\/p>\n","protected":false},"excerpt":{"rendered":"<h1 data-start=\"99\" data-end=\"316\">PREMIUM GIFT BOX (3 BOTTLES)<\/h1>\n<p><strong>Rinc\u00f3n de la Subb\u00e9tica 500ml Bottle<\/strong><br \/>\n<em><strong>Rinc\u00f3n de la Subb\u00e9tica<\/strong> is born in the very first days of the harvest. It is an organic extra virgin olive oil, the result of the care and expertise of those who tend the fruit throughout the year. It is <strong>a true masterpiece<\/strong> for the most discerning palates\u2014a gastronomic journey to the essence of organic extra virgin olive oil.<\/em><\/p>\n<p><strong>Parqueoliva Gold Series 500ml Bottle<\/strong><br \/>\n<em><strong>Parqueoliva Gold Series is a true jewel<\/strong>. Only the finest olives are selected at the beginning of the harvest to bottle one of the world\u2019s best olive oils. The perfect combination of the Picuda and Hojiblanca varieties becomes a delight for the senses of every taster.<\/em><\/p>\n<p><strong>Almaoliva Arbequino 500ml Bottle<\/strong><br \/>\n<em>With this wonderful extra virgin olive oil, we have captured the very essence of the Arbequina variety. The sun of our land gives life to <strong>an oil with a distinct personality<\/strong>, defined by surprising aromas and flavors that will not leave any taster indifferent.<\/em><\/p>\n","protected":false},"featured_media":20667,"comment_status":"closed","ping_status":"closed","template":"","meta":{"_acf_changed":false},"product_brand":[305,303,300],"product_cat":[228],"product_tag":[],"class_list":{"0":"post-22159","1":"product","2":"type-product","3":"status-publish","4":"has-post-thumbnail","6":"product_brand-arbequino-en","7":"product_brand-serie-oro-en","8":"product_brand-rincon-de-la-subbetica-en","9":"product_cat-gift-sets","11":"first","12":"instock","13":"featured","14":"taxable","15":"shipping-taxable","16":"purchasable","17":"product-type-variable"},"acf":[],"yoast_head":"<!-- This site is optimized with the Yoast SEO plugin v27.4 - https:\/\/yoast.com\/product\/yoast-seo-wordpress\/ -->\n<title>Premium Gift Box 3 Bottles (Gold Series + Rinc\u00f3n + Arbequino)<\/title>\n<meta name=\"description\" content=\"Buy online a 3-bottle set of the finest Premium Extra Virgin Olive Oils PDO C\u00f3rdoba, an ideal gift from the Almazaras de la Subb\u00e9tica cooperative.\" \/>\n<meta name=\"robots\" content=\"index, follow, max-snippet:-1, max-image-preview:large, max-video-preview:-1\" \/>\n<link rel=\"canonical\" href=\"https:\/\/almazarasdelasubbetica.com\/en\/products\/premium-gift-box-3-bottles\/\" \/>\n<meta property=\"og:locale\" content=\"en_US\" \/>\n<meta property=\"og:type\" content=\"article\" \/>\n<meta property=\"og:title\" content=\"Premium Gift Box 3 Bottles (Gold Series + Rinc\u00f3n + Arbequino)\" \/>\n<meta property=\"og:description\" content=\"Buy online a 3-bottle set of the finest Premium Extra Virgin Olive Oils PDO C\u00f3rdoba, an ideal gift from the Almazaras de la Subb\u00e9tica cooperative.\" \/>\n<meta property=\"og:url\" content=\"https:\/\/almazarasdelasubbetica.com\/en\/products\/premium-gift-box-3-bottles\/\" \/>\n<meta property=\"og:site_name\" content=\"Almazaras de la Subb\u00e9tica | Tienda Online de AOVE Premiado\" \/>\n<meta property=\"article:publisher\" content=\"https:\/\/www.facebook.com\/almazarasdelasubbetica\/\" \/>\n<meta property=\"article:modified_time\" content=\"2025-08-26T11:28:57+00:00\" \/>\n<meta property=\"og:image\" content=\"https:\/\/almazarasdelasubbetica.com\/wp-content\/uploads\/2025\/03\/Estuche-premium-3-botellas.jpg\" \/>\n\t<meta property=\"og:image:width\" content=\"1024\" \/>\n\t<meta property=\"og:image:height\" content=\"768\" \/>\n\t<meta property=\"og:image:type\" content=\"image\/jpeg\" \/>\n<meta name=\"twitter:card\" content=\"summary_large_image\" \/>\n<meta name=\"twitter:site\" content=\"@almasubbetica\" \/>\n<meta name=\"twitter:label1\" content=\"Est. reading time\" \/>\n\t<meta name=\"twitter:data1\" content=\"2 minutes\" \/>\n<script type=\"application\/ld+json\" class=\"yoast-schema-graph\">{\"@context\":\"https:\\\/\\\/schema.org\",\"@graph\":[{\"@type\":\"WebPage\",\"@id\":\"https:\\\/\\\/almazarasdelasubbetica.com\\\/en\\\/products\\\/premium-gift-box-3-bottles\\\/\",\"url\":\"https:\\\/\\\/almazarasdelasubbetica.com\\\/en\\\/products\\\/premium-gift-box-3-bottles\\\/\",\"name\":\"Premium Gift Box 3 Bottles (Gold Series + Rinc\u00f3n + Arbequino)\",\"isPartOf\":{\"@id\":\"https:\\\/\\\/almazarasdelasubbetica.com\\\/en\\\/#website\"},\"primaryImageOfPage\":{\"@id\":\"https:\\\/\\\/almazarasdelasubbetica.com\\\/en\\\/products\\\/premium-gift-box-3-bottles\\\/#primaryimage\"},\"image\":{\"@id\":\"https:\\\/\\\/almazarasdelasubbetica.com\\\/en\\\/products\\\/premium-gift-box-3-bottles\\\/#primaryimage\"},\"thumbnailUrl\":\"https:\\\/\\\/almazarasdelasubbetica.com\\\/wp-content\\\/uploads\\\/2025\\\/03\\\/Estuche-premium-3-botellas.jpg\",\"datePublished\":\"2024-10-09T10:29:23+00:00\",\"dateModified\":\"2025-08-26T11:28:57+00:00\",\"description\":\"Buy online a 3-bottle set of the finest Premium Extra Virgin Olive Oils PDO C\u00f3rdoba, an ideal gift from the Almazaras de la Subb\u00e9tica cooperative.\",\"breadcrumb\":{\"@id\":\"https:\\\/\\\/almazarasdelasubbetica.com\\\/en\\\/products\\\/premium-gift-box-3-bottles\\\/#breadcrumb\"},\"inLanguage\":\"en-US\",\"potentialAction\":[{\"@type\":\"ReadAction\",\"target\":[\"https:\\\/\\\/almazarasdelasubbetica.com\\\/en\\\/products\\\/premium-gift-box-3-bottles\\\/\"]}]},{\"@type\":\"ImageObject\",\"inLanguage\":\"en-US\",\"@id\":\"https:\\\/\\\/almazarasdelasubbetica.com\\\/en\\\/products\\\/premium-gift-box-3-bottles\\\/#primaryimage\",\"url\":\"https:\\\/\\\/almazarasdelasubbetica.com\\\/wp-content\\\/uploads\\\/2025\\\/03\\\/Estuche-premium-3-botellas.jpg\",\"contentUrl\":\"https:\\\/\\\/almazarasdelasubbetica.com\\\/wp-content\\\/uploads\\\/2025\\\/03\\\/Estuche-premium-3-botellas.jpg\",\"width\":1024,\"height\":768,\"caption\":\"Lote de regalo de 3 aceites de oliva virgen extra premium Almazaras de la Subb\u00e9tica\"},{\"@type\":\"BreadcrumbList\",\"@id\":\"https:\\\/\\\/almazarasdelasubbetica.com\\\/en\\\/products\\\/premium-gift-box-3-bottles\\\/#breadcrumb\",\"itemListElement\":[{\"@type\":\"ListItem\",\"position\":1,\"name\":\"Portada\",\"item\":\"https:\\\/\\\/almazarasdelasubbetica.com\\\/en\\\/\"},{\"@type\":\"ListItem\",\"position\":2,\"name\":\"Shop\",\"item\":\"https:\\\/\\\/almazarasdelasubbetica.com\\\/tienda\\\/\"},{\"@type\":\"ListItem\",\"position\":3,\"name\":\"Premium Gift Box 3 Bottles (Gold Series + Rinc\u00f3n + Arbequino)\"}]},{\"@type\":\"WebSite\",\"@id\":\"https:\\\/\\\/almazarasdelasubbetica.com\\\/en\\\/#website\",\"url\":\"https:\\\/\\\/almazarasdelasubbetica.com\\\/en\\\/\",\"name\":\"Almazaras de la Subb\u00e9tica - Aceite de Oliva Virgen Extra\",\"description\":\"Almazaras de la Subb\u00e9tica: aceites de oliva virgen extra premiados mundialmente, disponibles online bajo las marcas Rinc\u00f3n de la Subb\u00e9tica, Parqueoliva y Almaoliva.\",\"publisher\":{\"@id\":\"https:\\\/\\\/almazarasdelasubbetica.com\\\/en\\\/#organization\"},\"alternateName\":\"Almazaras de la Subb\u00e9tica\",\"potentialAction\":[{\"@type\":\"SearchAction\",\"target\":{\"@type\":\"EntryPoint\",\"urlTemplate\":\"https:\\\/\\\/almazarasdelasubbetica.com\\\/en\\\/?s={search_term_string}\"},\"query-input\":{\"@type\":\"PropertyValueSpecification\",\"valueRequired\":true,\"valueName\":\"search_term_string\"}}],\"inLanguage\":\"en-US\"},{\"@type\":\"Organization\",\"@id\":\"https:\\\/\\\/almazarasdelasubbetica.com\\\/en\\\/#organization\",\"name\":\"Almazaras de la Subb\u00e9tica, S.C.A.\",\"url\":\"https:\\\/\\\/almazarasdelasubbetica.com\\\/en\\\/\",\"logo\":{\"@type\":\"ImageObject\",\"inLanguage\":\"en-US\",\"@id\":\"https:\\\/\\\/almazarasdelasubbetica.com\\\/en\\\/#\\\/schema\\\/logo\\\/image\\\/\",\"url\":\"https:\\\/\\\/almazarasdelasubbetica.com\\\/wp-content\\\/uploads\\\/2024\\\/11\\\/alma-logo.jpg\",\"contentUrl\":\"https:\\\/\\\/almazarasdelasubbetica.com\\\/wp-content\\\/uploads\\\/2024\\\/11\\\/alma-logo.jpg\",\"width\":220,\"height\":48,\"caption\":\"Almazaras de la Subb\u00e9tica, S.C.A.\"},\"image\":{\"@id\":\"https:\\\/\\\/almazarasdelasubbetica.com\\\/en\\\/#\\\/schema\\\/logo\\\/image\\\/\"},\"sameAs\":[\"https:\\\/\\\/www.facebook.com\\\/almazarasdelasubbetica\\\/\",\"https:\\\/\\\/x.com\\\/almasubbetica\",\"https:\\\/\\\/www.instagram.com\\\/almasubbetica\\\/\",\"https:\\\/\\\/www.linkedin.com\\\/company\\\/almazarasdelasubbetica\\\/\",\"https:\\\/\\\/www.tiktok.com\\\/@almasubbetica\"]}]}<\/script>\n<!-- \/ Yoast SEO plugin. -->","yoast_head_json":{"title":"Premium Gift Box 3 Bottles (Gold Series + Rinc\u00f3n + Arbequino)","description":"Buy online a 3-bottle set of the finest Premium Extra Virgin Olive Oils PDO C\u00f3rdoba, an ideal gift from the Almazaras de la Subb\u00e9tica cooperative.","robots":{"index":"index","follow":"follow","max-snippet":"max-snippet:-1","max-image-preview":"max-image-preview:large","max-video-preview":"max-video-preview:-1"},"canonical":"https:\/\/almazarasdelasubbetica.com\/en\/products\/premium-gift-box-3-bottles\/","og_locale":"en_US","og_type":"article","og_title":"Premium Gift Box 3 Bottles (Gold Series + Rinc\u00f3n + Arbequino)","og_description":"Buy online a 3-bottle set of the finest Premium Extra Virgin Olive Oils PDO C\u00f3rdoba, an ideal gift from the Almazaras de la Subb\u00e9tica cooperative.","og_url":"https:\/\/almazarasdelasubbetica.com\/en\/products\/premium-gift-box-3-bottles\/","og_site_name":"Almazaras de la Subb\u00e9tica | Tienda Online de AOVE Premiado","article_publisher":"https:\/\/www.facebook.com\/almazarasdelasubbetica\/","article_modified_time":"2025-08-26T11:28:57+00:00","og_image":[{"width":1024,"height":768,"url":"https:\/\/almazarasdelasubbetica.com\/wp-content\/uploads\/2025\/03\/Estuche-premium-3-botellas.jpg","type":"image\/jpeg"}],"twitter_card":"summary_large_image","twitter_site":"@almasubbetica","twitter_misc":{"Est. reading time":"2 minutes"},"schema":{"@context":"https:\/\/schema.org","@graph":[{"@type":"WebPage","@id":"https:\/\/almazarasdelasubbetica.com\/en\/products\/premium-gift-box-3-bottles\/","url":"https:\/\/almazarasdelasubbetica.com\/en\/products\/premium-gift-box-3-bottles\/","name":"Premium Gift Box 3 Bottles (Gold Series + Rinc\u00f3n + Arbequino)","isPartOf":{"@id":"https:\/\/almazarasdelasubbetica.com\/en\/#website"},"primaryImageOfPage":{"@id":"https:\/\/almazarasdelasubbetica.com\/en\/products\/premium-gift-box-3-bottles\/#primaryimage"},"image":{"@id":"https:\/\/almazarasdelasubbetica.com\/en\/products\/premium-gift-box-3-bottles\/#primaryimage"},"thumbnailUrl":"https:\/\/almazarasdelasubbetica.com\/wp-content\/uploads\/2025\/03\/Estuche-premium-3-botellas.jpg","datePublished":"2024-10-09T10:29:23+00:00","dateModified":"2025-08-26T11:28:57+00:00","description":"Buy online a 3-bottle set of the finest Premium Extra Virgin Olive Oils PDO C\u00f3rdoba, an ideal gift from the Almazaras de la Subb\u00e9tica cooperative.","breadcrumb":{"@id":"https:\/\/almazarasdelasubbetica.com\/en\/products\/premium-gift-box-3-bottles\/#breadcrumb"},"inLanguage":"en-US","potentialAction":[{"@type":"ReadAction","target":["https:\/\/almazarasdelasubbetica.com\/en\/products\/premium-gift-box-3-bottles\/"]}]},{"@type":"ImageObject","inLanguage":"en-US","@id":"https:\/\/almazarasdelasubbetica.com\/en\/products\/premium-gift-box-3-bottles\/#primaryimage","url":"https:\/\/almazarasdelasubbetica.com\/wp-content\/uploads\/2025\/03\/Estuche-premium-3-botellas.jpg","contentUrl":"https:\/\/almazarasdelasubbetica.com\/wp-content\/uploads\/2025\/03\/Estuche-premium-3-botellas.jpg","width":1024,"height":768,"caption":"Lote de regalo de 3 aceites de oliva virgen extra premium Almazaras de la Subb\u00e9tica"},{"@type":"BreadcrumbList","@id":"https:\/\/almazarasdelasubbetica.com\/en\/products\/premium-gift-box-3-bottles\/#breadcrumb","itemListElement":[{"@type":"ListItem","position":1,"name":"Portada","item":"https:\/\/almazarasdelasubbetica.com\/en\/"},{"@type":"ListItem","position":2,"name":"Shop","item":"https:\/\/almazarasdelasubbetica.com\/tienda\/"},{"@type":"ListItem","position":3,"name":"Premium Gift Box 3 Bottles (Gold Series + Rinc\u00f3n + Arbequino)"}]},{"@type":"WebSite","@id":"https:\/\/almazarasdelasubbetica.com\/en\/#website","url":"https:\/\/almazarasdelasubbetica.com\/en\/","name":"Almazaras de la Subb\u00e9tica - Aceite de Oliva Virgen Extra","description":"Almazaras de la Subb\u00e9tica: aceites de oliva virgen extra premiados mundialmente, disponibles online bajo las marcas Rinc\u00f3n de la Subb\u00e9tica, Parqueoliva y Almaoliva.","publisher":{"@id":"https:\/\/almazarasdelasubbetica.com\/en\/#organization"},"alternateName":"Almazaras de la Subb\u00e9tica","potentialAction":[{"@type":"SearchAction","target":{"@type":"EntryPoint","urlTemplate":"https:\/\/almazarasdelasubbetica.com\/en\/?s={search_term_string}"},"query-input":{"@type":"PropertyValueSpecification","valueRequired":true,"valueName":"search_term_string"}}],"inLanguage":"en-US"},{"@type":"Organization","@id":"https:\/\/almazarasdelasubbetica.com\/en\/#organization","name":"Almazaras de la Subb\u00e9tica, S.C.A.","url":"https:\/\/almazarasdelasubbetica.com\/en\/","logo":{"@type":"ImageObject","inLanguage":"en-US","@id":"https:\/\/almazarasdelasubbetica.com\/en\/#\/schema\/logo\/image\/","url":"https:\/\/almazarasdelasubbetica.com\/wp-content\/uploads\/2024\/11\/alma-logo.jpg","contentUrl":"https:\/\/almazarasdelasubbetica.com\/wp-content\/uploads\/2024\/11\/alma-logo.jpg","width":220,"height":48,"caption":"Almazaras de la Subb\u00e9tica, S.C.A."},"image":{"@id":"https:\/\/almazarasdelasubbetica.com\/en\/#\/schema\/logo\/image\/"},"sameAs":["https:\/\/www.facebook.com\/almazarasdelasubbetica\/","https:\/\/x.com\/almasubbetica","https:\/\/www.instagram.com\/almasubbetica\/","https:\/\/www.linkedin.com\/company\/almazarasdelasubbetica\/","https:\/\/www.tiktok.com\/@almasubbetica"]}]}},"_links":{"self":[{"href":"https:\/\/almazarasdelasubbetica.com\/en\/wp-json\/wp\/v2\/product\/22159","targetHints":{"allow":["GET"]}}],"collection":[{"href":"https:\/\/almazarasdelasubbetica.com\/en\/wp-json\/wp\/v2\/product"}],"about":[{"href":"https:\/\/almazarasdelasubbetica.com\/en\/wp-json\/wp\/v2\/types\/product"}],"replies":[{"embeddable":true,"href":"https:\/\/almazarasdelasubbetica.com\/en\/wp-json\/wp\/v2\/comments?post=22159"}],"version-history":[{"count":3,"href":"https:\/\/almazarasdelasubbetica.com\/en\/wp-json\/wp\/v2\/product\/22159\/revisions"}],"predecessor-version":[{"id":22176,"href":"https:\/\/almazarasdelasubbetica.com\/en\/wp-json\/wp\/v2\/product\/22159\/revisions\/22176"}],"wp:featuredmedia":[{"embeddable":true,"href":"https:\/\/almazarasdelasubbetica.com\/en\/wp-json\/wp\/v2\/media\/20667"}],"wp:attachment":[{"href":"https:\/\/almazarasdelasubbetica.com\/en\/wp-json\/wp\/v2\/media?parent=22159"}],"wp:term":[{"taxonomy":"product_brand","embeddable":true,"href":"https:\/\/almazarasdelasubbetica.com\/en\/wp-json\/wp\/v2\/product_brand?post=22159"},{"taxonomy":"product_cat","embeddable":true,"href":"https:\/\/almazarasdelasubbetica.com\/en\/wp-json\/wp\/v2\/product_cat?post=22159"},{"taxonomy":"product_tag","embeddable":true,"href":"https:\/\/almazarasdelasubbetica.com\/en\/wp-json\/wp\/v2\/product_tag?post=22159"}],"curies":[{"name":"wp","href":"https:\/\/api.w.org\/{rel}","templated":true}]}}