{"id":22145,"date":"2024-10-11T12:46:45","date_gmt":"2024-10-11T10:46:45","guid":{"rendered":"https:\/\/almazarasdelasubbetica.com\/productos\/pack-degustacion\/"},"modified":"2025-08-26T13:10:31","modified_gmt":"2025-08-26T11:10:31","slug":"tasting-pack","status":"publish","type":"product","link":"https:\/\/almazarasdelasubbetica.com\/en\/products\/tasting-pack\/","title":{"rendered":"Tasting Pack"},"content":{"rendered":"<p>Rinc\u00f3n de la Subb\u00e9tica, a true masterpiece for the most discerning palates.<\/p>\n<p>The most awarded EVOO in Spain\u2019s history.<\/p>\n<p><a href=\"https:\/\/almazarasdelasubbetica.com\/en\/marca\/parqueoliva-en\/serie-oro-en-parqueoliva-en\/\">Parqueoliva Gold Series<\/a>, nuances of aromas and a surprising taste.<\/p>\n<p><a href=\"https:\/\/almazarasdelasubbetica.com\/en\/marca\/arbequino-en\/\">Almaoliva Arbequino<\/a>, complex, harmonious, and persistent.<\/p>\n<p><a href=\"https:\/\/almazarasdelasubbetica.com\/en\/marca\/bio-en\/\">Almaoliva Bio<\/a>, perfect balance thanks to its harmony of aromas and flavors.<\/p>\n<h3>&#8220;TECHNICAL INFORMATION&#8221;<\/h3>\n<h4>COMMERCIAL PRODUCT NAME<\/h4>\n<p><a href=\"https:\/\/almazarasdelasubbetica.com\/en\/marca\/rincon-de-la-subbetica-en\/\">Rinc\u00f3n de la Subb\u00e9tica<\/a>, Extra Virgin Olive Oil under the Protected Designation of Origin Priego de C\u00f3rdoba.<br \/>\n<a href=\"https:\/\/almazarasdelasubbetica.com\/en\/marca\/parqueoliva-en\/serie-oro-en-parqueoliva-en\/\">Parqueoliva Gold Series<\/a>, Extra Virgin Olive Oil under the Protected Designation of Origin Priego de C\u00f3rdoba.<br \/>\n<a href=\"https:\/\/almazarasdelasubbetica.com\/en\/marca\/arbequino-en\/\">Almaoliva Arbequino<\/a>, Extra Virgin Olive Oil.<\/p>\n<h4>QUALITATIVE COMPOSITION<\/h4>\n<p>100% olive juice.<\/p>\n<h4>PROCESS DESCRIPTION<\/h4>\n<p>Reception of the olives, cleaning, washing, and weighing, followed by milling in less than 1 hour after reception. Kneading of the paste and extraction of the extra virgin olive oil through centrifugation. Finally, the resulting extra virgin olive oil is filtered and stored in inert tanks until bottling.<\/p>\n<h4>PHYSICOCHEMICAL CONTROLS<\/h4>\n<p>Regulation (EC) No. 2568\/91. Technical and sanitary regulations of vegetable oils R.D. 308\/83.<\/p>\n<h4>PACKAGING CHARACTERISTICS<\/h4>\n<p>Dark Doric bottle.<\/p>\n<h4>LABELING<\/h4>\n<p>See image.<\/p>\n<h4>STORAGE CONDITIONS<\/h4>\n<p>Store protected from light, in a cool and dry environment.<\/p>\n<h4>TRANSPORT CONDITIONS<\/h4>\n<p>Transport in a suitable container that ensures the maintenance of the product\u2019s optimal conditions while complying with the recommended storage requirements.<\/p>\n<h4>LOT NUMBER CHARACTERISTICS<\/h4>\n<p>The lot number corresponds to a packaging reference number indicated on the label.<\/p>\n<h4>BEST BEFORE DATE<\/h4>\n<p>The best before date is indicated on the label in the format (mm\/yy). 18 months from the packaging date.<\/p>\n","protected":false},"excerpt":{"rendered":"<h1 data-start=\"142\" data-end=\"211\"><strong>TASTING PACK<\/strong><\/h1>\n<h2 data-start=\"142\" data-end=\"211\"><span style=\"color: #7db51e;\"><em>Four EVOO gems in mini format.<\/em><\/span><\/h2>\n<h4 data-start=\"213\" data-end=\"306\"><strong>A curated selection of extra virgin olive oils to discover the excellence of the Subb\u00e9tica.<\/strong><\/h4>\n<p data-start=\"373\" data-end=\"658\">The <strong data-start=\"376\" data-end=\"396\">Tasting Pack<\/strong> includes <strong data-start=\"405\" data-end=\"434\">four 100 ml bottles<\/strong> that capture the essence and diversity of the extra virgin olive oils from Almazaras de la Subb\u00e9tica. An ideal choice for gifting or for those beginning their journey into the world of premium EVOO, presented in a practical and elegant format.<\/p>\n<p data-start=\"660\" data-end=\"876\"><strong data-start=\"660\" data-end=\"695\">Rinc\u00f3n de la Subb\u00e9tica (100 ml)<\/strong><br data-start=\"695\" data-end=\"698\" \/>An organic extra virgin olive oil crafted in the first days of the harvest. A masterpiece for the most discerning palates, it is a gastronomic journey into the essence of organic EVOO.<\/p>\n<p data-start=\"878\" data-end=\"1040\"><strong data-start=\"878\" data-end=\"912\">Parqueoliva Gold Series (100 ml)<\/strong><br data-start=\"912\" data-end=\"915\" \/>A true gem born from the blend of Picuda and Hojiblanca olives. Fruity, balanced, and full of personality.<\/p>\n<p data-start=\"1042\" data-end=\"1196\"><strong data-start=\"1042\" data-end=\"1074\">Almaoliva Arbequino (100 ml)<\/strong><br data-start=\"1074\" data-end=\"1077\" \/>An EVOO from the Arbequina variety, with surprising nuances in aroma and flavor. Defined personality and a persistent finish.<\/p>\n<p data-start=\"1198\" data-end=\"1337\"><strong data-start=\"1198\" data-end=\"1224\">Almaoliva BIO (100 ml)<\/strong><br data-start=\"1224\" data-end=\"1227\" \/>An organic olive oil that is harmonious and balanced, created for those who value quality and respect for origin.<\/p>\n","protected":false},"featured_media":20591,"comment_status":"closed","ping_status":"closed","template":"","meta":{"_acf_changed":false},"product_brand":[305,303,300],"product_cat":[236,235,228],"product_tag":[],"class_list":{"0":"post-22145","1":"product","2":"type-product","3":"status-publish","4":"has-post-thumbnail","6":"product_brand-arbequino-en","7":"product_brand-serie-oro-en","8":"product_brand-rincon-de-la-subbetica-en","9":"product_cat-award-winning","10":"product_cat-featured","11":"product_cat-gift-sets","13":"first","14":"instock","15":"featured","16":"taxable","17":"shipping-taxable","18":"purchasable","19":"product-type-simple"},"acf":[],"yoast_head":"<!-- This site is optimized with the Yoast SEO plugin v27.4 - https:\/\/yoast.com\/product\/yoast-seo-wordpress\/ -->\n<title>Tasting Pack Best EVOOs from Almazaras de la Subb\u00e9tica<\/title>\n<meta name=\"description\" content=\"Buy this extra virgin olive oil pack online, the perfect choice for those who want to taste the world\u2019s most awarded oils.\" \/>\n<meta name=\"robots\" content=\"index, follow, max-snippet:-1, max-image-preview:large, max-video-preview:-1\" \/>\n<link rel=\"canonical\" href=\"https:\/\/almazarasdelasubbetica.com\/en\/products\/tasting-pack\/\" \/>\n<meta property=\"og:locale\" content=\"en_US\" \/>\n<meta property=\"og:type\" content=\"article\" \/>\n<meta property=\"og:title\" content=\"Tasting Pack Best EVOOs from Almazaras de la Subb\u00e9tica\" \/>\n<meta property=\"og:description\" content=\"Buy this extra virgin olive oil pack online, the perfect choice for those who want to taste the world\u2019s most awarded oils.\" \/>\n<meta property=\"og:url\" content=\"https:\/\/almazarasdelasubbetica.com\/en\/products\/tasting-pack\/\" \/>\n<meta property=\"og:site_name\" content=\"Almazaras de la Subb\u00e9tica | Tienda Online de AOVE Premiado\" \/>\n<meta property=\"article:publisher\" content=\"https:\/\/www.facebook.com\/almazarasdelasubbetica\/\" \/>\n<meta property=\"article:modified_time\" content=\"2025-08-26T11:10:31+00:00\" \/>\n<meta property=\"og:image\" content=\"https:\/\/almazarasdelasubbetica.com\/wp-content\/uploads\/2022\/02\/pack-degustacion-2.jpg\" \/>\n\t<meta property=\"og:image:width\" content=\"1000\" \/>\n\t<meta property=\"og:image:height\" content=\"750\" \/>\n\t<meta property=\"og:image:type\" content=\"image\/jpeg\" \/>\n<meta name=\"twitter:card\" content=\"summary_large_image\" \/>\n<meta name=\"twitter:site\" content=\"@almasubbetica\" \/>\n<meta name=\"twitter:label1\" content=\"Est. reading time\" \/>\n\t<meta name=\"twitter:data1\" content=\"2 minutes\" \/>\n<script type=\"application\/ld+json\" class=\"yoast-schema-graph\">{\"@context\":\"https:\\\/\\\/schema.org\",\"@graph\":[{\"@type\":\"WebPage\",\"@id\":\"https:\\\/\\\/almazarasdelasubbetica.com\\\/en\\\/products\\\/tasting-pack\\\/\",\"url\":\"https:\\\/\\\/almazarasdelasubbetica.com\\\/en\\\/products\\\/tasting-pack\\\/\",\"name\":\"Tasting Pack Best EVOOs from Almazaras de la Subb\u00e9tica\",\"isPartOf\":{\"@id\":\"https:\\\/\\\/almazarasdelasubbetica.com\\\/en\\\/#website\"},\"primaryImageOfPage\":{\"@id\":\"https:\\\/\\\/almazarasdelasubbetica.com\\\/en\\\/products\\\/tasting-pack\\\/#primaryimage\"},\"image\":{\"@id\":\"https:\\\/\\\/almazarasdelasubbetica.com\\\/en\\\/products\\\/tasting-pack\\\/#primaryimage\"},\"thumbnailUrl\":\"https:\\\/\\\/almazarasdelasubbetica.com\\\/wp-content\\\/uploads\\\/2022\\\/02\\\/pack-degustacion-2.jpg\",\"datePublished\":\"2024-10-11T10:46:45+00:00\",\"dateModified\":\"2025-08-26T11:10:31+00:00\",\"description\":\"Buy this extra virgin olive oil pack online, the perfect choice for those who want to taste the world\u2019s most awarded oils.\",\"breadcrumb\":{\"@id\":\"https:\\\/\\\/almazarasdelasubbetica.com\\\/en\\\/products\\\/tasting-pack\\\/#breadcrumb\"},\"inLanguage\":\"en-US\",\"potentialAction\":[{\"@type\":\"ReadAction\",\"target\":[\"https:\\\/\\\/almazarasdelasubbetica.com\\\/en\\\/products\\\/tasting-pack\\\/\"]}]},{\"@type\":\"ImageObject\",\"inLanguage\":\"en-US\",\"@id\":\"https:\\\/\\\/almazarasdelasubbetica.com\\\/en\\\/products\\\/tasting-pack\\\/#primaryimage\",\"url\":\"https:\\\/\\\/almazarasdelasubbetica.com\\\/wp-content\\\/uploads\\\/2022\\\/02\\\/pack-degustacion-2.jpg\",\"contentUrl\":\"https:\\\/\\\/almazarasdelasubbetica.com\\\/wp-content\\\/uploads\\\/2022\\\/02\\\/pack-degustacion-2.jpg\",\"width\":1000,\"height\":750,\"caption\":\"Pack Degustaci\u00f3n mejores Aceites de Oliva Virgen Extra de Almazaras de la Subb\u00e9tica\"},{\"@type\":\"BreadcrumbList\",\"@id\":\"https:\\\/\\\/almazarasdelasubbetica.com\\\/en\\\/products\\\/tasting-pack\\\/#breadcrumb\",\"itemListElement\":[{\"@type\":\"ListItem\",\"position\":1,\"name\":\"Portada\",\"item\":\"https:\\\/\\\/almazarasdelasubbetica.com\\\/en\\\/\"},{\"@type\":\"ListItem\",\"position\":2,\"name\":\"Shop\",\"item\":\"https:\\\/\\\/almazarasdelasubbetica.com\\\/tienda\\\/\"},{\"@type\":\"ListItem\",\"position\":3,\"name\":\"Tasting Pack\"}]},{\"@type\":\"WebSite\",\"@id\":\"https:\\\/\\\/almazarasdelasubbetica.com\\\/en\\\/#website\",\"url\":\"https:\\\/\\\/almazarasdelasubbetica.com\\\/en\\\/\",\"name\":\"Almazaras de la Subb\u00e9tica - Aceite de Oliva Virgen Extra\",\"description\":\"Almazaras de la Subb\u00e9tica: aceites de oliva virgen extra premiados mundialmente, disponibles online bajo las marcas Rinc\u00f3n de la Subb\u00e9tica, Parqueoliva y Almaoliva.\",\"publisher\":{\"@id\":\"https:\\\/\\\/almazarasdelasubbetica.com\\\/en\\\/#organization\"},\"alternateName\":\"Almazaras de la Subb\u00e9tica\",\"potentialAction\":[{\"@type\":\"SearchAction\",\"target\":{\"@type\":\"EntryPoint\",\"urlTemplate\":\"https:\\\/\\\/almazarasdelasubbetica.com\\\/en\\\/?s={search_term_string}\"},\"query-input\":{\"@type\":\"PropertyValueSpecification\",\"valueRequired\":true,\"valueName\":\"search_term_string\"}}],\"inLanguage\":\"en-US\"},{\"@type\":\"Organization\",\"@id\":\"https:\\\/\\\/almazarasdelasubbetica.com\\\/en\\\/#organization\",\"name\":\"Almazaras de la Subb\u00e9tica, S.C.A.\",\"url\":\"https:\\\/\\\/almazarasdelasubbetica.com\\\/en\\\/\",\"logo\":{\"@type\":\"ImageObject\",\"inLanguage\":\"en-US\",\"@id\":\"https:\\\/\\\/almazarasdelasubbetica.com\\\/en\\\/#\\\/schema\\\/logo\\\/image\\\/\",\"url\":\"https:\\\/\\\/almazarasdelasubbetica.com\\\/wp-content\\\/uploads\\\/2024\\\/11\\\/alma-logo.jpg\",\"contentUrl\":\"https:\\\/\\\/almazarasdelasubbetica.com\\\/wp-content\\\/uploads\\\/2024\\\/11\\\/alma-logo.jpg\",\"width\":220,\"height\":48,\"caption\":\"Almazaras de la Subb\u00e9tica, S.C.A.\"},\"image\":{\"@id\":\"https:\\\/\\\/almazarasdelasubbetica.com\\\/en\\\/#\\\/schema\\\/logo\\\/image\\\/\"},\"sameAs\":[\"https:\\\/\\\/www.facebook.com\\\/almazarasdelasubbetica\\\/\",\"https:\\\/\\\/x.com\\\/almasubbetica\",\"https:\\\/\\\/www.instagram.com\\\/almasubbetica\\\/\",\"https:\\\/\\\/www.linkedin.com\\\/company\\\/almazarasdelasubbetica\\\/\",\"https:\\\/\\\/www.tiktok.com\\\/@almasubbetica\"]}]}<\/script>\n<!-- \/ Yoast SEO plugin. -->","yoast_head_json":{"title":"Tasting Pack Best EVOOs from Almazaras de la Subb\u00e9tica","description":"Buy this extra virgin olive oil pack online, the perfect choice for those who want to taste the world\u2019s most awarded oils.","robots":{"index":"index","follow":"follow","max-snippet":"max-snippet:-1","max-image-preview":"max-image-preview:large","max-video-preview":"max-video-preview:-1"},"canonical":"https:\/\/almazarasdelasubbetica.com\/en\/products\/tasting-pack\/","og_locale":"en_US","og_type":"article","og_title":"Tasting Pack Best EVOOs from Almazaras de la Subb\u00e9tica","og_description":"Buy this extra virgin olive oil pack online, the perfect choice for those who want to taste the world\u2019s most awarded oils.","og_url":"https:\/\/almazarasdelasubbetica.com\/en\/products\/tasting-pack\/","og_site_name":"Almazaras de la Subb\u00e9tica | Tienda Online de AOVE Premiado","article_publisher":"https:\/\/www.facebook.com\/almazarasdelasubbetica\/","article_modified_time":"2025-08-26T11:10:31+00:00","og_image":[{"width":1000,"height":750,"url":"https:\/\/almazarasdelasubbetica.com\/wp-content\/uploads\/2022\/02\/pack-degustacion-2.jpg","type":"image\/jpeg"}],"twitter_card":"summary_large_image","twitter_site":"@almasubbetica","twitter_misc":{"Est. reading time":"2 minutes"},"schema":{"@context":"https:\/\/schema.org","@graph":[{"@type":"WebPage","@id":"https:\/\/almazarasdelasubbetica.com\/en\/products\/tasting-pack\/","url":"https:\/\/almazarasdelasubbetica.com\/en\/products\/tasting-pack\/","name":"Tasting Pack Best EVOOs from Almazaras de la Subb\u00e9tica","isPartOf":{"@id":"https:\/\/almazarasdelasubbetica.com\/en\/#website"},"primaryImageOfPage":{"@id":"https:\/\/almazarasdelasubbetica.com\/en\/products\/tasting-pack\/#primaryimage"},"image":{"@id":"https:\/\/almazarasdelasubbetica.com\/en\/products\/tasting-pack\/#primaryimage"},"thumbnailUrl":"https:\/\/almazarasdelasubbetica.com\/wp-content\/uploads\/2022\/02\/pack-degustacion-2.jpg","datePublished":"2024-10-11T10:46:45+00:00","dateModified":"2025-08-26T11:10:31+00:00","description":"Buy this extra virgin olive oil pack online, the perfect choice for those who want to taste the world\u2019s most awarded oils.","breadcrumb":{"@id":"https:\/\/almazarasdelasubbetica.com\/en\/products\/tasting-pack\/#breadcrumb"},"inLanguage":"en-US","potentialAction":[{"@type":"ReadAction","target":["https:\/\/almazarasdelasubbetica.com\/en\/products\/tasting-pack\/"]}]},{"@type":"ImageObject","inLanguage":"en-US","@id":"https:\/\/almazarasdelasubbetica.com\/en\/products\/tasting-pack\/#primaryimage","url":"https:\/\/almazarasdelasubbetica.com\/wp-content\/uploads\/2022\/02\/pack-degustacion-2.jpg","contentUrl":"https:\/\/almazarasdelasubbetica.com\/wp-content\/uploads\/2022\/02\/pack-degustacion-2.jpg","width":1000,"height":750,"caption":"Pack Degustaci\u00f3n mejores Aceites de Oliva Virgen Extra de Almazaras de la Subb\u00e9tica"},{"@type":"BreadcrumbList","@id":"https:\/\/almazarasdelasubbetica.com\/en\/products\/tasting-pack\/#breadcrumb","itemListElement":[{"@type":"ListItem","position":1,"name":"Portada","item":"https:\/\/almazarasdelasubbetica.com\/en\/"},{"@type":"ListItem","position":2,"name":"Shop","item":"https:\/\/almazarasdelasubbetica.com\/tienda\/"},{"@type":"ListItem","position":3,"name":"Tasting Pack"}]},{"@type":"WebSite","@id":"https:\/\/almazarasdelasubbetica.com\/en\/#website","url":"https:\/\/almazarasdelasubbetica.com\/en\/","name":"Almazaras de la Subb\u00e9tica - Aceite de Oliva Virgen Extra","description":"Almazaras de la Subb\u00e9tica: aceites de oliva virgen extra premiados mundialmente, disponibles online bajo las marcas Rinc\u00f3n de la Subb\u00e9tica, Parqueoliva y Almaoliva.","publisher":{"@id":"https:\/\/almazarasdelasubbetica.com\/en\/#organization"},"alternateName":"Almazaras de la Subb\u00e9tica","potentialAction":[{"@type":"SearchAction","target":{"@type":"EntryPoint","urlTemplate":"https:\/\/almazarasdelasubbetica.com\/en\/?s={search_term_string}"},"query-input":{"@type":"PropertyValueSpecification","valueRequired":true,"valueName":"search_term_string"}}],"inLanguage":"en-US"},{"@type":"Organization","@id":"https:\/\/almazarasdelasubbetica.com\/en\/#organization","name":"Almazaras de la Subb\u00e9tica, S.C.A.","url":"https:\/\/almazarasdelasubbetica.com\/en\/","logo":{"@type":"ImageObject","inLanguage":"en-US","@id":"https:\/\/almazarasdelasubbetica.com\/en\/#\/schema\/logo\/image\/","url":"https:\/\/almazarasdelasubbetica.com\/wp-content\/uploads\/2024\/11\/alma-logo.jpg","contentUrl":"https:\/\/almazarasdelasubbetica.com\/wp-content\/uploads\/2024\/11\/alma-logo.jpg","width":220,"height":48,"caption":"Almazaras de la Subb\u00e9tica, S.C.A."},"image":{"@id":"https:\/\/almazarasdelasubbetica.com\/en\/#\/schema\/logo\/image\/"},"sameAs":["https:\/\/www.facebook.com\/almazarasdelasubbetica\/","https:\/\/x.com\/almasubbetica","https:\/\/www.instagram.com\/almasubbetica\/","https:\/\/www.linkedin.com\/company\/almazarasdelasubbetica\/","https:\/\/www.tiktok.com\/@almasubbetica"]}]}},"_links":{"self":[{"href":"https:\/\/almazarasdelasubbetica.com\/en\/wp-json\/wp\/v2\/product\/22145","targetHints":{"allow":["GET"]}}],"collection":[{"href":"https:\/\/almazarasdelasubbetica.com\/en\/wp-json\/wp\/v2\/product"}],"about":[{"href":"https:\/\/almazarasdelasubbetica.com\/en\/wp-json\/wp\/v2\/types\/product"}],"replies":[{"embeddable":true,"href":"https:\/\/almazarasdelasubbetica.com\/en\/wp-json\/wp\/v2\/comments?post=22145"}],"version-history":[{"count":2,"href":"https:\/\/almazarasdelasubbetica.com\/en\/wp-json\/wp\/v2\/product\/22145\/revisions"}],"predecessor-version":[{"id":22147,"href":"https:\/\/almazarasdelasubbetica.com\/en\/wp-json\/wp\/v2\/product\/22145\/revisions\/22147"}],"wp:featuredmedia":[{"embeddable":true,"href":"https:\/\/almazarasdelasubbetica.com\/en\/wp-json\/wp\/v2\/media\/20591"}],"wp:attachment":[{"href":"https:\/\/almazarasdelasubbetica.com\/en\/wp-json\/wp\/v2\/media?parent=22145"}],"wp:term":[{"taxonomy":"product_brand","embeddable":true,"href":"https:\/\/almazarasdelasubbetica.com\/en\/wp-json\/wp\/v2\/product_brand?post=22145"},{"taxonomy":"product_cat","embeddable":true,"href":"https:\/\/almazarasdelasubbetica.com\/en\/wp-json\/wp\/v2\/product_cat?post=22145"},{"taxonomy":"product_tag","embeddable":true,"href":"https:\/\/almazarasdelasubbetica.com\/en\/wp-json\/wp\/v2\/product_tag?post=22145"}],"curies":[{"name":"wp","href":"https:\/\/api.w.org\/{rel}","templated":true}]}}