{"id":20948,"date":"2024-10-10T12:05:34","date_gmt":"2024-10-10T10:05:34","guid":{"rendered":"https:\/\/almazarasdelasubbetica.com\/productos\/patatas-de-san-nicasio\/"},"modified":"2025-10-30T16:05:37","modified_gmt":"2025-10-30T15:05:37","slug":"san-nicasio-potato-chips","status":"publish","type":"product","link":"https:\/\/almazarasdelasubbetica.com\/en\/products\/san-nicasio-potato-chips\/","title":{"rendered":"San Nicasio Potato Chips"},"content":{"rendered":"<h3 class=\"vc_custom_heading\">TECHNICAL INFORMATION<\/h3>\n<div class=\"wpb_text_column\">\n<div class=\"wpb_wrapper\">\n<h4>TRADEMARK<\/h4>\n<p>San Nicasio Potato Chips.<\/p>\n<h4>COMMERCIAL PRODUCT NAME<\/h4>\n<p>Potato Chips HS CODE: 2005202000<\/p>\n<h4>CLASSIFICATION ACCORDING TO LEGISLATION<\/h4>\n<p>Potato chips. Product obtained from healthy potatoes, without signs of greening, peeled, cut, and fried in edible vegetable oils and fats. (Royal Decree 126\/1989 of February 3rd).<\/p>\n<h4>DEFINITION<\/h4>\n<p>Product obtained from healthy potatoes, peeled, washed, cut, and fried in extra virgin olive oil PDO Priego de C\u00f3rdoba.<\/p>\n<h4>QUALITATIVE COMPOSITION<\/h4>\n<p>Potatoes (59.2%), Extra virgin olive oil (40%), Salt (0.8%).<\/p>\n<h4>PROCESS DESCRIPTION<\/h4>\n<p>Reception of raw materials and ingredients, storage in the appropriate place until used in the preparation of the product: peeling and washing of the potato; cutting and frying; cooling and seasoning (or not) prior to packaging; packaging, storage, and sale.<\/p>\n<h4>PRESENTATION<\/h4>\n<p>Shape: circular; Color: yellow; Texture: crunchy.<\/p>\n<h4>PACKAGING<\/h4>\n<p>Container characteristics: laminated composite material. Formats: 40g and 150g. Packaging characteristics: cardboard box for 24 and 14 units.<\/p>\n<h4>LABELING<\/h4>\n<p>See label.<\/p>\n<h4>STORAGE CONDITIONS<\/h4>\n<p>Keep in a cool, dry place.<\/p>\n<h4>TRANSPORT CONDITIONS<\/h4>\n<p>Transport in a suitable container that ensures the maintenance of the product\u2019s optimal conditions while complying with the indicated storage requirements.<\/p>\n<h4>FINAL DESTINATION OF THE PRODUCT<\/h4>\n<p>Domestic market, European Union, and worldwide export.<\/p>\n<h4>LOT NUMBER CHARACTERISTICS<\/h4>\n<p>Two digits corresponding to the production week of the year.<\/p>\n<h4>BEST BEFORE DATE<\/h4>\n<p>The best before date is indicated on the label next to the lot number in European format (dd\/mm\/yyyy) or American format (yyyy\/mm\/dd), depending on the requirements of the destination country. According to legislation, the manufacturing date may also be included in the same format.<\/p>\n<h4>PRODUCT SHELF LIFE<\/h4>\n<p>10 months from the packaging date. Packaged in a protective atmosphere.<\/p>\n","protected":false},"excerpt":{"rendered":"<h1>SAN NICASIO POTATO CHIPS<\/h1>\n<h2 data-start=\"142\" data-end=\"211\"><span style=\"color: #7db51e;\"><em>Gourmet excellence in every crunch.<\/em><\/span><\/h2>\n<h4 data-start=\"213\" data-end=\"306\"><strong>Made with EVOO PDO Priego de C\u00f3rdoba and Himalayan pink salt.<\/strong><\/h4>\n<p data-start=\"373\" data-end=\"658\"><strong data-start=\"328\" data-end=\"358\">San Nicasio Potato Chips<\/strong> are a gourmet product renowned for their <strong data-start=\"401\" data-end=\"438\">quality, simplicity, and authenticity<\/strong>. They are slowly cooked using <strong data-start=\"470\" data-end=\"504\">non-GMO Spanish potatoes<\/strong>, <strong data-start=\"506\" data-end=\"583\">extra virgin olive oil with Protected Designation of Origin Priego de C\u00f3rdoba<\/strong> produced by Almazaras de la Subb\u00e9tica, and <strong data-start=\"626\" data-end=\"651\">Himalayan pink salt<\/strong>. Their airtight packaging, in the iconic pink bag, preserves freshness and extends shelf life. Free from preservatives, additives, and added sugars, they are suitable for people with intolerances. Ideal for gourmet stores, hotels, and haute cuisine.<\/p>\n","protected":false},"featured_media":25100,"comment_status":"closed","ping_status":"closed","template":"","meta":{"_acf_changed":false},"product_brand":[306],"product_cat":[333,278],"product_tag":[],"class_list":{"0":"post-20948","1":"product","2":"type-product","3":"status-publish","4":"has-post-thumbnail","6":"product_brand-san-nicasio-en","7":"product_cat-cooking","8":"product_cat-chips","10":"first","11":"instock","12":"featured","13":"taxable","14":"shipping-taxable","15":"purchasable","16":"product-type-variable","17":"has-default-attributes"},"acf":[],"yoast_head":"<!-- This site is optimized with the Yoast SEO plugin v27.3 - https:\/\/yoast.com\/product\/yoast-seo-wordpress\/ -->\n<title>San Nicasio Potato Chips | Almazaras de la Subb\u00e9tica | Tienda Online de AOVE Premiado<\/title>\n<meta name=\"description\" content=\"Buy San Nicasio Potato Chips fried in Extra Virgin Olive Oil with Protected Designation of Origin Priego de C\u00f3rdoba, crafted by Almazaras de la Subb\u00e9tica\" \/>\n<meta name=\"robots\" content=\"index, follow, max-snippet:-1, max-image-preview:large, max-video-preview:-1\" \/>\n<link rel=\"canonical\" href=\"https:\/\/almazarasdelasubbetica.com\/en\/products\/san-nicasio-potato-chips\/\" \/>\n<meta property=\"og:locale\" content=\"en_US\" \/>\n<meta property=\"og:type\" content=\"article\" \/>\n<meta property=\"og:title\" content=\"San Nicasio Potato Chips | Almazaras de la Subb\u00e9tica | Tienda Online de AOVE Premiado\" \/>\n<meta property=\"og:description\" content=\"Buy San Nicasio Potato Chips fried in Extra Virgin Olive Oil with Protected Designation of Origin Priego de C\u00f3rdoba, crafted by Almazaras de la Subb\u00e9tica\" \/>\n<meta property=\"og:url\" content=\"https:\/\/almazarasdelasubbetica.com\/en\/products\/san-nicasio-potato-chips\/\" \/>\n<meta property=\"og:site_name\" content=\"Almazaras de la Subb\u00e9tica | Tienda Online de AOVE Premiado\" \/>\n<meta property=\"article:publisher\" content=\"https:\/\/www.facebook.com\/almazarasdelasubbetica\/\" \/>\n<meta property=\"article:modified_time\" content=\"2025-10-30T15:05:37+00:00\" \/>\n<meta property=\"og:image\" content=\"https:\/\/almazarasdelasubbetica.com\/wp-content\/uploads\/2024\/10\/San-Nicasio-Aceite-de-Olive-Himalaya-copia-scaled.jpg\" \/>\n\t<meta property=\"og:image:width\" content=\"2560\" \/>\n\t<meta property=\"og:image:height\" content=\"1707\" \/>\n\t<meta property=\"og:image:type\" content=\"image\/jpeg\" \/>\n<meta name=\"twitter:card\" content=\"summary_large_image\" \/>\n<meta name=\"twitter:site\" content=\"@almasubbetica\" \/>\n<meta name=\"twitter:label1\" content=\"Est. reading time\" \/>\n\t<meta name=\"twitter:data1\" content=\"2 minutes\" \/>\n<script type=\"application\/ld+json\" class=\"yoast-schema-graph\">{\"@context\":\"https:\\\/\\\/schema.org\",\"@graph\":[{\"@type\":\"WebPage\",\"@id\":\"https:\\\/\\\/almazarasdelasubbetica.com\\\/en\\\/products\\\/san-nicasio-potato-chips\\\/\",\"url\":\"https:\\\/\\\/almazarasdelasubbetica.com\\\/en\\\/products\\\/san-nicasio-potato-chips\\\/\",\"name\":\"San Nicasio Potato Chips | Almazaras de la Subb\u00e9tica | Tienda Online de AOVE Premiado\",\"isPartOf\":{\"@id\":\"https:\\\/\\\/almazarasdelasubbetica.com\\\/en\\\/#website\"},\"primaryImageOfPage\":{\"@id\":\"https:\\\/\\\/almazarasdelasubbetica.com\\\/en\\\/products\\\/san-nicasio-potato-chips\\\/#primaryimage\"},\"image\":{\"@id\":\"https:\\\/\\\/almazarasdelasubbetica.com\\\/en\\\/products\\\/san-nicasio-potato-chips\\\/#primaryimage\"},\"thumbnailUrl\":\"https:\\\/\\\/almazarasdelasubbetica.com\\\/wp-content\\\/uploads\\\/2024\\\/10\\\/San-Nicasio-Aceite-de-Olive-Himalaya-copia-scaled.jpg\",\"datePublished\":\"2024-10-10T10:05:34+00:00\",\"dateModified\":\"2025-10-30T15:05:37+00:00\",\"description\":\"Buy San Nicasio Potato Chips fried in Extra Virgin Olive Oil with Protected Designation of Origin Priego de C\u00f3rdoba, crafted by Almazaras de la Subb\u00e9tica\",\"breadcrumb\":{\"@id\":\"https:\\\/\\\/almazarasdelasubbetica.com\\\/en\\\/products\\\/san-nicasio-potato-chips\\\/#breadcrumb\"},\"inLanguage\":\"en-US\",\"potentialAction\":[{\"@type\":\"ReadAction\",\"target\":[\"https:\\\/\\\/almazarasdelasubbetica.com\\\/en\\\/products\\\/san-nicasio-potato-chips\\\/\"]}]},{\"@type\":\"ImageObject\",\"inLanguage\":\"en-US\",\"@id\":\"https:\\\/\\\/almazarasdelasubbetica.com\\\/en\\\/products\\\/san-nicasio-potato-chips\\\/#primaryimage\",\"url\":\"https:\\\/\\\/almazarasdelasubbetica.com\\\/wp-content\\\/uploads\\\/2024\\\/10\\\/San-Nicasio-Aceite-de-Olive-Himalaya-copia-scaled.jpg\",\"contentUrl\":\"https:\\\/\\\/almazarasdelasubbetica.com\\\/wp-content\\\/uploads\\\/2024\\\/10\\\/San-Nicasio-Aceite-de-Olive-Himalaya-copia-scaled.jpg\",\"width\":2560,\"height\":1707},{\"@type\":\"BreadcrumbList\",\"@id\":\"https:\\\/\\\/almazarasdelasubbetica.com\\\/en\\\/products\\\/san-nicasio-potato-chips\\\/#breadcrumb\",\"itemListElement\":[{\"@type\":\"ListItem\",\"position\":1,\"name\":\"Portada\",\"item\":\"https:\\\/\\\/almazarasdelasubbetica.com\\\/en\\\/\"},{\"@type\":\"ListItem\",\"position\":2,\"name\":\"Shop\",\"item\":\"https:\\\/\\\/almazarasdelasubbetica.com\\\/tienda\\\/\"},{\"@type\":\"ListItem\",\"position\":3,\"name\":\"San Nicasio Potato Chips\"}]},{\"@type\":\"WebSite\",\"@id\":\"https:\\\/\\\/almazarasdelasubbetica.com\\\/en\\\/#website\",\"url\":\"https:\\\/\\\/almazarasdelasubbetica.com\\\/en\\\/\",\"name\":\"Almazaras de la Subb\u00e9tica - Aceite de Oliva Virgen Extra\",\"description\":\"Almazaras de la Subb\u00e9tica: aceites de oliva virgen extra premiados mundialmente, disponibles online bajo las marcas Rinc\u00f3n de la Subb\u00e9tica, Parqueoliva y Almaoliva.\",\"publisher\":{\"@id\":\"https:\\\/\\\/almazarasdelasubbetica.com\\\/en\\\/#organization\"},\"alternateName\":\"Almazaras de la Subb\u00e9tica\",\"potentialAction\":[{\"@type\":\"SearchAction\",\"target\":{\"@type\":\"EntryPoint\",\"urlTemplate\":\"https:\\\/\\\/almazarasdelasubbetica.com\\\/en\\\/?s={search_term_string}\"},\"query-input\":{\"@type\":\"PropertyValueSpecification\",\"valueRequired\":true,\"valueName\":\"search_term_string\"}}],\"inLanguage\":\"en-US\"},{\"@type\":\"Organization\",\"@id\":\"https:\\\/\\\/almazarasdelasubbetica.com\\\/en\\\/#organization\",\"name\":\"Almazaras de la Subb\u00e9tica, S.C.A.\",\"url\":\"https:\\\/\\\/almazarasdelasubbetica.com\\\/en\\\/\",\"logo\":{\"@type\":\"ImageObject\",\"inLanguage\":\"en-US\",\"@id\":\"https:\\\/\\\/almazarasdelasubbetica.com\\\/en\\\/#\\\/schema\\\/logo\\\/image\\\/\",\"url\":\"https:\\\/\\\/almazarasdelasubbetica.com\\\/wp-content\\\/uploads\\\/2024\\\/11\\\/alma-logo.jpg\",\"contentUrl\":\"https:\\\/\\\/almazarasdelasubbetica.com\\\/wp-content\\\/uploads\\\/2024\\\/11\\\/alma-logo.jpg\",\"width\":220,\"height\":48,\"caption\":\"Almazaras de la Subb\u00e9tica, S.C.A.\"},\"image\":{\"@id\":\"https:\\\/\\\/almazarasdelasubbetica.com\\\/en\\\/#\\\/schema\\\/logo\\\/image\\\/\"},\"sameAs\":[\"https:\\\/\\\/www.facebook.com\\\/almazarasdelasubbetica\\\/\",\"https:\\\/\\\/x.com\\\/almasubbetica\",\"https:\\\/\\\/www.instagram.com\\\/almasubbetica\\\/\",\"https:\\\/\\\/www.linkedin.com\\\/company\\\/almazarasdelasubbetica\\\/\",\"https:\\\/\\\/www.tiktok.com\\\/@almasubbetica\"]}]}<\/script>\n<!-- \/ Yoast SEO plugin. -->","yoast_head_json":{"title":"San Nicasio Potato Chips | Almazaras de la Subb\u00e9tica | Tienda Online de AOVE Premiado","description":"Buy San Nicasio Potato Chips fried in Extra Virgin Olive Oil with Protected Designation of Origin Priego de C\u00f3rdoba, crafted by Almazaras de la Subb\u00e9tica","robots":{"index":"index","follow":"follow","max-snippet":"max-snippet:-1","max-image-preview":"max-image-preview:large","max-video-preview":"max-video-preview:-1"},"canonical":"https:\/\/almazarasdelasubbetica.com\/en\/products\/san-nicasio-potato-chips\/","og_locale":"en_US","og_type":"article","og_title":"San Nicasio Potato Chips | Almazaras de la Subb\u00e9tica | Tienda Online de AOVE Premiado","og_description":"Buy San Nicasio Potato Chips fried in Extra Virgin Olive Oil with Protected Designation of Origin Priego de C\u00f3rdoba, crafted by Almazaras de la Subb\u00e9tica","og_url":"https:\/\/almazarasdelasubbetica.com\/en\/products\/san-nicasio-potato-chips\/","og_site_name":"Almazaras de la Subb\u00e9tica | Tienda Online de AOVE Premiado","article_publisher":"https:\/\/www.facebook.com\/almazarasdelasubbetica\/","article_modified_time":"2025-10-30T15:05:37+00:00","og_image":[{"width":2560,"height":1707,"url":"https:\/\/almazarasdelasubbetica.com\/wp-content\/uploads\/2024\/10\/San-Nicasio-Aceite-de-Olive-Himalaya-copia-scaled.jpg","type":"image\/jpeg"}],"twitter_card":"summary_large_image","twitter_site":"@almasubbetica","twitter_misc":{"Est. reading time":"2 minutes"},"schema":{"@context":"https:\/\/schema.org","@graph":[{"@type":"WebPage","@id":"https:\/\/almazarasdelasubbetica.com\/en\/products\/san-nicasio-potato-chips\/","url":"https:\/\/almazarasdelasubbetica.com\/en\/products\/san-nicasio-potato-chips\/","name":"San Nicasio Potato Chips | Almazaras de la Subb\u00e9tica | Tienda Online de AOVE Premiado","isPartOf":{"@id":"https:\/\/almazarasdelasubbetica.com\/en\/#website"},"primaryImageOfPage":{"@id":"https:\/\/almazarasdelasubbetica.com\/en\/products\/san-nicasio-potato-chips\/#primaryimage"},"image":{"@id":"https:\/\/almazarasdelasubbetica.com\/en\/products\/san-nicasio-potato-chips\/#primaryimage"},"thumbnailUrl":"https:\/\/almazarasdelasubbetica.com\/wp-content\/uploads\/2024\/10\/San-Nicasio-Aceite-de-Olive-Himalaya-copia-scaled.jpg","datePublished":"2024-10-10T10:05:34+00:00","dateModified":"2025-10-30T15:05:37+00:00","description":"Buy San Nicasio Potato Chips fried in Extra Virgin Olive Oil with Protected Designation of Origin Priego de C\u00f3rdoba, crafted by Almazaras de la Subb\u00e9tica","breadcrumb":{"@id":"https:\/\/almazarasdelasubbetica.com\/en\/products\/san-nicasio-potato-chips\/#breadcrumb"},"inLanguage":"en-US","potentialAction":[{"@type":"ReadAction","target":["https:\/\/almazarasdelasubbetica.com\/en\/products\/san-nicasio-potato-chips\/"]}]},{"@type":"ImageObject","inLanguage":"en-US","@id":"https:\/\/almazarasdelasubbetica.com\/en\/products\/san-nicasio-potato-chips\/#primaryimage","url":"https:\/\/almazarasdelasubbetica.com\/wp-content\/uploads\/2024\/10\/San-Nicasio-Aceite-de-Olive-Himalaya-copia-scaled.jpg","contentUrl":"https:\/\/almazarasdelasubbetica.com\/wp-content\/uploads\/2024\/10\/San-Nicasio-Aceite-de-Olive-Himalaya-copia-scaled.jpg","width":2560,"height":1707},{"@type":"BreadcrumbList","@id":"https:\/\/almazarasdelasubbetica.com\/en\/products\/san-nicasio-potato-chips\/#breadcrumb","itemListElement":[{"@type":"ListItem","position":1,"name":"Portada","item":"https:\/\/almazarasdelasubbetica.com\/en\/"},{"@type":"ListItem","position":2,"name":"Shop","item":"https:\/\/almazarasdelasubbetica.com\/tienda\/"},{"@type":"ListItem","position":3,"name":"San Nicasio Potato Chips"}]},{"@type":"WebSite","@id":"https:\/\/almazarasdelasubbetica.com\/en\/#website","url":"https:\/\/almazarasdelasubbetica.com\/en\/","name":"Almazaras de la Subb\u00e9tica - Aceite de Oliva Virgen Extra","description":"Almazaras de la Subb\u00e9tica: aceites de oliva virgen extra premiados mundialmente, disponibles online bajo las marcas Rinc\u00f3n de la Subb\u00e9tica, Parqueoliva y Almaoliva.","publisher":{"@id":"https:\/\/almazarasdelasubbetica.com\/en\/#organization"},"alternateName":"Almazaras de la Subb\u00e9tica","potentialAction":[{"@type":"SearchAction","target":{"@type":"EntryPoint","urlTemplate":"https:\/\/almazarasdelasubbetica.com\/en\/?s={search_term_string}"},"query-input":{"@type":"PropertyValueSpecification","valueRequired":true,"valueName":"search_term_string"}}],"inLanguage":"en-US"},{"@type":"Organization","@id":"https:\/\/almazarasdelasubbetica.com\/en\/#organization","name":"Almazaras de la Subb\u00e9tica, S.C.A.","url":"https:\/\/almazarasdelasubbetica.com\/en\/","logo":{"@type":"ImageObject","inLanguage":"en-US","@id":"https:\/\/almazarasdelasubbetica.com\/en\/#\/schema\/logo\/image\/","url":"https:\/\/almazarasdelasubbetica.com\/wp-content\/uploads\/2024\/11\/alma-logo.jpg","contentUrl":"https:\/\/almazarasdelasubbetica.com\/wp-content\/uploads\/2024\/11\/alma-logo.jpg","width":220,"height":48,"caption":"Almazaras de la Subb\u00e9tica, S.C.A."},"image":{"@id":"https:\/\/almazarasdelasubbetica.com\/en\/#\/schema\/logo\/image\/"},"sameAs":["https:\/\/www.facebook.com\/almazarasdelasubbetica\/","https:\/\/x.com\/almasubbetica","https:\/\/www.instagram.com\/almasubbetica\/","https:\/\/www.linkedin.com\/company\/almazarasdelasubbetica\/","https:\/\/www.tiktok.com\/@almasubbetica"]}]}},"_links":{"self":[{"href":"https:\/\/almazarasdelasubbetica.com\/en\/wp-json\/wp\/v2\/product\/20948","targetHints":{"allow":["GET"]}}],"collection":[{"href":"https:\/\/almazarasdelasubbetica.com\/en\/wp-json\/wp\/v2\/product"}],"about":[{"href":"https:\/\/almazarasdelasubbetica.com\/en\/wp-json\/wp\/v2\/types\/product"}],"replies":[{"embeddable":true,"href":"https:\/\/almazarasdelasubbetica.com\/en\/wp-json\/wp\/v2\/comments?post=20948"}],"version-history":[{"count":3,"href":"https:\/\/almazarasdelasubbetica.com\/en\/wp-json\/wp\/v2\/product\/20948\/revisions"}],"predecessor-version":[{"id":22119,"href":"https:\/\/almazarasdelasubbetica.com\/en\/wp-json\/wp\/v2\/product\/20948\/revisions\/22119"}],"wp:featuredmedia":[{"embeddable":true,"href":"https:\/\/almazarasdelasubbetica.com\/en\/wp-json\/wp\/v2\/media\/25100"}],"wp:attachment":[{"href":"https:\/\/almazarasdelasubbetica.com\/en\/wp-json\/wp\/v2\/media?parent=20948"}],"wp:term":[{"taxonomy":"product_brand","embeddable":true,"href":"https:\/\/almazarasdelasubbetica.com\/en\/wp-json\/wp\/v2\/product_brand?post=20948"},{"taxonomy":"product_cat","embeddable":true,"href":"https:\/\/almazarasdelasubbetica.com\/en\/wp-json\/wp\/v2\/product_cat?post=20948"},{"taxonomy":"product_tag","embeddable":true,"href":"https:\/\/almazarasdelasubbetica.com\/en\/wp-json\/wp\/v2\/product_tag?post=20948"}],"curies":[{"name":"wp","href":"https:\/\/api.w.org\/{rel}","templated":true}]}}