{"id":20939,"date":"2024-10-11T12:47:27","date_gmt":"2024-10-11T10:47:27","guid":{"rendered":"https:\/\/almazarasdelasubbetica.com\/productos\/las-rentas-del-duque\/"},"modified":"2025-08-26T13:18:24","modified_gmt":"2025-08-26T11:18:24","slug":"the-dukes-estates","status":"publish","type":"product","link":"https:\/\/almazarasdelasubbetica.com\/en\/products\/the-dukes-estates\/","title":{"rendered":"The Duke\u2019s Estates"},"content":{"rendered":"<p>Exquisite for healthy frying.<\/p>\n<p>Perfect for use across different temperature ranges.<\/p>\n<p>Ideal for restaurants and professional preparations. Adds a touch of health and quality to your products.<\/p>\n<h3>&#8220;TECHNICAL INFORMATION&#8221;<\/h3>\n<h4>COMMERCIAL PRODUCT NAME<\/h4>\n<p>Las Rentas del Duque, Extra Virgin Olive Oil.<\/p>\n<h4>QUALITATIVE COMPOSITION<\/h4>\n<p>100% olive juice.<\/p>\n<h4>PROCESS DESCRIPTION<\/h4>\n<p>Reception of the olives, cleaning, washing, and weighing, followed by milling in less than 1 hour after reception. Kneading of the paste and extraction of the extra virgin olive oil through centrifugation. Finally, the resulting extra virgin olive oil is filtered and stored in inert tanks until bottling.<\/p>\n<h4>PHYSICOCHEMICAL CONTROLS<\/h4>\n<p>Regulation (EC) No. 2568\/91. Technical and sanitary regulations of vegetable oils R.D. 308\/83.<\/p>\n<h4>PACKAGING CHARACTERISTICS<\/h4>\n<p>Dark PET.<\/p>\n<h4>LABELING<\/h4>\n<p>See image.<\/p>\n<h4>STORAGE CONDITIONS<\/h4>\n<p>Store protected from light, in a cool and dry environment.<\/p>\n<h4>TRANSPORT CONDITIONS<\/h4>\n<p>Transport in a suitable container that ensures the maintenance of the product\u2019s optimal conditions while complying with the recommended storage requirements.<\/p>\n<h4>LOT NUMBER CHARACTERISTICS<\/h4>\n<p>The lot number corresponds to a packaging reference number indicated on the label.<\/p>\n<h4>BEST BEFORE DATE<\/h4>\n<p>The best before date is indicated on the label in the format (mm\/yy). 18 months from the packaging date.<\/p>\n","protected":false},"excerpt":{"rendered":"<h1 data-start=\"142\" data-end=\"211\"><strong>THE DUKE&#8217;S ESTATES<\/strong><\/h1>\n<h2 data-start=\"142\" data-end=\"211\"><span style=\"color: #7db51e;\"><em>Tradition and nobility in every drop.<\/em><\/span><\/h2>\n<h4 data-start=\"213\" data-end=\"306\"><strong>An early harvest extra virgin olive oil, sourced from historic estates in the Subb\u00e9tica.<\/strong><\/h4>\n<p data-start=\"350\" data-end=\"842\"><strong data-start=\"350\" data-end=\"374\">Las Rentas del Duque<\/strong> is an <strong data-start=\"381\" data-end=\"433\">early harvest extra virgin olive oil<\/strong>, crafted from olives picked at their optimal point of ripeness. This EVOO owes its name to the historic estates where it originates, nestled in the Subb\u00e9tica region, and it offers a balanced and elegant sensory profile. With an intense fruitiness and meticulous production, it is ideal for those seeking <strong data-start=\"745\" data-end=\"779\">quality, origin, and authenticity<\/strong> in every use, whether raw or in culinary creations.<\/p>\n","protected":false},"featured_media":20593,"comment_status":"closed","ping_status":"closed","template":"","meta":{"_acf_changed":false},"product_brand":[],"product_cat":[234],"product_tag":[],"class_list":{"0":"post-20939","1":"product","2":"type-product","3":"status-publish","4":"has-post-thumbnail","6":"product_cat-extra-virgin-olive-oil","8":"first","9":"instock","10":"taxable","11":"shipping-taxable","12":"purchasable","13":"product-type-variable","14":"has-default-attributes"},"acf":[],"yoast_head":"<!-- This site is optimized with the Yoast SEO plugin v27.3 - https:\/\/yoast.com\/product\/yoast-seo-wordpress\/ -->\n<title>Aceite de oliva las Rentas del Duque<\/title>\n<meta name=\"description\" content=\"Las Rentas del Duque has been crafted to offer an exquisite extra virgin olive oil, perfect for healthy frying, in a convenient 5L container.\" \/>\n<meta name=\"robots\" content=\"index, follow, max-snippet:-1, max-image-preview:large, max-video-preview:-1\" \/>\n<link rel=\"canonical\" href=\"https:\/\/almazarasdelasubbetica.com\/en\/products\/the-dukes-estates\/\" \/>\n<meta property=\"og:locale\" content=\"en_US\" \/>\n<meta property=\"og:type\" content=\"article\" \/>\n<meta property=\"og:title\" content=\"Aceite de oliva las Rentas del Duque\" \/>\n<meta property=\"og:description\" content=\"Las Rentas del Duque has been crafted to offer an exquisite extra virgin olive oil, perfect for healthy frying, in a convenient 5L container.\" \/>\n<meta property=\"og:url\" content=\"https:\/\/almazarasdelasubbetica.com\/en\/products\/the-dukes-estates\/\" \/>\n<meta property=\"og:site_name\" content=\"Almazaras de la Subb\u00e9tica | Tienda Online de AOVE Premiado\" \/>\n<meta property=\"article:publisher\" content=\"https:\/\/www.facebook.com\/almazarasdelasubbetica\/\" \/>\n<meta property=\"article:modified_time\" content=\"2025-08-26T11:18:24+00:00\" \/>\n<meta property=\"og:image\" content=\"https:\/\/almazarasdelasubbetica.com\/wp-content\/uploads\/2024\/10\/rentas-del-duque.jpg\" \/>\n\t<meta property=\"og:image:width\" content=\"1000\" \/>\n\t<meta property=\"og:image:height\" content=\"750\" \/>\n\t<meta property=\"og:image:type\" content=\"image\/jpeg\" \/>\n<meta name=\"twitter:card\" content=\"summary_large_image\" \/>\n<meta name=\"twitter:site\" content=\"@almasubbetica\" \/>\n<meta name=\"twitter:label1\" content=\"Est. reading time\" \/>\n\t<meta name=\"twitter:data1\" content=\"2 minutes\" \/>\n<script type=\"application\/ld+json\" class=\"yoast-schema-graph\">{\"@context\":\"https:\\\/\\\/schema.org\",\"@graph\":[{\"@type\":\"WebPage\",\"@id\":\"https:\\\/\\\/almazarasdelasubbetica.com\\\/en\\\/products\\\/the-dukes-estates\\\/\",\"url\":\"https:\\\/\\\/almazarasdelasubbetica.com\\\/en\\\/products\\\/the-dukes-estates\\\/\",\"name\":\"Aceite de oliva las Rentas del Duque\",\"isPartOf\":{\"@id\":\"https:\\\/\\\/almazarasdelasubbetica.com\\\/en\\\/#website\"},\"primaryImageOfPage\":{\"@id\":\"https:\\\/\\\/almazarasdelasubbetica.com\\\/en\\\/products\\\/the-dukes-estates\\\/#primaryimage\"},\"image\":{\"@id\":\"https:\\\/\\\/almazarasdelasubbetica.com\\\/en\\\/products\\\/the-dukes-estates\\\/#primaryimage\"},\"thumbnailUrl\":\"https:\\\/\\\/almazarasdelasubbetica.com\\\/wp-content\\\/uploads\\\/2024\\\/10\\\/rentas-del-duque.jpg\",\"datePublished\":\"2024-10-11T10:47:27+00:00\",\"dateModified\":\"2025-08-26T11:18:24+00:00\",\"description\":\"Las Rentas del Duque has been crafted to offer an exquisite extra virgin olive oil, perfect for healthy frying, in a convenient 5L container.\",\"breadcrumb\":{\"@id\":\"https:\\\/\\\/almazarasdelasubbetica.com\\\/en\\\/products\\\/the-dukes-estates\\\/#breadcrumb\"},\"inLanguage\":\"en-US\",\"potentialAction\":[{\"@type\":\"ReadAction\",\"target\":[\"https:\\\/\\\/almazarasdelasubbetica.com\\\/en\\\/products\\\/the-dukes-estates\\\/\"]}]},{\"@type\":\"ImageObject\",\"inLanguage\":\"en-US\",\"@id\":\"https:\\\/\\\/almazarasdelasubbetica.com\\\/en\\\/products\\\/the-dukes-estates\\\/#primaryimage\",\"url\":\"https:\\\/\\\/almazarasdelasubbetica.com\\\/wp-content\\\/uploads\\\/2024\\\/10\\\/rentas-del-duque.jpg\",\"contentUrl\":\"https:\\\/\\\/almazarasdelasubbetica.com\\\/wp-content\\\/uploads\\\/2024\\\/10\\\/rentas-del-duque.jpg\",\"width\":1000,\"height\":750},{\"@type\":\"BreadcrumbList\",\"@id\":\"https:\\\/\\\/almazarasdelasubbetica.com\\\/en\\\/products\\\/the-dukes-estates\\\/#breadcrumb\",\"itemListElement\":[{\"@type\":\"ListItem\",\"position\":1,\"name\":\"Portada\",\"item\":\"https:\\\/\\\/almazarasdelasubbetica.com\\\/en\\\/\"},{\"@type\":\"ListItem\",\"position\":2,\"name\":\"Shop\",\"item\":\"https:\\\/\\\/almazarasdelasubbetica.com\\\/tienda\\\/\"},{\"@type\":\"ListItem\",\"position\":3,\"name\":\"The Duke\u2019s Estates\"}]},{\"@type\":\"WebSite\",\"@id\":\"https:\\\/\\\/almazarasdelasubbetica.com\\\/en\\\/#website\",\"url\":\"https:\\\/\\\/almazarasdelasubbetica.com\\\/en\\\/\",\"name\":\"Almazaras de la Subb\u00e9tica - Aceite de Oliva Virgen Extra\",\"description\":\"Almazaras de la Subb\u00e9tica: aceites de oliva virgen extra premiados mundialmente, disponibles online bajo las marcas Rinc\u00f3n de la Subb\u00e9tica, Parqueoliva y Almaoliva.\",\"publisher\":{\"@id\":\"https:\\\/\\\/almazarasdelasubbetica.com\\\/en\\\/#organization\"},\"alternateName\":\"Almazaras de la Subb\u00e9tica\",\"potentialAction\":[{\"@type\":\"SearchAction\",\"target\":{\"@type\":\"EntryPoint\",\"urlTemplate\":\"https:\\\/\\\/almazarasdelasubbetica.com\\\/en\\\/?s={search_term_string}\"},\"query-input\":{\"@type\":\"PropertyValueSpecification\",\"valueRequired\":true,\"valueName\":\"search_term_string\"}}],\"inLanguage\":\"en-US\"},{\"@type\":\"Organization\",\"@id\":\"https:\\\/\\\/almazarasdelasubbetica.com\\\/en\\\/#organization\",\"name\":\"Almazaras de la Subb\u00e9tica, S.C.A.\",\"url\":\"https:\\\/\\\/almazarasdelasubbetica.com\\\/en\\\/\",\"logo\":{\"@type\":\"ImageObject\",\"inLanguage\":\"en-US\",\"@id\":\"https:\\\/\\\/almazarasdelasubbetica.com\\\/en\\\/#\\\/schema\\\/logo\\\/image\\\/\",\"url\":\"https:\\\/\\\/almazarasdelasubbetica.com\\\/wp-content\\\/uploads\\\/2024\\\/11\\\/alma-logo.jpg\",\"contentUrl\":\"https:\\\/\\\/almazarasdelasubbetica.com\\\/wp-content\\\/uploads\\\/2024\\\/11\\\/alma-logo.jpg\",\"width\":220,\"height\":48,\"caption\":\"Almazaras de la Subb\u00e9tica, S.C.A.\"},\"image\":{\"@id\":\"https:\\\/\\\/almazarasdelasubbetica.com\\\/en\\\/#\\\/schema\\\/logo\\\/image\\\/\"},\"sameAs\":[\"https:\\\/\\\/www.facebook.com\\\/almazarasdelasubbetica\\\/\",\"https:\\\/\\\/x.com\\\/almasubbetica\",\"https:\\\/\\\/www.instagram.com\\\/almasubbetica\\\/\",\"https:\\\/\\\/www.linkedin.com\\\/company\\\/almazarasdelasubbetica\\\/\",\"https:\\\/\\\/www.tiktok.com\\\/@almasubbetica\"]}]}<\/script>\n<!-- \/ Yoast SEO plugin. -->","yoast_head_json":{"title":"Aceite de oliva las Rentas del Duque","description":"Las Rentas del Duque has been crafted to offer an exquisite extra virgin olive oil, perfect for healthy frying, in a convenient 5L container.","robots":{"index":"index","follow":"follow","max-snippet":"max-snippet:-1","max-image-preview":"max-image-preview:large","max-video-preview":"max-video-preview:-1"},"canonical":"https:\/\/almazarasdelasubbetica.com\/en\/products\/the-dukes-estates\/","og_locale":"en_US","og_type":"article","og_title":"Aceite de oliva las Rentas del Duque","og_description":"Las Rentas del Duque has been crafted to offer an exquisite extra virgin olive oil, perfect for healthy frying, in a convenient 5L container.","og_url":"https:\/\/almazarasdelasubbetica.com\/en\/products\/the-dukes-estates\/","og_site_name":"Almazaras de la Subb\u00e9tica | Tienda Online de AOVE Premiado","article_publisher":"https:\/\/www.facebook.com\/almazarasdelasubbetica\/","article_modified_time":"2025-08-26T11:18:24+00:00","og_image":[{"width":1000,"height":750,"url":"https:\/\/almazarasdelasubbetica.com\/wp-content\/uploads\/2024\/10\/rentas-del-duque.jpg","type":"image\/jpeg"}],"twitter_card":"summary_large_image","twitter_site":"@almasubbetica","twitter_misc":{"Est. reading time":"2 minutes"},"schema":{"@context":"https:\/\/schema.org","@graph":[{"@type":"WebPage","@id":"https:\/\/almazarasdelasubbetica.com\/en\/products\/the-dukes-estates\/","url":"https:\/\/almazarasdelasubbetica.com\/en\/products\/the-dukes-estates\/","name":"Aceite de oliva las Rentas del Duque","isPartOf":{"@id":"https:\/\/almazarasdelasubbetica.com\/en\/#website"},"primaryImageOfPage":{"@id":"https:\/\/almazarasdelasubbetica.com\/en\/products\/the-dukes-estates\/#primaryimage"},"image":{"@id":"https:\/\/almazarasdelasubbetica.com\/en\/products\/the-dukes-estates\/#primaryimage"},"thumbnailUrl":"https:\/\/almazarasdelasubbetica.com\/wp-content\/uploads\/2024\/10\/rentas-del-duque.jpg","datePublished":"2024-10-11T10:47:27+00:00","dateModified":"2025-08-26T11:18:24+00:00","description":"Las Rentas del Duque has been crafted to offer an exquisite extra virgin olive oil, perfect for healthy frying, in a convenient 5L container.","breadcrumb":{"@id":"https:\/\/almazarasdelasubbetica.com\/en\/products\/the-dukes-estates\/#breadcrumb"},"inLanguage":"en-US","potentialAction":[{"@type":"ReadAction","target":["https:\/\/almazarasdelasubbetica.com\/en\/products\/the-dukes-estates\/"]}]},{"@type":"ImageObject","inLanguage":"en-US","@id":"https:\/\/almazarasdelasubbetica.com\/en\/products\/the-dukes-estates\/#primaryimage","url":"https:\/\/almazarasdelasubbetica.com\/wp-content\/uploads\/2024\/10\/rentas-del-duque.jpg","contentUrl":"https:\/\/almazarasdelasubbetica.com\/wp-content\/uploads\/2024\/10\/rentas-del-duque.jpg","width":1000,"height":750},{"@type":"BreadcrumbList","@id":"https:\/\/almazarasdelasubbetica.com\/en\/products\/the-dukes-estates\/#breadcrumb","itemListElement":[{"@type":"ListItem","position":1,"name":"Portada","item":"https:\/\/almazarasdelasubbetica.com\/en\/"},{"@type":"ListItem","position":2,"name":"Shop","item":"https:\/\/almazarasdelasubbetica.com\/tienda\/"},{"@type":"ListItem","position":3,"name":"The Duke\u2019s Estates"}]},{"@type":"WebSite","@id":"https:\/\/almazarasdelasubbetica.com\/en\/#website","url":"https:\/\/almazarasdelasubbetica.com\/en\/","name":"Almazaras de la Subb\u00e9tica - Aceite de Oliva Virgen Extra","description":"Almazaras de la Subb\u00e9tica: aceites de oliva virgen extra premiados mundialmente, disponibles online bajo las marcas Rinc\u00f3n de la Subb\u00e9tica, Parqueoliva y Almaoliva.","publisher":{"@id":"https:\/\/almazarasdelasubbetica.com\/en\/#organization"},"alternateName":"Almazaras de la Subb\u00e9tica","potentialAction":[{"@type":"SearchAction","target":{"@type":"EntryPoint","urlTemplate":"https:\/\/almazarasdelasubbetica.com\/en\/?s={search_term_string}"},"query-input":{"@type":"PropertyValueSpecification","valueRequired":true,"valueName":"search_term_string"}}],"inLanguage":"en-US"},{"@type":"Organization","@id":"https:\/\/almazarasdelasubbetica.com\/en\/#organization","name":"Almazaras de la Subb\u00e9tica, S.C.A.","url":"https:\/\/almazarasdelasubbetica.com\/en\/","logo":{"@type":"ImageObject","inLanguage":"en-US","@id":"https:\/\/almazarasdelasubbetica.com\/en\/#\/schema\/logo\/image\/","url":"https:\/\/almazarasdelasubbetica.com\/wp-content\/uploads\/2024\/11\/alma-logo.jpg","contentUrl":"https:\/\/almazarasdelasubbetica.com\/wp-content\/uploads\/2024\/11\/alma-logo.jpg","width":220,"height":48,"caption":"Almazaras de la Subb\u00e9tica, S.C.A."},"image":{"@id":"https:\/\/almazarasdelasubbetica.com\/en\/#\/schema\/logo\/image\/"},"sameAs":["https:\/\/www.facebook.com\/almazarasdelasubbetica\/","https:\/\/x.com\/almasubbetica","https:\/\/www.instagram.com\/almasubbetica\/","https:\/\/www.linkedin.com\/company\/almazarasdelasubbetica\/","https:\/\/www.tiktok.com\/@almasubbetica"]}]}},"_links":{"self":[{"href":"https:\/\/almazarasdelasubbetica.com\/en\/wp-json\/wp\/v2\/product\/20939","targetHints":{"allow":["GET"]}}],"collection":[{"href":"https:\/\/almazarasdelasubbetica.com\/en\/wp-json\/wp\/v2\/product"}],"about":[{"href":"https:\/\/almazarasdelasubbetica.com\/en\/wp-json\/wp\/v2\/types\/product"}],"replies":[{"embeddable":true,"href":"https:\/\/almazarasdelasubbetica.com\/en\/wp-json\/wp\/v2\/comments?post=20939"}],"version-history":[{"count":5,"href":"https:\/\/almazarasdelasubbetica.com\/en\/wp-json\/wp\/v2\/product\/20939\/revisions"}],"predecessor-version":[{"id":22157,"href":"https:\/\/almazarasdelasubbetica.com\/en\/wp-json\/wp\/v2\/product\/20939\/revisions\/22157"}],"wp:featuredmedia":[{"embeddable":true,"href":"https:\/\/almazarasdelasubbetica.com\/en\/wp-json\/wp\/v2\/media\/20593"}],"wp:attachment":[{"href":"https:\/\/almazarasdelasubbetica.com\/en\/wp-json\/wp\/v2\/media?parent=20939"}],"wp:term":[{"taxonomy":"product_brand","embeddable":true,"href":"https:\/\/almazarasdelasubbetica.com\/en\/wp-json\/wp\/v2\/product_brand?post=20939"},{"taxonomy":"product_cat","embeddable":true,"href":"https:\/\/almazarasdelasubbetica.com\/en\/wp-json\/wp\/v2\/product_cat?post=20939"},{"taxonomy":"product_tag","embeddable":true,"href":"https:\/\/almazarasdelasubbetica.com\/en\/wp-json\/wp\/v2\/product_tag?post=20939"}],"curies":[{"name":"wp","href":"https:\/\/api.w.org\/{rel}","templated":true}]}}