{"id":20914,"date":"2024-10-11T12:55:15","date_gmt":"2024-10-11T10:55:15","guid":{"rendered":"https:\/\/almazarasdelasubbetica.com\/productos\/parqueoliva-serie-oro-lata\/"},"modified":"2025-09-24T09:49:44","modified_gmt":"2025-09-24T07:49:44","slug":"parqueoliva-serie-oro-tin","status":"publish","type":"product","link":"https:\/\/almazarasdelasubbetica.com\/en\/products\/parqueoliva-serie-oro-tin\/","title":{"rendered":"Parqueoliva Serie Oro Lata"},"content":{"rendered":"<p><span style=\"font-weight: 400;\">Parqueoliva Serie Oro is a premium <\/span><b>extra virgin olive oil<\/b><span style=\"font-weight: 400;\">, crafted from a careful selection of <\/span><b>Picuda and Hojiblanca olives<\/b><span style=\"font-weight: 400;\"> harvested at the beginning of the season. This blend results in an exceptional coupage, internationally recognized for its complexity and harmony. On the nose, it reveals a <\/span><b>medium-high green fruitiness<\/b><span style=\"font-weight: 400;\">, with notes of apple, green banana, tomato plant, artichoke, and green almond. On the palate, it opens sweet, with medium bitterness and pungency, creating a balanced EVOO, long and full of character. Its quality and elegance make it one of the great benchmarks of extra virgin olive oil with the Protected Designation of Origin Priego de C\u00f3rdoba.<\/span><\/p>\n<ul>\n<li style=\"font-weight: 400;\" aria-level=\"1\"><span style=\"font-weight: 400;\">The finest fruits for one of the best oils in the world. <\/span><\/li>\n<li style=\"font-weight: 400;\" aria-level=\"1\"><span style=\"font-weight: 400;\">A delight for the senses. <\/span><\/li>\n<li style=\"font-weight: 400;\" aria-level=\"1\"><span style=\"font-weight: 400;\">Perfect combination of Picuda and Hojiblanca varieties. <\/span><\/li>\n<li style=\"font-weight: 400;\" aria-level=\"1\"><span style=\"font-weight: 400;\">An extra virgin olive oil full of personality.<\/span><\/li>\n<\/ul>\n","protected":false},"excerpt":{"rendered":"<h1 data-start=\"142\" data-end=\"211\"><strong>PARQUEOLIVA SERIE ORO (CAN)<\/strong><\/h1>\n<h2 data-start=\"142\" data-end=\"211\"><span style=\"color: #7db51e;\"><em>Excellence recognized in a durable format.<\/em><\/span><\/h2>\n<h4 data-start=\"213\" data-end=\"306\"><strong>An extra virgin olive oil with P.D.O. Priego de C\u00f3rdoba, the result of a careful early-harvest selection.<\/strong><\/h4>\n<div class=\"page\" title=\"Page 1\">\n<div class=\"section\">\n<div class=\"layoutArea\">\n<div class=\"column\">\n<p>Harvest 2024\/2025<\/p>\n<\/div>\n<\/div>\n<\/div>\n<\/div>\n","protected":false},"featured_media":20447,"comment_status":"closed","ping_status":"closed","template":"","meta":{"_acf_changed":false},"product_brand":[302,303],"product_cat":[236,238,234,235],"product_tag":[327],"class_list":{"0":"post-20914","1":"product","2":"type-product","3":"status-publish","4":"has-post-thumbnail","6":"product_brand-parqueoliva-en","7":"product_brand-serie-oro-en","8":"product_cat-award-winning","9":"product_cat-best-selling","10":"product_cat-extra-virgin-olive-oil","11":"product_cat-featured","12":"product_tag-en-plantilla-premios","14":"first","15":"instock","16":"featured","17":"taxable","18":"shipping-taxable","19":"purchasable","20":"product-type-variable","21":"has-default-attributes"},"acf":[],"yoast_head":"<!-- This site is optimized with the Yoast SEO plugin v27.3 - https:\/\/yoast.com\/product\/yoast-seo-wordpress\/ -->\n<title>Buy Parqueoliva Gold Series 3L Tin Extra Virgin Olive Oil<\/title>\n<meta name=\"description\" content=\"Buy online Parqueoliva Gold Series. The perfect combination of the Picuda and Hojiblanca varieties becomes a true delight for the taster\u2019s senses\" \/>\n<meta name=\"robots\" content=\"index, follow, max-snippet:-1, max-image-preview:large, max-video-preview:-1\" \/>\n<link rel=\"canonical\" href=\"https:\/\/almazarasdelasubbetica.com\/en\/products\/parqueoliva-serie-oro-tin\/\" \/>\n<meta property=\"og:locale\" content=\"en_US\" \/>\n<meta property=\"og:type\" content=\"article\" \/>\n<meta property=\"og:title\" content=\"Buy Parqueoliva Gold Series 3L Tin Extra Virgin Olive Oil\" \/>\n<meta property=\"og:description\" content=\"Buy online Parqueoliva Gold Series. The perfect combination of the Picuda and Hojiblanca varieties becomes a true delight for the taster\u2019s senses\" \/>\n<meta property=\"og:url\" content=\"https:\/\/almazarasdelasubbetica.com\/en\/products\/parqueoliva-serie-oro-tin\/\" \/>\n<meta property=\"og:site_name\" content=\"Almazaras de la Subb\u00e9tica | Tienda Online de AOVE Premiado\" \/>\n<meta property=\"article:publisher\" content=\"https:\/\/www.facebook.com\/almazarasdelasubbetica\/\" \/>\n<meta property=\"article:modified_time\" content=\"2025-09-24T07:49:44+00:00\" \/>\n<meta property=\"og:image\" content=\"https:\/\/almazarasdelasubbetica.com\/wp-content\/uploads\/2025\/01\/parqueoliva-serie-oro.jpg\" \/>\n\t<meta property=\"og:image:width\" content=\"1000\" \/>\n\t<meta property=\"og:image:height\" content=\"750\" \/>\n\t<meta property=\"og:image:type\" content=\"image\/jpeg\" \/>\n<meta name=\"twitter:card\" content=\"summary_large_image\" \/>\n<meta name=\"twitter:site\" content=\"@almasubbetica\" \/>\n<meta name=\"twitter:label1\" content=\"Est. reading time\" \/>\n\t<meta name=\"twitter:data1\" content=\"2 minutes\" \/>\n<script type=\"application\/ld+json\" class=\"yoast-schema-graph\">{\"@context\":\"https:\\\/\\\/schema.org\",\"@graph\":[{\"@type\":\"WebPage\",\"@id\":\"https:\\\/\\\/almazarasdelasubbetica.com\\\/en\\\/products\\\/parqueoliva-serie-oro-tin\\\/\",\"url\":\"https:\\\/\\\/almazarasdelasubbetica.com\\\/en\\\/products\\\/parqueoliva-serie-oro-tin\\\/\",\"name\":\"Buy Parqueoliva Gold Series 3L Tin Extra Virgin Olive Oil\",\"isPartOf\":{\"@id\":\"https:\\\/\\\/almazarasdelasubbetica.com\\\/en\\\/#website\"},\"primaryImageOfPage\":{\"@id\":\"https:\\\/\\\/almazarasdelasubbetica.com\\\/en\\\/products\\\/parqueoliva-serie-oro-tin\\\/#primaryimage\"},\"image\":{\"@id\":\"https:\\\/\\\/almazarasdelasubbetica.com\\\/en\\\/products\\\/parqueoliva-serie-oro-tin\\\/#primaryimage\"},\"thumbnailUrl\":\"https:\\\/\\\/almazarasdelasubbetica.com\\\/wp-content\\\/uploads\\\/2025\\\/01\\\/parqueoliva-serie-oro.jpg\",\"datePublished\":\"2024-10-11T10:55:15+00:00\",\"dateModified\":\"2025-09-24T07:49:44+00:00\",\"description\":\"Buy online Parqueoliva Gold Series. The perfect combination of the Picuda and Hojiblanca varieties becomes a true delight for the taster\u2019s senses\",\"breadcrumb\":{\"@id\":\"https:\\\/\\\/almazarasdelasubbetica.com\\\/en\\\/products\\\/parqueoliva-serie-oro-tin\\\/#breadcrumb\"},\"inLanguage\":\"en-US\",\"potentialAction\":[{\"@type\":\"ReadAction\",\"target\":[\"https:\\\/\\\/almazarasdelasubbetica.com\\\/en\\\/products\\\/parqueoliva-serie-oro-tin\\\/\"]}]},{\"@type\":\"ImageObject\",\"inLanguage\":\"en-US\",\"@id\":\"https:\\\/\\\/almazarasdelasubbetica.com\\\/en\\\/products\\\/parqueoliva-serie-oro-tin\\\/#primaryimage\",\"url\":\"https:\\\/\\\/almazarasdelasubbetica.com\\\/wp-content\\\/uploads\\\/2025\\\/01\\\/parqueoliva-serie-oro.jpg\",\"contentUrl\":\"https:\\\/\\\/almazarasdelasubbetica.com\\\/wp-content\\\/uploads\\\/2025\\\/01\\\/parqueoliva-serie-oro.jpg\",\"width\":1000,\"height\":750,\"caption\":\"Parqueoliva Serie Oro Lata 3 Litros\"},{\"@type\":\"BreadcrumbList\",\"@id\":\"https:\\\/\\\/almazarasdelasubbetica.com\\\/en\\\/products\\\/parqueoliva-serie-oro-tin\\\/#breadcrumb\",\"itemListElement\":[{\"@type\":\"ListItem\",\"position\":1,\"name\":\"Portada\",\"item\":\"https:\\\/\\\/almazarasdelasubbetica.com\\\/en\\\/\"},{\"@type\":\"ListItem\",\"position\":2,\"name\":\"Shop\",\"item\":\"https:\\\/\\\/almazarasdelasubbetica.com\\\/tienda\\\/\"},{\"@type\":\"ListItem\",\"position\":3,\"name\":\"Parqueoliva Serie Oro Lata\"}]},{\"@type\":\"WebSite\",\"@id\":\"https:\\\/\\\/almazarasdelasubbetica.com\\\/en\\\/#website\",\"url\":\"https:\\\/\\\/almazarasdelasubbetica.com\\\/en\\\/\",\"name\":\"Almazaras de la Subb\u00e9tica - Aceite de Oliva Virgen Extra\",\"description\":\"Almazaras de la Subb\u00e9tica: aceites de oliva virgen extra premiados mundialmente, disponibles online bajo las marcas Rinc\u00f3n de la Subb\u00e9tica, Parqueoliva y Almaoliva.\",\"publisher\":{\"@id\":\"https:\\\/\\\/almazarasdelasubbetica.com\\\/en\\\/#organization\"},\"alternateName\":\"Almazaras de la Subb\u00e9tica\",\"potentialAction\":[{\"@type\":\"SearchAction\",\"target\":{\"@type\":\"EntryPoint\",\"urlTemplate\":\"https:\\\/\\\/almazarasdelasubbetica.com\\\/en\\\/?s={search_term_string}\"},\"query-input\":{\"@type\":\"PropertyValueSpecification\",\"valueRequired\":true,\"valueName\":\"search_term_string\"}}],\"inLanguage\":\"en-US\"},{\"@type\":\"Organization\",\"@id\":\"https:\\\/\\\/almazarasdelasubbetica.com\\\/en\\\/#organization\",\"name\":\"Almazaras de la Subb\u00e9tica, S.C.A.\",\"url\":\"https:\\\/\\\/almazarasdelasubbetica.com\\\/en\\\/\",\"logo\":{\"@type\":\"ImageObject\",\"inLanguage\":\"en-US\",\"@id\":\"https:\\\/\\\/almazarasdelasubbetica.com\\\/en\\\/#\\\/schema\\\/logo\\\/image\\\/\",\"url\":\"https:\\\/\\\/almazarasdelasubbetica.com\\\/wp-content\\\/uploads\\\/2024\\\/11\\\/alma-logo.jpg\",\"contentUrl\":\"https:\\\/\\\/almazarasdelasubbetica.com\\\/wp-content\\\/uploads\\\/2024\\\/11\\\/alma-logo.jpg\",\"width\":220,\"height\":48,\"caption\":\"Almazaras de la Subb\u00e9tica, S.C.A.\"},\"image\":{\"@id\":\"https:\\\/\\\/almazarasdelasubbetica.com\\\/en\\\/#\\\/schema\\\/logo\\\/image\\\/\"},\"sameAs\":[\"https:\\\/\\\/www.facebook.com\\\/almazarasdelasubbetica\\\/\",\"https:\\\/\\\/x.com\\\/almasubbetica\",\"https:\\\/\\\/www.instagram.com\\\/almasubbetica\\\/\",\"https:\\\/\\\/www.linkedin.com\\\/company\\\/almazarasdelasubbetica\\\/\",\"https:\\\/\\\/www.tiktok.com\\\/@almasubbetica\"]}]}<\/script>\n<!-- \/ Yoast SEO plugin. -->","yoast_head_json":{"title":"Buy Parqueoliva Gold Series 3L Tin Extra Virgin Olive Oil","description":"Buy online Parqueoliva Gold Series. The perfect combination of the Picuda and Hojiblanca varieties becomes a true delight for the taster\u2019s senses","robots":{"index":"index","follow":"follow","max-snippet":"max-snippet:-1","max-image-preview":"max-image-preview:large","max-video-preview":"max-video-preview:-1"},"canonical":"https:\/\/almazarasdelasubbetica.com\/en\/products\/parqueoliva-serie-oro-tin\/","og_locale":"en_US","og_type":"article","og_title":"Buy Parqueoliva Gold Series 3L Tin Extra Virgin Olive Oil","og_description":"Buy online Parqueoliva Gold Series. The perfect combination of the Picuda and Hojiblanca varieties becomes a true delight for the taster\u2019s senses","og_url":"https:\/\/almazarasdelasubbetica.com\/en\/products\/parqueoliva-serie-oro-tin\/","og_site_name":"Almazaras de la Subb\u00e9tica | Tienda Online de AOVE Premiado","article_publisher":"https:\/\/www.facebook.com\/almazarasdelasubbetica\/","article_modified_time":"2025-09-24T07:49:44+00:00","og_image":[{"width":1000,"height":750,"url":"https:\/\/almazarasdelasubbetica.com\/wp-content\/uploads\/2025\/01\/parqueoliva-serie-oro.jpg","type":"image\/jpeg"}],"twitter_card":"summary_large_image","twitter_site":"@almasubbetica","twitter_misc":{"Est. reading time":"2 minutes"},"schema":{"@context":"https:\/\/schema.org","@graph":[{"@type":"WebPage","@id":"https:\/\/almazarasdelasubbetica.com\/en\/products\/parqueoliva-serie-oro-tin\/","url":"https:\/\/almazarasdelasubbetica.com\/en\/products\/parqueoliva-serie-oro-tin\/","name":"Buy Parqueoliva Gold Series 3L Tin Extra Virgin Olive Oil","isPartOf":{"@id":"https:\/\/almazarasdelasubbetica.com\/en\/#website"},"primaryImageOfPage":{"@id":"https:\/\/almazarasdelasubbetica.com\/en\/products\/parqueoliva-serie-oro-tin\/#primaryimage"},"image":{"@id":"https:\/\/almazarasdelasubbetica.com\/en\/products\/parqueoliva-serie-oro-tin\/#primaryimage"},"thumbnailUrl":"https:\/\/almazarasdelasubbetica.com\/wp-content\/uploads\/2025\/01\/parqueoliva-serie-oro.jpg","datePublished":"2024-10-11T10:55:15+00:00","dateModified":"2025-09-24T07:49:44+00:00","description":"Buy online Parqueoliva Gold Series. The perfect combination of the Picuda and Hojiblanca varieties becomes a true delight for the taster\u2019s senses","breadcrumb":{"@id":"https:\/\/almazarasdelasubbetica.com\/en\/products\/parqueoliva-serie-oro-tin\/#breadcrumb"},"inLanguage":"en-US","potentialAction":[{"@type":"ReadAction","target":["https:\/\/almazarasdelasubbetica.com\/en\/products\/parqueoliva-serie-oro-tin\/"]}]},{"@type":"ImageObject","inLanguage":"en-US","@id":"https:\/\/almazarasdelasubbetica.com\/en\/products\/parqueoliva-serie-oro-tin\/#primaryimage","url":"https:\/\/almazarasdelasubbetica.com\/wp-content\/uploads\/2025\/01\/parqueoliva-serie-oro.jpg","contentUrl":"https:\/\/almazarasdelasubbetica.com\/wp-content\/uploads\/2025\/01\/parqueoliva-serie-oro.jpg","width":1000,"height":750,"caption":"Parqueoliva Serie Oro Lata 3 Litros"},{"@type":"BreadcrumbList","@id":"https:\/\/almazarasdelasubbetica.com\/en\/products\/parqueoliva-serie-oro-tin\/#breadcrumb","itemListElement":[{"@type":"ListItem","position":1,"name":"Portada","item":"https:\/\/almazarasdelasubbetica.com\/en\/"},{"@type":"ListItem","position":2,"name":"Shop","item":"https:\/\/almazarasdelasubbetica.com\/tienda\/"},{"@type":"ListItem","position":3,"name":"Parqueoliva Serie Oro Lata"}]},{"@type":"WebSite","@id":"https:\/\/almazarasdelasubbetica.com\/en\/#website","url":"https:\/\/almazarasdelasubbetica.com\/en\/","name":"Almazaras de la Subb\u00e9tica - Aceite de Oliva Virgen Extra","description":"Almazaras de la Subb\u00e9tica: aceites de oliva virgen extra premiados mundialmente, disponibles online bajo las marcas Rinc\u00f3n de la Subb\u00e9tica, Parqueoliva y Almaoliva.","publisher":{"@id":"https:\/\/almazarasdelasubbetica.com\/en\/#organization"},"alternateName":"Almazaras de la Subb\u00e9tica","potentialAction":[{"@type":"SearchAction","target":{"@type":"EntryPoint","urlTemplate":"https:\/\/almazarasdelasubbetica.com\/en\/?s={search_term_string}"},"query-input":{"@type":"PropertyValueSpecification","valueRequired":true,"valueName":"search_term_string"}}],"inLanguage":"en-US"},{"@type":"Organization","@id":"https:\/\/almazarasdelasubbetica.com\/en\/#organization","name":"Almazaras de la Subb\u00e9tica, S.C.A.","url":"https:\/\/almazarasdelasubbetica.com\/en\/","logo":{"@type":"ImageObject","inLanguage":"en-US","@id":"https:\/\/almazarasdelasubbetica.com\/en\/#\/schema\/logo\/image\/","url":"https:\/\/almazarasdelasubbetica.com\/wp-content\/uploads\/2024\/11\/alma-logo.jpg","contentUrl":"https:\/\/almazarasdelasubbetica.com\/wp-content\/uploads\/2024\/11\/alma-logo.jpg","width":220,"height":48,"caption":"Almazaras de la Subb\u00e9tica, S.C.A."},"image":{"@id":"https:\/\/almazarasdelasubbetica.com\/en\/#\/schema\/logo\/image\/"},"sameAs":["https:\/\/www.facebook.com\/almazarasdelasubbetica\/","https:\/\/x.com\/almasubbetica","https:\/\/www.instagram.com\/almasubbetica\/","https:\/\/www.linkedin.com\/company\/almazarasdelasubbetica\/","https:\/\/www.tiktok.com\/@almasubbetica"]}]}},"_links":{"self":[{"href":"https:\/\/almazarasdelasubbetica.com\/en\/wp-json\/wp\/v2\/product\/20914","targetHints":{"allow":["GET"]}}],"collection":[{"href":"https:\/\/almazarasdelasubbetica.com\/en\/wp-json\/wp\/v2\/product"}],"about":[{"href":"https:\/\/almazarasdelasubbetica.com\/en\/wp-json\/wp\/v2\/types\/product"}],"replies":[{"embeddable":true,"href":"https:\/\/almazarasdelasubbetica.com\/en\/wp-json\/wp\/v2\/comments?post=20914"}],"version-history":[{"count":10,"href":"https:\/\/almazarasdelasubbetica.com\/en\/wp-json\/wp\/v2\/product\/20914\/revisions"}],"predecessor-version":[{"id":22717,"href":"https:\/\/almazarasdelasubbetica.com\/en\/wp-json\/wp\/v2\/product\/20914\/revisions\/22717"}],"wp:featuredmedia":[{"embeddable":true,"href":"https:\/\/almazarasdelasubbetica.com\/en\/wp-json\/wp\/v2\/media\/20447"}],"wp:attachment":[{"href":"https:\/\/almazarasdelasubbetica.com\/en\/wp-json\/wp\/v2\/media?parent=20914"}],"wp:term":[{"taxonomy":"product_brand","embeddable":true,"href":"https:\/\/almazarasdelasubbetica.com\/en\/wp-json\/wp\/v2\/product_brand?post=20914"},{"taxonomy":"product_cat","embeddable":true,"href":"https:\/\/almazarasdelasubbetica.com\/en\/wp-json\/wp\/v2\/product_cat?post=20914"},{"taxonomy":"product_tag","embeddable":true,"href":"https:\/\/almazarasdelasubbetica.com\/en\/wp-json\/wp\/v2\/product_tag?post=20914"}],"curies":[{"name":"wp","href":"https:\/\/api.w.org\/{rel}","templated":true}]}}