{"id":20894,"date":"2024-10-11T12:59:35","date_gmt":"2024-10-11T10:59:35","guid":{"rendered":"https:\/\/almazarasdelasubbetica.com\/productos\/almaoliva-gran-seleccion\/"},"modified":"2026-02-18T12:39:47","modified_gmt":"2026-02-18T11:39:47","slug":"almaoliva-grand-selection-box-3-units","status":"publish","type":"product","link":"https:\/\/almazarasdelasubbetica.com\/en\/products\/almaoliva-grand-selection-box-3-units\/","title":{"rendered":"Almazaras de la Subb\u00e9tica P.D.O. Priego de C\u00f3rdoba"},"content":{"rendered":"<p><span style=\"font-weight: 400;\">Almazaras de la Subb\u00e9tica D.O.P. Priego de C\u00f3rdoba, formerly Almaoliva Gran Selecci\u00f3n, is an <\/span><b>extra virgin olive oil<\/b><span style=\"font-weight: 400;\"> with a <\/span><b>medium fruity profile<\/b><span style=\"font-weight: 400;\">, perfect for both raw use and cooking. Made from a balanced combination of <\/span><b>Picuda, Picual, and Hojiblanca olives<\/b><span style=\"font-weight: 400;\">, this AOVE stands out for its <\/span><b>smoothness on the palate<\/b><span style=\"font-weight: 400;\">, with a <\/span><b>sweet<\/b><span style=\"font-weight: 400;\"> entry and subtle hints of <\/span><b>bitterness and spiciness<\/b><span style=\"font-weight: 400;\">, accompanied by sensations reminiscent of <\/span><b>apple<\/b><span style=\"font-weight: 400;\">. Its versatility makes it an excellent choice for <\/span><b>restaurants, gourmet frying, and everyday recipes<\/b><span style=\"font-weight: 400;\">.<\/span><\/p>\n<ul>\n<li style=\"font-weight: 400;\" aria-level=\"1\"><span style=\"font-weight: 400;\">An extra virgin olive oil with an intense fruity flavor.<\/span><\/li>\n<li style=\"font-weight: 400;\" aria-level=\"1\"><span style=\"font-weight: 400;\">Perfect for use at different temperature ranges.<\/span><\/li>\n<li style=\"font-weight: 400;\" aria-level=\"1\"><span style=\"font-weight: 400;\">Ideal for restaurants and professional preparations.<\/span><\/li>\n<li style=\"font-weight: 400;\" aria-level=\"1\"><span style=\"font-weight: 400;\">Adds a touch of health and quality to your products.<\/span><\/li>\n<\/ul>\n","protected":false},"excerpt":{"rendered":"<h1 data-start=\"142\" data-end=\"211\">Almazaras de la Subb\u00e9tica P.D.O. Priego de C\u00f3rdoba<\/h1>\n<h2 data-start=\"142\" data-end=\"211\"><span style=\"color: #7db51e;\"><em>Versatility and balance for daily use.<\/em><\/span><\/h2>\n<h4 data-start=\"213\" data-end=\"306\"><strong>A medium fruity extra virgin, ideal for all types of preparations.<\/strong><\/h4>\n","protected":false},"featured_media":25114,"comment_status":"closed","ping_status":"closed","template":"","meta":{"_acf_changed":false},"product_brand":[340],"product_cat":[238,333,234,235],"product_tag":[326],"class_list":{"0":"post-20894","1":"product","2":"type-product","3":"status-publish","4":"has-post-thumbnail","6":"product_brand-almazaras-subbetica-en","7":"product_cat-best-selling","8":"product_cat-cooking","9":"product_cat-extra-virgin-olive-oil","10":"product_cat-featured","11":"product_tag-en-plantilla","13":"first","14":"instock","15":"taxable","16":"shipping-taxable","17":"purchasable","18":"product-type-variable","19":"has-default-attributes"},"acf":[],"yoast_head":"<!-- This site is optimized with the Yoast SEO plugin v27.4 - https:\/\/yoast.com\/product\/yoast-seo-wordpress\/ -->\n<title>Buy Almazaras Subb\u00e9tica PDO Priego de C\u00f3rdoba 5L Extra Virgin Olive Oil<\/title>\n<meta name=\"description\" content=\"The 5L Almazaras de la Subb\u00e9tica PDO Priego de C\u00f3rdoba bottle jug is a great extra virgin olive oil for the world&#039;s most demanding chefs.\" \/>\n<meta name=\"robots\" content=\"index, follow, max-snippet:-1, max-image-preview:large, max-video-preview:-1\" \/>\n<link rel=\"canonical\" href=\"https:\/\/almazarasdelasubbetica.com\/en\/products\/almaoliva-grand-selection-box-3-units\/\" \/>\n<meta property=\"og:locale\" content=\"en_US\" \/>\n<meta property=\"og:type\" content=\"article\" \/>\n<meta property=\"og:title\" content=\"Buy Almazaras Subb\u00e9tica PDO Priego de C\u00f3rdoba 5L Extra Virgin Olive Oil\" \/>\n<meta property=\"og:description\" content=\"The 5L Almazaras de la Subb\u00e9tica PDO Priego de C\u00f3rdoba bottle jug is a great extra virgin olive oil for the world&#039;s most demanding chefs.\" \/>\n<meta property=\"og:url\" content=\"https:\/\/almazarasdelasubbetica.com\/en\/products\/almaoliva-grand-selection-box-3-units\/\" \/>\n<meta property=\"og:site_name\" content=\"Almazaras de la Subb\u00e9tica | Tienda Online de AOVE Premiado\" \/>\n<meta property=\"article:publisher\" content=\"https:\/\/www.facebook.com\/almazarasdelasubbetica\/\" \/>\n<meta property=\"article:modified_time\" content=\"2026-02-18T11:39:47+00:00\" \/>\n<meta property=\"og:image\" content=\"https:\/\/almazarasdelasubbetica.com\/wp-content\/uploads\/2026\/02\/almasubbeticapriego1.jpg\" \/>\n\t<meta property=\"og:image:width\" content=\"1800\" \/>\n\t<meta property=\"og:image:height\" content=\"1350\" \/>\n\t<meta property=\"og:image:type\" content=\"image\/jpeg\" \/>\n<meta name=\"twitter:card\" content=\"summary_large_image\" \/>\n<meta name=\"twitter:site\" content=\"@almasubbetica\" \/>\n<meta name=\"twitter:label1\" content=\"Est. reading time\" \/>\n\t<meta name=\"twitter:data1\" content=\"1 minute\" \/>\n<script type=\"application\/ld+json\" class=\"yoast-schema-graph\">{\"@context\":\"https:\\\/\\\/schema.org\",\"@graph\":[{\"@type\":\"WebPage\",\"@id\":\"https:\\\/\\\/almazarasdelasubbetica.com\\\/en\\\/products\\\/almaoliva-grand-selection-box-3-units\\\/\",\"url\":\"https:\\\/\\\/almazarasdelasubbetica.com\\\/en\\\/products\\\/almaoliva-grand-selection-box-3-units\\\/\",\"name\":\"Buy Almazaras Subb\u00e9tica PDO Priego de C\u00f3rdoba 5L Extra Virgin Olive Oil\",\"isPartOf\":{\"@id\":\"https:\\\/\\\/almazarasdelasubbetica.com\\\/en\\\/#website\"},\"primaryImageOfPage\":{\"@id\":\"https:\\\/\\\/almazarasdelasubbetica.com\\\/en\\\/products\\\/almaoliva-grand-selection-box-3-units\\\/#primaryimage\"},\"image\":{\"@id\":\"https:\\\/\\\/almazarasdelasubbetica.com\\\/en\\\/products\\\/almaoliva-grand-selection-box-3-units\\\/#primaryimage\"},\"thumbnailUrl\":\"https:\\\/\\\/almazarasdelasubbetica.com\\\/wp-content\\\/uploads\\\/2026\\\/02\\\/almasubbeticapriego1.jpg\",\"datePublished\":\"2024-10-11T10:59:35+00:00\",\"dateModified\":\"2026-02-18T11:39:47+00:00\",\"description\":\"The 5L Almazaras de la Subb\u00e9tica PDO Priego de C\u00f3rdoba bottle jug is a great extra virgin olive oil for the world's most demanding chefs.\",\"breadcrumb\":{\"@id\":\"https:\\\/\\\/almazarasdelasubbetica.com\\\/en\\\/products\\\/almaoliva-grand-selection-box-3-units\\\/#breadcrumb\"},\"inLanguage\":\"en-US\",\"potentialAction\":[{\"@type\":\"ReadAction\",\"target\":[\"https:\\\/\\\/almazarasdelasubbetica.com\\\/en\\\/products\\\/almaoliva-grand-selection-box-3-units\\\/\"]}]},{\"@type\":\"ImageObject\",\"inLanguage\":\"en-US\",\"@id\":\"https:\\\/\\\/almazarasdelasubbetica.com\\\/en\\\/products\\\/almaoliva-grand-selection-box-3-units\\\/#primaryimage\",\"url\":\"https:\\\/\\\/almazarasdelasubbetica.com\\\/wp-content\\\/uploads\\\/2026\\\/02\\\/almasubbeticapriego1.jpg\",\"contentUrl\":\"https:\\\/\\\/almazarasdelasubbetica.com\\\/wp-content\\\/uploads\\\/2026\\\/02\\\/almasubbeticapriego1.jpg\",\"width\":1800,\"height\":1350},{\"@type\":\"BreadcrumbList\",\"@id\":\"https:\\\/\\\/almazarasdelasubbetica.com\\\/en\\\/products\\\/almaoliva-grand-selection-box-3-units\\\/#breadcrumb\",\"itemListElement\":[{\"@type\":\"ListItem\",\"position\":1,\"name\":\"Portada\",\"item\":\"https:\\\/\\\/almazarasdelasubbetica.com\\\/en\\\/\"},{\"@type\":\"ListItem\",\"position\":2,\"name\":\"Shop\",\"item\":\"https:\\\/\\\/almazarasdelasubbetica.com\\\/tienda\\\/\"},{\"@type\":\"ListItem\",\"position\":3,\"name\":\"Almazaras de la Subb\u00e9tica P.D.O. Priego de C\u00f3rdoba\"}]},{\"@type\":\"WebSite\",\"@id\":\"https:\\\/\\\/almazarasdelasubbetica.com\\\/en\\\/#website\",\"url\":\"https:\\\/\\\/almazarasdelasubbetica.com\\\/en\\\/\",\"name\":\"Almazaras de la Subb\u00e9tica - Aceite de Oliva Virgen Extra\",\"description\":\"Almazaras de la Subb\u00e9tica: aceites de oliva virgen extra premiados mundialmente, disponibles online bajo las marcas Rinc\u00f3n de la Subb\u00e9tica, Parqueoliva y Almaoliva.\",\"publisher\":{\"@id\":\"https:\\\/\\\/almazarasdelasubbetica.com\\\/en\\\/#organization\"},\"alternateName\":\"Almazaras de la Subb\u00e9tica\",\"potentialAction\":[{\"@type\":\"SearchAction\",\"target\":{\"@type\":\"EntryPoint\",\"urlTemplate\":\"https:\\\/\\\/almazarasdelasubbetica.com\\\/en\\\/?s={search_term_string}\"},\"query-input\":{\"@type\":\"PropertyValueSpecification\",\"valueRequired\":true,\"valueName\":\"search_term_string\"}}],\"inLanguage\":\"en-US\"},{\"@type\":\"Organization\",\"@id\":\"https:\\\/\\\/almazarasdelasubbetica.com\\\/en\\\/#organization\",\"name\":\"Almazaras de la Subb\u00e9tica, S.C.A.\",\"url\":\"https:\\\/\\\/almazarasdelasubbetica.com\\\/en\\\/\",\"logo\":{\"@type\":\"ImageObject\",\"inLanguage\":\"en-US\",\"@id\":\"https:\\\/\\\/almazarasdelasubbetica.com\\\/en\\\/#\\\/schema\\\/logo\\\/image\\\/\",\"url\":\"https:\\\/\\\/almazarasdelasubbetica.com\\\/wp-content\\\/uploads\\\/2024\\\/11\\\/alma-logo.jpg\",\"contentUrl\":\"https:\\\/\\\/almazarasdelasubbetica.com\\\/wp-content\\\/uploads\\\/2024\\\/11\\\/alma-logo.jpg\",\"width\":220,\"height\":48,\"caption\":\"Almazaras de la Subb\u00e9tica, S.C.A.\"},\"image\":{\"@id\":\"https:\\\/\\\/almazarasdelasubbetica.com\\\/en\\\/#\\\/schema\\\/logo\\\/image\\\/\"},\"sameAs\":[\"https:\\\/\\\/www.facebook.com\\\/almazarasdelasubbetica\\\/\",\"https:\\\/\\\/x.com\\\/almasubbetica\",\"https:\\\/\\\/www.instagram.com\\\/almasubbetica\\\/\",\"https:\\\/\\\/www.linkedin.com\\\/company\\\/almazarasdelasubbetica\\\/\",\"https:\\\/\\\/www.tiktok.com\\\/@almasubbetica\"]}]}<\/script>\n<!-- \/ Yoast SEO plugin. -->","yoast_head_json":{"title":"Buy Almazaras Subb\u00e9tica PDO Priego de C\u00f3rdoba 5L Extra Virgin Olive Oil","description":"The 5L Almazaras de la Subb\u00e9tica PDO Priego de C\u00f3rdoba bottle jug is a great extra virgin olive oil for the world's most demanding chefs.","robots":{"index":"index","follow":"follow","max-snippet":"max-snippet:-1","max-image-preview":"max-image-preview:large","max-video-preview":"max-video-preview:-1"},"canonical":"https:\/\/almazarasdelasubbetica.com\/en\/products\/almaoliva-grand-selection-box-3-units\/","og_locale":"en_US","og_type":"article","og_title":"Buy Almazaras Subb\u00e9tica PDO Priego de C\u00f3rdoba 5L Extra Virgin Olive Oil","og_description":"The 5L Almazaras de la Subb\u00e9tica PDO Priego de C\u00f3rdoba bottle jug is a great extra virgin olive oil for the world's most demanding chefs.","og_url":"https:\/\/almazarasdelasubbetica.com\/en\/products\/almaoliva-grand-selection-box-3-units\/","og_site_name":"Almazaras de la Subb\u00e9tica | Tienda Online de AOVE Premiado","article_publisher":"https:\/\/www.facebook.com\/almazarasdelasubbetica\/","article_modified_time":"2026-02-18T11:39:47+00:00","og_image":[{"width":1800,"height":1350,"url":"https:\/\/almazarasdelasubbetica.com\/wp-content\/uploads\/2026\/02\/almasubbeticapriego1.jpg","type":"image\/jpeg"}],"twitter_card":"summary_large_image","twitter_site":"@almasubbetica","twitter_misc":{"Est. reading time":"1 minute"},"schema":{"@context":"https:\/\/schema.org","@graph":[{"@type":"WebPage","@id":"https:\/\/almazarasdelasubbetica.com\/en\/products\/almaoliva-grand-selection-box-3-units\/","url":"https:\/\/almazarasdelasubbetica.com\/en\/products\/almaoliva-grand-selection-box-3-units\/","name":"Buy Almazaras Subb\u00e9tica PDO Priego de C\u00f3rdoba 5L Extra Virgin Olive Oil","isPartOf":{"@id":"https:\/\/almazarasdelasubbetica.com\/en\/#website"},"primaryImageOfPage":{"@id":"https:\/\/almazarasdelasubbetica.com\/en\/products\/almaoliva-grand-selection-box-3-units\/#primaryimage"},"image":{"@id":"https:\/\/almazarasdelasubbetica.com\/en\/products\/almaoliva-grand-selection-box-3-units\/#primaryimage"},"thumbnailUrl":"https:\/\/almazarasdelasubbetica.com\/wp-content\/uploads\/2026\/02\/almasubbeticapriego1.jpg","datePublished":"2024-10-11T10:59:35+00:00","dateModified":"2026-02-18T11:39:47+00:00","description":"The 5L Almazaras de la Subb\u00e9tica PDO Priego de C\u00f3rdoba bottle jug is a great extra virgin olive oil for the world's most demanding chefs.","breadcrumb":{"@id":"https:\/\/almazarasdelasubbetica.com\/en\/products\/almaoliva-grand-selection-box-3-units\/#breadcrumb"},"inLanguage":"en-US","potentialAction":[{"@type":"ReadAction","target":["https:\/\/almazarasdelasubbetica.com\/en\/products\/almaoliva-grand-selection-box-3-units\/"]}]},{"@type":"ImageObject","inLanguage":"en-US","@id":"https:\/\/almazarasdelasubbetica.com\/en\/products\/almaoliva-grand-selection-box-3-units\/#primaryimage","url":"https:\/\/almazarasdelasubbetica.com\/wp-content\/uploads\/2026\/02\/almasubbeticapriego1.jpg","contentUrl":"https:\/\/almazarasdelasubbetica.com\/wp-content\/uploads\/2026\/02\/almasubbeticapriego1.jpg","width":1800,"height":1350},{"@type":"BreadcrumbList","@id":"https:\/\/almazarasdelasubbetica.com\/en\/products\/almaoliva-grand-selection-box-3-units\/#breadcrumb","itemListElement":[{"@type":"ListItem","position":1,"name":"Portada","item":"https:\/\/almazarasdelasubbetica.com\/en\/"},{"@type":"ListItem","position":2,"name":"Shop","item":"https:\/\/almazarasdelasubbetica.com\/tienda\/"},{"@type":"ListItem","position":3,"name":"Almazaras de la Subb\u00e9tica P.D.O. Priego de C\u00f3rdoba"}]},{"@type":"WebSite","@id":"https:\/\/almazarasdelasubbetica.com\/en\/#website","url":"https:\/\/almazarasdelasubbetica.com\/en\/","name":"Almazaras de la Subb\u00e9tica - Aceite de Oliva Virgen Extra","description":"Almazaras de la Subb\u00e9tica: aceites de oliva virgen extra premiados mundialmente, disponibles online bajo las marcas Rinc\u00f3n de la Subb\u00e9tica, Parqueoliva y Almaoliva.","publisher":{"@id":"https:\/\/almazarasdelasubbetica.com\/en\/#organization"},"alternateName":"Almazaras de la Subb\u00e9tica","potentialAction":[{"@type":"SearchAction","target":{"@type":"EntryPoint","urlTemplate":"https:\/\/almazarasdelasubbetica.com\/en\/?s={search_term_string}"},"query-input":{"@type":"PropertyValueSpecification","valueRequired":true,"valueName":"search_term_string"}}],"inLanguage":"en-US"},{"@type":"Organization","@id":"https:\/\/almazarasdelasubbetica.com\/en\/#organization","name":"Almazaras de la Subb\u00e9tica, S.C.A.","url":"https:\/\/almazarasdelasubbetica.com\/en\/","logo":{"@type":"ImageObject","inLanguage":"en-US","@id":"https:\/\/almazarasdelasubbetica.com\/en\/#\/schema\/logo\/image\/","url":"https:\/\/almazarasdelasubbetica.com\/wp-content\/uploads\/2024\/11\/alma-logo.jpg","contentUrl":"https:\/\/almazarasdelasubbetica.com\/wp-content\/uploads\/2024\/11\/alma-logo.jpg","width":220,"height":48,"caption":"Almazaras de la Subb\u00e9tica, S.C.A."},"image":{"@id":"https:\/\/almazarasdelasubbetica.com\/en\/#\/schema\/logo\/image\/"},"sameAs":["https:\/\/www.facebook.com\/almazarasdelasubbetica\/","https:\/\/x.com\/almasubbetica","https:\/\/www.instagram.com\/almasubbetica\/","https:\/\/www.linkedin.com\/company\/almazarasdelasubbetica\/","https:\/\/www.tiktok.com\/@almasubbetica"]}]}},"_links":{"self":[{"href":"https:\/\/almazarasdelasubbetica.com\/en\/wp-json\/wp\/v2\/product\/20894","targetHints":{"allow":["GET"]}}],"collection":[{"href":"https:\/\/almazarasdelasubbetica.com\/en\/wp-json\/wp\/v2\/product"}],"about":[{"href":"https:\/\/almazarasdelasubbetica.com\/en\/wp-json\/wp\/v2\/types\/product"}],"replies":[{"embeddable":true,"href":"https:\/\/almazarasdelasubbetica.com\/en\/wp-json\/wp\/v2\/comments?post=20894"}],"version-history":[{"count":5,"href":"https:\/\/almazarasdelasubbetica.com\/en\/wp-json\/wp\/v2\/product\/20894\/revisions"}],"predecessor-version":[{"id":25443,"href":"https:\/\/almazarasdelasubbetica.com\/en\/wp-json\/wp\/v2\/product\/20894\/revisions\/25443"}],"wp:featuredmedia":[{"embeddable":true,"href":"https:\/\/almazarasdelasubbetica.com\/en\/wp-json\/wp\/v2\/media\/25114"}],"wp:attachment":[{"href":"https:\/\/almazarasdelasubbetica.com\/en\/wp-json\/wp\/v2\/media?parent=20894"}],"wp:term":[{"taxonomy":"product_brand","embeddable":true,"href":"https:\/\/almazarasdelasubbetica.com\/en\/wp-json\/wp\/v2\/product_brand?post=20894"},{"taxonomy":"product_cat","embeddable":true,"href":"https:\/\/almazarasdelasubbetica.com\/en\/wp-json\/wp\/v2\/product_cat?post=20894"},{"taxonomy":"product_tag","embeddable":true,"href":"https:\/\/almazarasdelasubbetica.com\/en\/wp-json\/wp\/v2\/product_tag?post=20894"}],"curies":[{"name":"wp","href":"https:\/\/api.w.org\/{rel}","templated":true}]}}