{"id":20888,"date":"2024-10-11T13:00:42","date_gmt":"2024-10-11T11:00:42","guid":{"rendered":"https:\/\/almazarasdelasubbetica.com\/productos\/almaoliva-bio\/"},"modified":"2026-02-18T13:18:37","modified_gmt":"2026-02-18T12:18:37","slug":"almaoliva-bio-500ml","status":"publish","type":"product","link":"https:\/\/almazarasdelasubbetica.com\/en\/products\/almaoliva-bio-500ml\/","title":{"rendered":"Almazaras de la Subb\u00e9tica Bio"},"content":{"rendered":"<p><span style=\"font-weight: 400;\">Almazaras de la Subb\u00e9tica BIO, formerly Almaoliva BIO, is an <\/span><b>organic extra virgin olive oil<\/b><span style=\"font-weight: 400;\">, ideal for those who value environmental respect without compromising on flavor. It is a <\/span><b>blend of Picudo, Picual, and Hojiblanca<\/b><span style=\"font-weight: 400;\">, with a sensory profile that combines <\/span><b>green and ripe<\/b><span style=\"font-weight: 400;\"> notes. On the palate, it offers a <\/span><b>sweet touch at the beginning<\/b><span style=\"font-weight: 400;\">, followed by <\/span><b>green almond, bitterness, and spiciness<\/b><span style=\"font-weight: 400;\"> of medium-high intensity. Its balance and harmony make it a perfect AOVE for raw consumption in salads, meats, blue fish, and gourmet toasts.<\/span><\/p>\n<ul>\n<li style=\"font-weight: 400;\" aria-level=\"1\"><span style=\"font-weight: 400;\">An extra virgin olive oil perfect for those looking for excellent oil.<\/span><\/li>\n<li style=\"font-weight: 400;\" aria-level=\"1\"><span style=\"font-weight: 400;\">Perfect balance due to its harmony in aromas and flavor balance.<\/span><\/li>\n<\/ul>\n","protected":false},"excerpt":{"rendered":"<h1 data-start=\"142\" data-end=\"211\"><strong>ALMAZARAS DE LA SUBB\u00c9TICA BIO<\/strong><\/h1>\n<h2 data-start=\"142\" data-end=\"211\"><span style=\"color: #7db51e;\"><em>Natural harmony in every drop.<\/em><\/span><\/h2>\n<h4 data-start=\"213\" data-end=\"306\"><strong>An organic extra virgin olive oil, balanced, with character and delicacy.<\/strong><\/h4>\n<p>Campaign 2025\/2026<\/p>\n","protected":false},"featured_media":20601,"comment_status":"closed","ping_status":"closed","template":"","meta":{"_acf_changed":false},"product_brand":[304],"product_cat":[236,238,234,235,283],"product_tag":[327],"class_list":{"0":"post-20888","1":"product","2":"type-product","3":"status-publish","4":"has-post-thumbnail","6":"product_brand-bio-en","7":"product_cat-award-winning","8":"product_cat-best-selling","9":"product_cat-extra-virgin-olive-oil","10":"product_cat-featured","11":"product_cat-organic","12":"product_tag-en-plantilla-premios","14":"first","15":"instock","16":"featured","17":"taxable","18":"shipping-taxable","19":"purchasable","20":"product-type-variable","21":"has-default-attributes"},"acf":[],"yoast_head":"<!-- This site is optimized with the Yoast SEO plugin v27.3 - https:\/\/yoast.com\/product\/yoast-seo-wordpress\/ -->\n<title>Buy Almazaras Subb\u00e9tica Bio 500ml \u2013 Organic Extra Virgin Olive Oil (EVOO)<\/title>\n<meta name=\"description\" content=\"Our Almazaras Subb\u00e9tica Bio Organic Extra Virgin Olive Oil comes from our first-degree agricultural cooperative based in C\u00f3rdoba, Spain\" \/>\n<meta name=\"robots\" content=\"index, follow, max-snippet:-1, max-image-preview:large, max-video-preview:-1\" \/>\n<link rel=\"canonical\" href=\"https:\/\/almazarasdelasubbetica.com\/en\/products\/almaoliva-bio-500ml\/\" \/>\n<meta property=\"og:locale\" content=\"en_US\" \/>\n<meta property=\"og:type\" content=\"article\" \/>\n<meta property=\"og:title\" content=\"Buy Almazaras Subb\u00e9tica Bio 500ml \u2013 Organic Extra Virgin Olive Oil (EVOO)\" \/>\n<meta property=\"og:description\" content=\"Our Almazaras Subb\u00e9tica Bio Organic Extra Virgin Olive Oil comes from our first-degree agricultural cooperative based in C\u00f3rdoba, Spain\" \/>\n<meta property=\"og:url\" content=\"https:\/\/almazarasdelasubbetica.com\/en\/products\/almaoliva-bio-500ml\/\" \/>\n<meta property=\"og:site_name\" content=\"Almazaras de la Subb\u00e9tica | Tienda Online de AOVE Premiado\" \/>\n<meta property=\"article:publisher\" content=\"https:\/\/www.facebook.com\/almazarasdelasubbetica\/\" \/>\n<meta property=\"article:modified_time\" content=\"2026-02-18T12:18:37+00:00\" \/>\n<meta property=\"og:image\" content=\"https:\/\/almazarasdelasubbetica.com\/wp-content\/uploads\/2024\/10\/GN5_0597-EDITADO.jpg\" \/>\n\t<meta property=\"og:image:width\" content=\"1000\" \/>\n\t<meta property=\"og:image:height\" content=\"750\" \/>\n\t<meta property=\"og:image:type\" content=\"image\/jpeg\" \/>\n<meta name=\"twitter:card\" content=\"summary_large_image\" \/>\n<meta name=\"twitter:site\" content=\"@almasubbetica\" \/>\n<meta name=\"twitter:label1\" content=\"Est. reading time\" \/>\n\t<meta name=\"twitter:data1\" content=\"1 minute\" \/>\n<script type=\"application\/ld+json\" class=\"yoast-schema-graph\">{\"@context\":\"https:\\\/\\\/schema.org\",\"@graph\":[{\"@type\":\"WebPage\",\"@id\":\"https:\\\/\\\/almazarasdelasubbetica.com\\\/en\\\/products\\\/almaoliva-bio-500ml\\\/\",\"url\":\"https:\\\/\\\/almazarasdelasubbetica.com\\\/en\\\/products\\\/almaoliva-bio-500ml\\\/\",\"name\":\"Buy Almazaras Subb\u00e9tica Bio 500ml \u2013 Organic Extra Virgin Olive Oil (EVOO)\",\"isPartOf\":{\"@id\":\"https:\\\/\\\/almazarasdelasubbetica.com\\\/en\\\/#website\"},\"primaryImageOfPage\":{\"@id\":\"https:\\\/\\\/almazarasdelasubbetica.com\\\/en\\\/products\\\/almaoliva-bio-500ml\\\/#primaryimage\"},\"image\":{\"@id\":\"https:\\\/\\\/almazarasdelasubbetica.com\\\/en\\\/products\\\/almaoliva-bio-500ml\\\/#primaryimage\"},\"thumbnailUrl\":\"https:\\\/\\\/almazarasdelasubbetica.com\\\/wp-content\\\/uploads\\\/2024\\\/10\\\/GN5_0597-EDITADO.jpg\",\"datePublished\":\"2024-10-11T11:00:42+00:00\",\"dateModified\":\"2026-02-18T12:18:37+00:00\",\"description\":\"Our Almazaras Subb\u00e9tica Bio Organic Extra Virgin Olive Oil comes from our first-degree agricultural cooperative based in C\u00f3rdoba, Spain\",\"breadcrumb\":{\"@id\":\"https:\\\/\\\/almazarasdelasubbetica.com\\\/en\\\/products\\\/almaoliva-bio-500ml\\\/#breadcrumb\"},\"inLanguage\":\"en-US\",\"potentialAction\":[{\"@type\":\"ReadAction\",\"target\":[\"https:\\\/\\\/almazarasdelasubbetica.com\\\/en\\\/products\\\/almaoliva-bio-500ml\\\/\"]}]},{\"@type\":\"ImageObject\",\"inLanguage\":\"en-US\",\"@id\":\"https:\\\/\\\/almazarasdelasubbetica.com\\\/en\\\/products\\\/almaoliva-bio-500ml\\\/#primaryimage\",\"url\":\"https:\\\/\\\/almazarasdelasubbetica.com\\\/wp-content\\\/uploads\\\/2024\\\/10\\\/GN5_0597-EDITADO.jpg\",\"contentUrl\":\"https:\\\/\\\/almazarasdelasubbetica.com\\\/wp-content\\\/uploads\\\/2024\\\/10\\\/GN5_0597-EDITADO.jpg\",\"width\":1000,\"height\":750,\"caption\":\"Almaoliva Bio Aceite de Oliva Virgen Extra Ecol\u00f3gico botella 500ml\"},{\"@type\":\"BreadcrumbList\",\"@id\":\"https:\\\/\\\/almazarasdelasubbetica.com\\\/en\\\/products\\\/almaoliva-bio-500ml\\\/#breadcrumb\",\"itemListElement\":[{\"@type\":\"ListItem\",\"position\":1,\"name\":\"Portada\",\"item\":\"https:\\\/\\\/almazarasdelasubbetica.com\\\/en\\\/\"},{\"@type\":\"ListItem\",\"position\":2,\"name\":\"Shop\",\"item\":\"https:\\\/\\\/almazarasdelasubbetica.com\\\/tienda\\\/\"},{\"@type\":\"ListItem\",\"position\":3,\"name\":\"Almazaras de la Subb\u00e9tica Bio\"}]},{\"@type\":\"WebSite\",\"@id\":\"https:\\\/\\\/almazarasdelasubbetica.com\\\/en\\\/#website\",\"url\":\"https:\\\/\\\/almazarasdelasubbetica.com\\\/en\\\/\",\"name\":\"Almazaras de la Subb\u00e9tica - Aceite de Oliva Virgen Extra\",\"description\":\"Almazaras de la Subb\u00e9tica: aceites de oliva virgen extra premiados mundialmente, disponibles online bajo las marcas Rinc\u00f3n de la Subb\u00e9tica, Parqueoliva y Almaoliva.\",\"publisher\":{\"@id\":\"https:\\\/\\\/almazarasdelasubbetica.com\\\/en\\\/#organization\"},\"alternateName\":\"Almazaras de la Subb\u00e9tica\",\"potentialAction\":[{\"@type\":\"SearchAction\",\"target\":{\"@type\":\"EntryPoint\",\"urlTemplate\":\"https:\\\/\\\/almazarasdelasubbetica.com\\\/en\\\/?s={search_term_string}\"},\"query-input\":{\"@type\":\"PropertyValueSpecification\",\"valueRequired\":true,\"valueName\":\"search_term_string\"}}],\"inLanguage\":\"en-US\"},{\"@type\":\"Organization\",\"@id\":\"https:\\\/\\\/almazarasdelasubbetica.com\\\/en\\\/#organization\",\"name\":\"Almazaras de la Subb\u00e9tica, S.C.A.\",\"url\":\"https:\\\/\\\/almazarasdelasubbetica.com\\\/en\\\/\",\"logo\":{\"@type\":\"ImageObject\",\"inLanguage\":\"en-US\",\"@id\":\"https:\\\/\\\/almazarasdelasubbetica.com\\\/en\\\/#\\\/schema\\\/logo\\\/image\\\/\",\"url\":\"https:\\\/\\\/almazarasdelasubbetica.com\\\/wp-content\\\/uploads\\\/2024\\\/11\\\/alma-logo.jpg\",\"contentUrl\":\"https:\\\/\\\/almazarasdelasubbetica.com\\\/wp-content\\\/uploads\\\/2024\\\/11\\\/alma-logo.jpg\",\"width\":220,\"height\":48,\"caption\":\"Almazaras de la Subb\u00e9tica, S.C.A.\"},\"image\":{\"@id\":\"https:\\\/\\\/almazarasdelasubbetica.com\\\/en\\\/#\\\/schema\\\/logo\\\/image\\\/\"},\"sameAs\":[\"https:\\\/\\\/www.facebook.com\\\/almazarasdelasubbetica\\\/\",\"https:\\\/\\\/x.com\\\/almasubbetica\",\"https:\\\/\\\/www.instagram.com\\\/almasubbetica\\\/\",\"https:\\\/\\\/www.linkedin.com\\\/company\\\/almazarasdelasubbetica\\\/\",\"https:\\\/\\\/www.tiktok.com\\\/@almasubbetica\"]}]}<\/script>\n<!-- \/ Yoast SEO plugin. -->","yoast_head_json":{"title":"Buy Almazaras Subb\u00e9tica Bio 500ml \u2013 Organic Extra Virgin Olive Oil (EVOO)","description":"Our Almazaras Subb\u00e9tica Bio Organic Extra Virgin Olive Oil comes from our first-degree agricultural cooperative based in C\u00f3rdoba, Spain","robots":{"index":"index","follow":"follow","max-snippet":"max-snippet:-1","max-image-preview":"max-image-preview:large","max-video-preview":"max-video-preview:-1"},"canonical":"https:\/\/almazarasdelasubbetica.com\/en\/products\/almaoliva-bio-500ml\/","og_locale":"en_US","og_type":"article","og_title":"Buy Almazaras Subb\u00e9tica Bio 500ml \u2013 Organic Extra Virgin Olive Oil (EVOO)","og_description":"Our Almazaras Subb\u00e9tica Bio Organic Extra Virgin Olive Oil comes from our first-degree agricultural cooperative based in C\u00f3rdoba, Spain","og_url":"https:\/\/almazarasdelasubbetica.com\/en\/products\/almaoliva-bio-500ml\/","og_site_name":"Almazaras de la Subb\u00e9tica | Tienda Online de AOVE Premiado","article_publisher":"https:\/\/www.facebook.com\/almazarasdelasubbetica\/","article_modified_time":"2026-02-18T12:18:37+00:00","og_image":[{"width":1000,"height":750,"url":"https:\/\/almazarasdelasubbetica.com\/wp-content\/uploads\/2024\/10\/GN5_0597-EDITADO.jpg","type":"image\/jpeg"}],"twitter_card":"summary_large_image","twitter_site":"@almasubbetica","twitter_misc":{"Est. reading time":"1 minute"},"schema":{"@context":"https:\/\/schema.org","@graph":[{"@type":"WebPage","@id":"https:\/\/almazarasdelasubbetica.com\/en\/products\/almaoliva-bio-500ml\/","url":"https:\/\/almazarasdelasubbetica.com\/en\/products\/almaoliva-bio-500ml\/","name":"Buy Almazaras Subb\u00e9tica Bio 500ml \u2013 Organic Extra Virgin Olive Oil (EVOO)","isPartOf":{"@id":"https:\/\/almazarasdelasubbetica.com\/en\/#website"},"primaryImageOfPage":{"@id":"https:\/\/almazarasdelasubbetica.com\/en\/products\/almaoliva-bio-500ml\/#primaryimage"},"image":{"@id":"https:\/\/almazarasdelasubbetica.com\/en\/products\/almaoliva-bio-500ml\/#primaryimage"},"thumbnailUrl":"https:\/\/almazarasdelasubbetica.com\/wp-content\/uploads\/2024\/10\/GN5_0597-EDITADO.jpg","datePublished":"2024-10-11T11:00:42+00:00","dateModified":"2026-02-18T12:18:37+00:00","description":"Our Almazaras Subb\u00e9tica Bio Organic Extra Virgin Olive Oil comes from our first-degree agricultural cooperative based in C\u00f3rdoba, Spain","breadcrumb":{"@id":"https:\/\/almazarasdelasubbetica.com\/en\/products\/almaoliva-bio-500ml\/#breadcrumb"},"inLanguage":"en-US","potentialAction":[{"@type":"ReadAction","target":["https:\/\/almazarasdelasubbetica.com\/en\/products\/almaoliva-bio-500ml\/"]}]},{"@type":"ImageObject","inLanguage":"en-US","@id":"https:\/\/almazarasdelasubbetica.com\/en\/products\/almaoliva-bio-500ml\/#primaryimage","url":"https:\/\/almazarasdelasubbetica.com\/wp-content\/uploads\/2024\/10\/GN5_0597-EDITADO.jpg","contentUrl":"https:\/\/almazarasdelasubbetica.com\/wp-content\/uploads\/2024\/10\/GN5_0597-EDITADO.jpg","width":1000,"height":750,"caption":"Almaoliva Bio Aceite de Oliva Virgen Extra Ecol\u00f3gico botella 500ml"},{"@type":"BreadcrumbList","@id":"https:\/\/almazarasdelasubbetica.com\/en\/products\/almaoliva-bio-500ml\/#breadcrumb","itemListElement":[{"@type":"ListItem","position":1,"name":"Portada","item":"https:\/\/almazarasdelasubbetica.com\/en\/"},{"@type":"ListItem","position":2,"name":"Shop","item":"https:\/\/almazarasdelasubbetica.com\/tienda\/"},{"@type":"ListItem","position":3,"name":"Almazaras de la Subb\u00e9tica Bio"}]},{"@type":"WebSite","@id":"https:\/\/almazarasdelasubbetica.com\/en\/#website","url":"https:\/\/almazarasdelasubbetica.com\/en\/","name":"Almazaras de la Subb\u00e9tica - Aceite de Oliva Virgen Extra","description":"Almazaras de la Subb\u00e9tica: aceites de oliva virgen extra premiados mundialmente, disponibles online bajo las marcas Rinc\u00f3n de la Subb\u00e9tica, Parqueoliva y Almaoliva.","publisher":{"@id":"https:\/\/almazarasdelasubbetica.com\/en\/#organization"},"alternateName":"Almazaras de la Subb\u00e9tica","potentialAction":[{"@type":"SearchAction","target":{"@type":"EntryPoint","urlTemplate":"https:\/\/almazarasdelasubbetica.com\/en\/?s={search_term_string}"},"query-input":{"@type":"PropertyValueSpecification","valueRequired":true,"valueName":"search_term_string"}}],"inLanguage":"en-US"},{"@type":"Organization","@id":"https:\/\/almazarasdelasubbetica.com\/en\/#organization","name":"Almazaras de la Subb\u00e9tica, S.C.A.","url":"https:\/\/almazarasdelasubbetica.com\/en\/","logo":{"@type":"ImageObject","inLanguage":"en-US","@id":"https:\/\/almazarasdelasubbetica.com\/en\/#\/schema\/logo\/image\/","url":"https:\/\/almazarasdelasubbetica.com\/wp-content\/uploads\/2024\/11\/alma-logo.jpg","contentUrl":"https:\/\/almazarasdelasubbetica.com\/wp-content\/uploads\/2024\/11\/alma-logo.jpg","width":220,"height":48,"caption":"Almazaras de la Subb\u00e9tica, S.C.A."},"image":{"@id":"https:\/\/almazarasdelasubbetica.com\/en\/#\/schema\/logo\/image\/"},"sameAs":["https:\/\/www.facebook.com\/almazarasdelasubbetica\/","https:\/\/x.com\/almasubbetica","https:\/\/www.instagram.com\/almasubbetica\/","https:\/\/www.linkedin.com\/company\/almazarasdelasubbetica\/","https:\/\/www.tiktok.com\/@almasubbetica"]}]}},"_links":{"self":[{"href":"https:\/\/almazarasdelasubbetica.com\/en\/wp-json\/wp\/v2\/product\/20888","targetHints":{"allow":["GET"]}}],"collection":[{"href":"https:\/\/almazarasdelasubbetica.com\/en\/wp-json\/wp\/v2\/product"}],"about":[{"href":"https:\/\/almazarasdelasubbetica.com\/en\/wp-json\/wp\/v2\/types\/product"}],"replies":[{"embeddable":true,"href":"https:\/\/almazarasdelasubbetica.com\/en\/wp-json\/wp\/v2\/comments?post=20888"}],"version-history":[{"count":4,"href":"https:\/\/almazarasdelasubbetica.com\/en\/wp-json\/wp\/v2\/product\/20888\/revisions"}],"predecessor-version":[{"id":25444,"href":"https:\/\/almazarasdelasubbetica.com\/en\/wp-json\/wp\/v2\/product\/20888\/revisions\/25444"}],"wp:featuredmedia":[{"embeddable":true,"href":"https:\/\/almazarasdelasubbetica.com\/en\/wp-json\/wp\/v2\/media\/20601"}],"wp:attachment":[{"href":"https:\/\/almazarasdelasubbetica.com\/en\/wp-json\/wp\/v2\/media?parent=20888"}],"wp:term":[{"taxonomy":"product_brand","embeddable":true,"href":"https:\/\/almazarasdelasubbetica.com\/en\/wp-json\/wp\/v2\/product_brand?post=20888"},{"taxonomy":"product_cat","embeddable":true,"href":"https:\/\/almazarasdelasubbetica.com\/en\/wp-json\/wp\/v2\/product_cat?post=20888"},{"taxonomy":"product_tag","embeddable":true,"href":"https:\/\/almazarasdelasubbetica.com\/en\/wp-json\/wp\/v2\/product_tag?post=20888"}],"curies":[{"name":"wp","href":"https:\/\/api.w.org\/{rel}","templated":true}]}}