{"id":20881,"date":"2024-10-12T14:03:53","date_gmt":"2024-10-12T12:03:53","guid":{"rendered":"https:\/\/almazarasdelasubbetica.com\/productos\/rincon-de-la-subbetica\/"},"modified":"2025-11-21T12:07:45","modified_gmt":"2025-11-21T11:07:45","slug":"rincon-de-la-subbetica","status":"publish","type":"product","link":"https:\/\/almazarasdelasubbetica.com\/en\/products\/rincon-de-la-subbetica\/","title":{"rendered":"Rinc\u00f3n de la Subb\u00e9tica"},"content":{"rendered":"<p>Rinc\u00f3n de la Subb\u00e9tica is an <strong data-start=\"337\" data-end=\"379\">organic extra virgin olive oil<\/strong>, made exclusively from <strong data-start=\"435\" data-end=\"449\">Hojiblanca<\/strong> olives, harvested in the early days of the season. Born in the heart of the Sierras Subb\u00e9ticas Natural Park, this EVOO has been awarded year after year as <strong data-start=\"615\" data-end=\"654\">the best organic olive oil in the world<\/strong>. It stands out for its very intense green fruitiness and great aromatic complexity, with herbal, citrus notes, and hints of thyme, peppermint, and tomato plant. On the palate, it is sweet at the start, with medium-intensity bitterness and spiciness, perfectly balanced and persistent. A true masterpiece for the most demanding palates.<\/p>\n<ul>\n<li>100% organic olive juice.<\/li>\n<li>A true masterpiece for the most demanding palates.<\/li>\n<li>Absolutely flawless taste and aroma. Free from any defects. The most awarded olive oil in Spain\u2019s history.<\/li>\n<li>The best organic olive oil in Spain\u2019s history.<\/li>\n<li>Single-varietal Hojiblanca.<\/li>\n<\/ul>\n","protected":false},"excerpt":{"rendered":"<h1 data-start=\"142\" data-end=\"211\"><strong>RINC\u00d3N DE LA SUBB\u00c9TICA<\/strong><\/h1>\n<h2 data-start=\"142\" data-end=\"211\"><span style=\"color: #7db51e;\"><em>The most awarded organic EVOO in the world.<\/em><\/span><\/h2>\n<h4 data-start=\"213\" data-end=\"306\"><strong>A single-variety Hojiblanca extra virgin, harvested in the first days of the season.<\/strong><\/h4>\n<p>Harvest 2024\/2025<\/p>\n","protected":false},"featured_media":22510,"comment_status":"closed","ping_status":"closed","template":"","meta":{"_acf_changed":false},"product_brand":[300],"product_cat":[236,238,234,235,283],"product_tag":[327],"class_list":{"0":"post-20881","1":"product","2":"type-product","3":"status-publish","4":"has-post-thumbnail","6":"product_brand-rincon-de-la-subbetica-en","7":"product_cat-award-winning","8":"product_cat-best-selling","9":"product_cat-extra-virgin-olive-oil","10":"product_cat-featured","11":"product_cat-organic","12":"product_tag-en-plantilla-premios","14":"first","15":"instock","16":"featured","17":"taxable","18":"shipping-taxable","19":"purchasable","20":"product-type-variable","21":"has-default-attributes"},"acf":[],"yoast_head":"<!-- This site is optimized with the Yoast SEO plugin v27.3 - https:\/\/yoast.com\/product\/yoast-seo-wordpress\/ -->\n<title>BUY RINC\u00d3N DE LA SUBB\u00c9TICA 500ml OLIVE OIL<\/title>\n<meta name=\"description\" content=\"Organic extra virgin olive oil that preserves the fruit from our finest olive groves all year round.\" \/>\n<meta name=\"robots\" content=\"index, follow, max-snippet:-1, max-image-preview:large, max-video-preview:-1\" \/>\n<link rel=\"canonical\" href=\"https:\/\/almazarasdelasubbetica.com\/en\/products\/rincon-de-la-subbetica\/\" \/>\n<meta property=\"og:locale\" content=\"en_US\" \/>\n<meta property=\"og:type\" content=\"article\" \/>\n<meta property=\"og:title\" content=\"BUY RINC\u00d3N DE LA SUBB\u00c9TICA 500ml OLIVE OIL\" \/>\n<meta property=\"og:description\" content=\"Organic extra virgin olive oil that preserves the fruit from our finest olive groves all year round.\" \/>\n<meta property=\"og:url\" content=\"https:\/\/almazarasdelasubbetica.com\/en\/products\/rincon-de-la-subbetica\/\" \/>\n<meta property=\"og:site_name\" content=\"Almazaras de la Subb\u00e9tica | Tienda Online de AOVE Premiado\" \/>\n<meta property=\"article:publisher\" content=\"https:\/\/www.facebook.com\/almazarasdelasubbetica\/\" \/>\n<meta property=\"article:modified_time\" content=\"2025-11-21T11:07:45+00:00\" \/>\n<meta property=\"og:image\" content=\"https:\/\/almazarasdelasubbetica.com\/wp-content\/uploads\/2024\/10\/MEJOR-AOVE-2425-WEB-scaled.jpg\" \/>\n\t<meta property=\"og:image:width\" content=\"2560\" \/>\n\t<meta property=\"og:image:height\" content=\"1920\" \/>\n\t<meta property=\"og:image:type\" content=\"image\/jpeg\" \/>\n<meta name=\"twitter:card\" content=\"summary_large_image\" \/>\n<meta name=\"twitter:site\" content=\"@almasubbetica\" \/>\n<meta name=\"twitter:label1\" content=\"Est. reading time\" \/>\n\t<meta name=\"twitter:data1\" content=\"1 minute\" \/>\n<script type=\"application\/ld+json\" class=\"yoast-schema-graph\">{\"@context\":\"https:\\\/\\\/schema.org\",\"@graph\":[{\"@type\":\"WebPage\",\"@id\":\"https:\\\/\\\/almazarasdelasubbetica.com\\\/en\\\/products\\\/rincon-de-la-subbetica\\\/\",\"url\":\"https:\\\/\\\/almazarasdelasubbetica.com\\\/en\\\/products\\\/rincon-de-la-subbetica\\\/\",\"name\":\"BUY RINC\u00d3N DE LA SUBB\u00c9TICA 500ml OLIVE OIL\",\"isPartOf\":{\"@id\":\"https:\\\/\\\/almazarasdelasubbetica.com\\\/en\\\/#website\"},\"primaryImageOfPage\":{\"@id\":\"https:\\\/\\\/almazarasdelasubbetica.com\\\/en\\\/products\\\/rincon-de-la-subbetica\\\/#primaryimage\"},\"image\":{\"@id\":\"https:\\\/\\\/almazarasdelasubbetica.com\\\/en\\\/products\\\/rincon-de-la-subbetica\\\/#primaryimage\"},\"thumbnailUrl\":\"https:\\\/\\\/almazarasdelasubbetica.com\\\/wp-content\\\/uploads\\\/2024\\\/10\\\/MEJOR-AOVE-2425-WEB-scaled.jpg\",\"datePublished\":\"2024-10-12T12:03:53+00:00\",\"dateModified\":\"2025-11-21T11:07:45+00:00\",\"description\":\"Organic extra virgin olive oil that preserves the fruit from our finest olive groves all year round.\",\"breadcrumb\":{\"@id\":\"https:\\\/\\\/almazarasdelasubbetica.com\\\/en\\\/products\\\/rincon-de-la-subbetica\\\/#breadcrumb\"},\"inLanguage\":\"en-US\",\"potentialAction\":[{\"@type\":\"ReadAction\",\"target\":[\"https:\\\/\\\/almazarasdelasubbetica.com\\\/en\\\/products\\\/rincon-de-la-subbetica\\\/\"]}]},{\"@type\":\"ImageObject\",\"inLanguage\":\"en-US\",\"@id\":\"https:\\\/\\\/almazarasdelasubbetica.com\\\/en\\\/products\\\/rincon-de-la-subbetica\\\/#primaryimage\",\"url\":\"https:\\\/\\\/almazarasdelasubbetica.com\\\/wp-content\\\/uploads\\\/2024\\\/10\\\/MEJOR-AOVE-2425-WEB-scaled.jpg\",\"contentUrl\":\"https:\\\/\\\/almazarasdelasubbetica.com\\\/wp-content\\\/uploads\\\/2024\\\/10\\\/MEJOR-AOVE-2425-WEB-scaled.jpg\",\"width\":2560,\"height\":1920},{\"@type\":\"BreadcrumbList\",\"@id\":\"https:\\\/\\\/almazarasdelasubbetica.com\\\/en\\\/products\\\/rincon-de-la-subbetica\\\/#breadcrumb\",\"itemListElement\":[{\"@type\":\"ListItem\",\"position\":1,\"name\":\"Portada\",\"item\":\"https:\\\/\\\/almazarasdelasubbetica.com\\\/en\\\/\"},{\"@type\":\"ListItem\",\"position\":2,\"name\":\"Shop\",\"item\":\"https:\\\/\\\/almazarasdelasubbetica.com\\\/tienda\\\/\"},{\"@type\":\"ListItem\",\"position\":3,\"name\":\"Rinc\u00f3n de la Subb\u00e9tica\"}]},{\"@type\":\"WebSite\",\"@id\":\"https:\\\/\\\/almazarasdelasubbetica.com\\\/en\\\/#website\",\"url\":\"https:\\\/\\\/almazarasdelasubbetica.com\\\/en\\\/\",\"name\":\"Almazaras de la Subb\u00e9tica - Aceite de Oliva Virgen Extra\",\"description\":\"Almazaras de la Subb\u00e9tica: aceites de oliva virgen extra premiados mundialmente, disponibles online bajo las marcas Rinc\u00f3n de la Subb\u00e9tica, Parqueoliva y Almaoliva.\",\"publisher\":{\"@id\":\"https:\\\/\\\/almazarasdelasubbetica.com\\\/en\\\/#organization\"},\"alternateName\":\"Almazaras de la Subb\u00e9tica\",\"potentialAction\":[{\"@type\":\"SearchAction\",\"target\":{\"@type\":\"EntryPoint\",\"urlTemplate\":\"https:\\\/\\\/almazarasdelasubbetica.com\\\/en\\\/?s={search_term_string}\"},\"query-input\":{\"@type\":\"PropertyValueSpecification\",\"valueRequired\":true,\"valueName\":\"search_term_string\"}}],\"inLanguage\":\"en-US\"},{\"@type\":\"Organization\",\"@id\":\"https:\\\/\\\/almazarasdelasubbetica.com\\\/en\\\/#organization\",\"name\":\"Almazaras de la Subb\u00e9tica, S.C.A.\",\"url\":\"https:\\\/\\\/almazarasdelasubbetica.com\\\/en\\\/\",\"logo\":{\"@type\":\"ImageObject\",\"inLanguage\":\"en-US\",\"@id\":\"https:\\\/\\\/almazarasdelasubbetica.com\\\/en\\\/#\\\/schema\\\/logo\\\/image\\\/\",\"url\":\"https:\\\/\\\/almazarasdelasubbetica.com\\\/wp-content\\\/uploads\\\/2024\\\/11\\\/alma-logo.jpg\",\"contentUrl\":\"https:\\\/\\\/almazarasdelasubbetica.com\\\/wp-content\\\/uploads\\\/2024\\\/11\\\/alma-logo.jpg\",\"width\":220,\"height\":48,\"caption\":\"Almazaras de la Subb\u00e9tica, S.C.A.\"},\"image\":{\"@id\":\"https:\\\/\\\/almazarasdelasubbetica.com\\\/en\\\/#\\\/schema\\\/logo\\\/image\\\/\"},\"sameAs\":[\"https:\\\/\\\/www.facebook.com\\\/almazarasdelasubbetica\\\/\",\"https:\\\/\\\/x.com\\\/almasubbetica\",\"https:\\\/\\\/www.instagram.com\\\/almasubbetica\\\/\",\"https:\\\/\\\/www.linkedin.com\\\/company\\\/almazarasdelasubbetica\\\/\",\"https:\\\/\\\/www.tiktok.com\\\/@almasubbetica\"]}]}<\/script>\n<!-- \/ Yoast SEO plugin. -->","yoast_head_json":{"title":"BUY RINC\u00d3N DE LA SUBB\u00c9TICA 500ml OLIVE OIL","description":"Organic extra virgin olive oil that preserves the fruit from our finest olive groves all year round.","robots":{"index":"index","follow":"follow","max-snippet":"max-snippet:-1","max-image-preview":"max-image-preview:large","max-video-preview":"max-video-preview:-1"},"canonical":"https:\/\/almazarasdelasubbetica.com\/en\/products\/rincon-de-la-subbetica\/","og_locale":"en_US","og_type":"article","og_title":"BUY RINC\u00d3N DE LA SUBB\u00c9TICA 500ml OLIVE OIL","og_description":"Organic extra virgin olive oil that preserves the fruit from our finest olive groves all year round.","og_url":"https:\/\/almazarasdelasubbetica.com\/en\/products\/rincon-de-la-subbetica\/","og_site_name":"Almazaras de la Subb\u00e9tica | Tienda Online de AOVE Premiado","article_publisher":"https:\/\/www.facebook.com\/almazarasdelasubbetica\/","article_modified_time":"2025-11-21T11:07:45+00:00","og_image":[{"width":2560,"height":1920,"url":"https:\/\/almazarasdelasubbetica.com\/wp-content\/uploads\/2024\/10\/MEJOR-AOVE-2425-WEB-scaled.jpg","type":"image\/jpeg"}],"twitter_card":"summary_large_image","twitter_site":"@almasubbetica","twitter_misc":{"Est. reading time":"1 minute"},"schema":{"@context":"https:\/\/schema.org","@graph":[{"@type":"WebPage","@id":"https:\/\/almazarasdelasubbetica.com\/en\/products\/rincon-de-la-subbetica\/","url":"https:\/\/almazarasdelasubbetica.com\/en\/products\/rincon-de-la-subbetica\/","name":"BUY RINC\u00d3N DE LA SUBB\u00c9TICA 500ml OLIVE OIL","isPartOf":{"@id":"https:\/\/almazarasdelasubbetica.com\/en\/#website"},"primaryImageOfPage":{"@id":"https:\/\/almazarasdelasubbetica.com\/en\/products\/rincon-de-la-subbetica\/#primaryimage"},"image":{"@id":"https:\/\/almazarasdelasubbetica.com\/en\/products\/rincon-de-la-subbetica\/#primaryimage"},"thumbnailUrl":"https:\/\/almazarasdelasubbetica.com\/wp-content\/uploads\/2024\/10\/MEJOR-AOVE-2425-WEB-scaled.jpg","datePublished":"2024-10-12T12:03:53+00:00","dateModified":"2025-11-21T11:07:45+00:00","description":"Organic extra virgin olive oil that preserves the fruit from our finest olive groves all year round.","breadcrumb":{"@id":"https:\/\/almazarasdelasubbetica.com\/en\/products\/rincon-de-la-subbetica\/#breadcrumb"},"inLanguage":"en-US","potentialAction":[{"@type":"ReadAction","target":["https:\/\/almazarasdelasubbetica.com\/en\/products\/rincon-de-la-subbetica\/"]}]},{"@type":"ImageObject","inLanguage":"en-US","@id":"https:\/\/almazarasdelasubbetica.com\/en\/products\/rincon-de-la-subbetica\/#primaryimage","url":"https:\/\/almazarasdelasubbetica.com\/wp-content\/uploads\/2024\/10\/MEJOR-AOVE-2425-WEB-scaled.jpg","contentUrl":"https:\/\/almazarasdelasubbetica.com\/wp-content\/uploads\/2024\/10\/MEJOR-AOVE-2425-WEB-scaled.jpg","width":2560,"height":1920},{"@type":"BreadcrumbList","@id":"https:\/\/almazarasdelasubbetica.com\/en\/products\/rincon-de-la-subbetica\/#breadcrumb","itemListElement":[{"@type":"ListItem","position":1,"name":"Portada","item":"https:\/\/almazarasdelasubbetica.com\/en\/"},{"@type":"ListItem","position":2,"name":"Shop","item":"https:\/\/almazarasdelasubbetica.com\/tienda\/"},{"@type":"ListItem","position":3,"name":"Rinc\u00f3n de la Subb\u00e9tica"}]},{"@type":"WebSite","@id":"https:\/\/almazarasdelasubbetica.com\/en\/#website","url":"https:\/\/almazarasdelasubbetica.com\/en\/","name":"Almazaras de la Subb\u00e9tica - Aceite de Oliva Virgen Extra","description":"Almazaras de la Subb\u00e9tica: aceites de oliva virgen extra premiados mundialmente, disponibles online bajo las marcas Rinc\u00f3n de la Subb\u00e9tica, Parqueoliva y Almaoliva.","publisher":{"@id":"https:\/\/almazarasdelasubbetica.com\/en\/#organization"},"alternateName":"Almazaras de la Subb\u00e9tica","potentialAction":[{"@type":"SearchAction","target":{"@type":"EntryPoint","urlTemplate":"https:\/\/almazarasdelasubbetica.com\/en\/?s={search_term_string}"},"query-input":{"@type":"PropertyValueSpecification","valueRequired":true,"valueName":"search_term_string"}}],"inLanguage":"en-US"},{"@type":"Organization","@id":"https:\/\/almazarasdelasubbetica.com\/en\/#organization","name":"Almazaras de la Subb\u00e9tica, S.C.A.","url":"https:\/\/almazarasdelasubbetica.com\/en\/","logo":{"@type":"ImageObject","inLanguage":"en-US","@id":"https:\/\/almazarasdelasubbetica.com\/en\/#\/schema\/logo\/image\/","url":"https:\/\/almazarasdelasubbetica.com\/wp-content\/uploads\/2024\/11\/alma-logo.jpg","contentUrl":"https:\/\/almazarasdelasubbetica.com\/wp-content\/uploads\/2024\/11\/alma-logo.jpg","width":220,"height":48,"caption":"Almazaras de la Subb\u00e9tica, S.C.A."},"image":{"@id":"https:\/\/almazarasdelasubbetica.com\/en\/#\/schema\/logo\/image\/"},"sameAs":["https:\/\/www.facebook.com\/almazarasdelasubbetica\/","https:\/\/x.com\/almasubbetica","https:\/\/www.instagram.com\/almasubbetica\/","https:\/\/www.linkedin.com\/company\/almazarasdelasubbetica\/","https:\/\/www.tiktok.com\/@almasubbetica"]}]}},"_links":{"self":[{"href":"https:\/\/almazarasdelasubbetica.com\/en\/wp-json\/wp\/v2\/product\/20881","targetHints":{"allow":["GET"]}}],"collection":[{"href":"https:\/\/almazarasdelasubbetica.com\/en\/wp-json\/wp\/v2\/product"}],"about":[{"href":"https:\/\/almazarasdelasubbetica.com\/en\/wp-json\/wp\/v2\/types\/product"}],"replies":[{"embeddable":true,"href":"https:\/\/almazarasdelasubbetica.com\/en\/wp-json\/wp\/v2\/comments?post=20881"}],"version-history":[{"count":10,"href":"https:\/\/almazarasdelasubbetica.com\/en\/wp-json\/wp\/v2\/product\/20881\/revisions"}],"predecessor-version":[{"id":22709,"href":"https:\/\/almazarasdelasubbetica.com\/en\/wp-json\/wp\/v2\/product\/20881\/revisions\/22709"}],"wp:featuredmedia":[{"embeddable":true,"href":"https:\/\/almazarasdelasubbetica.com\/en\/wp-json\/wp\/v2\/media\/22510"}],"wp:attachment":[{"href":"https:\/\/almazarasdelasubbetica.com\/en\/wp-json\/wp\/v2\/media?parent=20881"}],"wp:term":[{"taxonomy":"product_brand","embeddable":true,"href":"https:\/\/almazarasdelasubbetica.com\/en\/wp-json\/wp\/v2\/product_brand?post=20881"},{"taxonomy":"product_cat","embeddable":true,"href":"https:\/\/almazarasdelasubbetica.com\/en\/wp-json\/wp\/v2\/product_cat?post=20881"},{"taxonomy":"product_tag","embeddable":true,"href":"https:\/\/almazarasdelasubbetica.com\/en\/wp-json\/wp\/v2\/product_tag?post=20881"}],"curies":[{"name":"wp","href":"https:\/\/api.w.org\/{rel}","templated":true}]}}