{"id":20848,"date":"2024-10-11T14:04:38","date_gmt":"2024-10-11T12:04:38","guid":{"rendered":"https:\/\/almazarasdelasubbetica.com\/productos\/parqueoliva-serie-oro\/"},"modified":"2025-09-24T09:43:08","modified_gmt":"2025-09-24T07:43:08","slug":"parqueoliva-serie-oro","status":"publish","type":"product","link":"https:\/\/almazarasdelasubbetica.com\/en\/products\/parqueoliva-serie-oro\/","title":{"rendered":"Parqueoliva Serie Oro"},"content":{"rendered":"<p><span style=\"font-weight: 400;\">Parqueoliva Serie Oro is a premium <\/span><b>extra virgin olive oil<\/b><span style=\"font-weight: 400;\">, crafted from a careful selection of <\/span><b>Picuda and Hojiblanca olives<\/b><span style=\"font-weight: 400;\"> harvested at the beginning of the season. This combination results in an exceptional coupage that has been internationally recognized for its complexity and harmony. On the nose, it presents a <\/span><b>medium-high green fruitiness<\/b><span style=\"font-weight: 400;\">, with notes of apple, green banana, tomato plant, artichoke, and green almond. On the palate, it starts sweet, with medium intensity bitterness and spiciness, resulting in a balanced EVOO, long and full of personality. Its quality and elegance make it one of the gr<\/p>\n","protected":false},"excerpt":{"rendered":"<h1 data-start=\"142\" data-end=\"211\"><strong>PARQUEOLIVA SERIE ORO<\/strong><\/h1>\n<h2 data-start=\"142\" data-end=\"211\"><span style=\"color: #7db51e;\"><em>Perfect balance between Picuda and Hojiblanca.<\/em><\/span><\/h2>\n<h4 data-start=\"213\" data-end=\"306\"><strong>A selected edition EVOO, crafted from the finest olive groves of the Subb\u00e9tica.<\/strong><\/h4>\n<p>Harvest 2024\/2025<\/p>\n","protected":false},"featured_media":20594,"comment_status":"closed","ping_status":"closed","template":"","meta":{"_acf_changed":false},"product_brand":[302,303],"product_cat":[236,238,234,235],"product_tag":[327],"class_list":{"0":"post-20848","1":"product","2":"type-product","3":"status-publish","4":"has-post-thumbnail","6":"product_brand-parqueoliva-en","7":"product_brand-serie-oro-en","8":"product_cat-award-winning","9":"product_cat-best-selling","10":"product_cat-extra-virgin-olive-oil","11":"product_cat-featured","12":"product_tag-en-plantilla-premios","14":"first","15":"instock","16":"featured","17":"taxable","18":"shipping-taxable","19":"purchasable","20":"product-type-variable","21":"has-default-attributes"},"acf":[],"yoast_head":"<!-- This site is optimized with the Yoast SEO plugin v27.3 - https:\/\/yoast.com\/product\/yoast-seo-wordpress\/ -->\n<title>Parqueoliva Gold Series Extra Virgin Olive Oil 500ml<\/title>\n<meta name=\"description\" content=\"Parqueoliva Gold Series. The perfect combination of the Picuda and Hojiblanca varieties becomes a true delight for the senses.\" \/>\n<meta name=\"robots\" content=\"index, follow, max-snippet:-1, max-image-preview:large, max-video-preview:-1\" \/>\n<link rel=\"canonical\" href=\"https:\/\/almazarasdelasubbetica.com\/en\/products\/parqueoliva-serie-oro\/\" \/>\n<meta property=\"og:locale\" content=\"en_US\" \/>\n<meta property=\"og:type\" content=\"article\" \/>\n<meta property=\"og:title\" content=\"Parqueoliva Gold Series Extra Virgin Olive Oil 500ml\" \/>\n<meta property=\"og:description\" content=\"Parqueoliva Gold Series. The perfect combination of the Picuda and Hojiblanca varieties becomes a true delight for the senses.\" \/>\n<meta property=\"og:url\" content=\"https:\/\/almazarasdelasubbetica.com\/en\/products\/parqueoliva-serie-oro\/\" \/>\n<meta property=\"og:site_name\" content=\"Almazaras de la Subb\u00e9tica | Tienda Online de AOVE Premiado\" \/>\n<meta property=\"article:publisher\" content=\"https:\/\/www.facebook.com\/almazarasdelasubbetica\/\" \/>\n<meta property=\"article:modified_time\" content=\"2025-09-24T07:43:08+00:00\" \/>\n<meta property=\"og:image\" content=\"https:\/\/almazarasdelasubbetica.com\/wp-content\/uploads\/2024\/06\/serie-oro.jpg\" \/>\n\t<meta property=\"og:image:width\" content=\"1000\" \/>\n\t<meta property=\"og:image:height\" content=\"750\" \/>\n\t<meta property=\"og:image:type\" content=\"image\/jpeg\" \/>\n<meta name=\"twitter:card\" content=\"summary_large_image\" \/>\n<meta name=\"twitter:site\" content=\"@almasubbetica\" \/>\n<meta name=\"twitter:label1\" content=\"Est. reading time\" \/>\n\t<meta name=\"twitter:data1\" content=\"2 minutes\" \/>\n<script type=\"application\/ld+json\" class=\"yoast-schema-graph\">{\"@context\":\"https:\\\/\\\/schema.org\",\"@graph\":[{\"@type\":\"WebPage\",\"@id\":\"https:\\\/\\\/almazarasdelasubbetica.com\\\/en\\\/products\\\/parqueoliva-serie-oro\\\/\",\"url\":\"https:\\\/\\\/almazarasdelasubbetica.com\\\/en\\\/products\\\/parqueoliva-serie-oro\\\/\",\"name\":\"Parqueoliva Gold Series Extra Virgin Olive Oil 500ml\",\"isPartOf\":{\"@id\":\"https:\\\/\\\/almazarasdelasubbetica.com\\\/en\\\/#website\"},\"primaryImageOfPage\":{\"@id\":\"https:\\\/\\\/almazarasdelasubbetica.com\\\/en\\\/products\\\/parqueoliva-serie-oro\\\/#primaryimage\"},\"image\":{\"@id\":\"https:\\\/\\\/almazarasdelasubbetica.com\\\/en\\\/products\\\/parqueoliva-serie-oro\\\/#primaryimage\"},\"thumbnailUrl\":\"https:\\\/\\\/almazarasdelasubbetica.com\\\/wp-content\\\/uploads\\\/2024\\\/06\\\/serie-oro.jpg\",\"datePublished\":\"2024-10-11T12:04:38+00:00\",\"dateModified\":\"2025-09-24T07:43:08+00:00\",\"description\":\"Parqueoliva Gold Series. The perfect combination of the Picuda and Hojiblanca varieties becomes a true delight for the senses.\",\"breadcrumb\":{\"@id\":\"https:\\\/\\\/almazarasdelasubbetica.com\\\/en\\\/products\\\/parqueoliva-serie-oro\\\/#breadcrumb\"},\"inLanguage\":\"en-US\",\"potentialAction\":[{\"@type\":\"ReadAction\",\"target\":[\"https:\\\/\\\/almazarasdelasubbetica.com\\\/en\\\/products\\\/parqueoliva-serie-oro\\\/\"]}]},{\"@type\":\"ImageObject\",\"inLanguage\":\"en-US\",\"@id\":\"https:\\\/\\\/almazarasdelasubbetica.com\\\/en\\\/products\\\/parqueoliva-serie-oro\\\/#primaryimage\",\"url\":\"https:\\\/\\\/almazarasdelasubbetica.com\\\/wp-content\\\/uploads\\\/2024\\\/06\\\/serie-oro.jpg\",\"contentUrl\":\"https:\\\/\\\/almazarasdelasubbetica.com\\\/wp-content\\\/uploads\\\/2024\\\/06\\\/serie-oro.jpg\",\"width\":1000,\"height\":750,\"caption\":\"Parqueoliva Serie Oro Botella 500 ml\"},{\"@type\":\"BreadcrumbList\",\"@id\":\"https:\\\/\\\/almazarasdelasubbetica.com\\\/en\\\/products\\\/parqueoliva-serie-oro\\\/#breadcrumb\",\"itemListElement\":[{\"@type\":\"ListItem\",\"position\":1,\"name\":\"Portada\",\"item\":\"https:\\\/\\\/almazarasdelasubbetica.com\\\/en\\\/\"},{\"@type\":\"ListItem\",\"position\":2,\"name\":\"Shop\",\"item\":\"https:\\\/\\\/almazarasdelasubbetica.com\\\/tienda\\\/\"},{\"@type\":\"ListItem\",\"position\":3,\"name\":\"Parqueoliva Serie Oro\"}]},{\"@type\":\"WebSite\",\"@id\":\"https:\\\/\\\/almazarasdelasubbetica.com\\\/en\\\/#website\",\"url\":\"https:\\\/\\\/almazarasdelasubbetica.com\\\/en\\\/\",\"name\":\"Almazaras de la Subb\u00e9tica - Aceite de Oliva Virgen Extra\",\"description\":\"Almazaras de la Subb\u00e9tica: aceites de oliva virgen extra premiados mundialmente, disponibles online bajo las marcas Rinc\u00f3n de la Subb\u00e9tica, Parqueoliva y Almaoliva.\",\"publisher\":{\"@id\":\"https:\\\/\\\/almazarasdelasubbetica.com\\\/en\\\/#organization\"},\"alternateName\":\"Almazaras de la Subb\u00e9tica\",\"potentialAction\":[{\"@type\":\"SearchAction\",\"target\":{\"@type\":\"EntryPoint\",\"urlTemplate\":\"https:\\\/\\\/almazarasdelasubbetica.com\\\/en\\\/?s={search_term_string}\"},\"query-input\":{\"@type\":\"PropertyValueSpecification\",\"valueRequired\":true,\"valueName\":\"search_term_string\"}}],\"inLanguage\":\"en-US\"},{\"@type\":\"Organization\",\"@id\":\"https:\\\/\\\/almazarasdelasubbetica.com\\\/en\\\/#organization\",\"name\":\"Almazaras de la Subb\u00e9tica, S.C.A.\",\"url\":\"https:\\\/\\\/almazarasdelasubbetica.com\\\/en\\\/\",\"logo\":{\"@type\":\"ImageObject\",\"inLanguage\":\"en-US\",\"@id\":\"https:\\\/\\\/almazarasdelasubbetica.com\\\/en\\\/#\\\/schema\\\/logo\\\/image\\\/\",\"url\":\"https:\\\/\\\/almazarasdelasubbetica.com\\\/wp-content\\\/uploads\\\/2024\\\/11\\\/alma-logo.jpg\",\"contentUrl\":\"https:\\\/\\\/almazarasdelasubbetica.com\\\/wp-content\\\/uploads\\\/2024\\\/11\\\/alma-logo.jpg\",\"width\":220,\"height\":48,\"caption\":\"Almazaras de la Subb\u00e9tica, S.C.A.\"},\"image\":{\"@id\":\"https:\\\/\\\/almazarasdelasubbetica.com\\\/en\\\/#\\\/schema\\\/logo\\\/image\\\/\"},\"sameAs\":[\"https:\\\/\\\/www.facebook.com\\\/almazarasdelasubbetica\\\/\",\"https:\\\/\\\/x.com\\\/almasubbetica\",\"https:\\\/\\\/www.instagram.com\\\/almasubbetica\\\/\",\"https:\\\/\\\/www.linkedin.com\\\/company\\\/almazarasdelasubbetica\\\/\",\"https:\\\/\\\/www.tiktok.com\\\/@almasubbetica\"]}]}<\/script>\n<!-- \/ Yoast SEO plugin. -->","yoast_head_json":{"title":"Parqueoliva Gold Series Extra Virgin Olive Oil 500ml","description":"Parqueoliva Gold Series. The perfect combination of the Picuda and Hojiblanca varieties becomes a true delight for the senses.","robots":{"index":"index","follow":"follow","max-snippet":"max-snippet:-1","max-image-preview":"max-image-preview:large","max-video-preview":"max-video-preview:-1"},"canonical":"https:\/\/almazarasdelasubbetica.com\/en\/products\/parqueoliva-serie-oro\/","og_locale":"en_US","og_type":"article","og_title":"Parqueoliva Gold Series Extra Virgin Olive Oil 500ml","og_description":"Parqueoliva Gold Series. The perfect combination of the Picuda and Hojiblanca varieties becomes a true delight for the senses.","og_url":"https:\/\/almazarasdelasubbetica.com\/en\/products\/parqueoliva-serie-oro\/","og_site_name":"Almazaras de la Subb\u00e9tica | Tienda Online de AOVE Premiado","article_publisher":"https:\/\/www.facebook.com\/almazarasdelasubbetica\/","article_modified_time":"2025-09-24T07:43:08+00:00","og_image":[{"width":1000,"height":750,"url":"https:\/\/almazarasdelasubbetica.com\/wp-content\/uploads\/2024\/06\/serie-oro.jpg","type":"image\/jpeg"}],"twitter_card":"summary_large_image","twitter_site":"@almasubbetica","twitter_misc":{"Est. reading time":"2 minutes"},"schema":{"@context":"https:\/\/schema.org","@graph":[{"@type":"WebPage","@id":"https:\/\/almazarasdelasubbetica.com\/en\/products\/parqueoliva-serie-oro\/","url":"https:\/\/almazarasdelasubbetica.com\/en\/products\/parqueoliva-serie-oro\/","name":"Parqueoliva Gold Series Extra Virgin Olive Oil 500ml","isPartOf":{"@id":"https:\/\/almazarasdelasubbetica.com\/en\/#website"},"primaryImageOfPage":{"@id":"https:\/\/almazarasdelasubbetica.com\/en\/products\/parqueoliva-serie-oro\/#primaryimage"},"image":{"@id":"https:\/\/almazarasdelasubbetica.com\/en\/products\/parqueoliva-serie-oro\/#primaryimage"},"thumbnailUrl":"https:\/\/almazarasdelasubbetica.com\/wp-content\/uploads\/2024\/06\/serie-oro.jpg","datePublished":"2024-10-11T12:04:38+00:00","dateModified":"2025-09-24T07:43:08+00:00","description":"Parqueoliva Gold Series. The perfect combination of the Picuda and Hojiblanca varieties becomes a true delight for the senses.","breadcrumb":{"@id":"https:\/\/almazarasdelasubbetica.com\/en\/products\/parqueoliva-serie-oro\/#breadcrumb"},"inLanguage":"en-US","potentialAction":[{"@type":"ReadAction","target":["https:\/\/almazarasdelasubbetica.com\/en\/products\/parqueoliva-serie-oro\/"]}]},{"@type":"ImageObject","inLanguage":"en-US","@id":"https:\/\/almazarasdelasubbetica.com\/en\/products\/parqueoliva-serie-oro\/#primaryimage","url":"https:\/\/almazarasdelasubbetica.com\/wp-content\/uploads\/2024\/06\/serie-oro.jpg","contentUrl":"https:\/\/almazarasdelasubbetica.com\/wp-content\/uploads\/2024\/06\/serie-oro.jpg","width":1000,"height":750,"caption":"Parqueoliva Serie Oro Botella 500 ml"},{"@type":"BreadcrumbList","@id":"https:\/\/almazarasdelasubbetica.com\/en\/products\/parqueoliva-serie-oro\/#breadcrumb","itemListElement":[{"@type":"ListItem","position":1,"name":"Portada","item":"https:\/\/almazarasdelasubbetica.com\/en\/"},{"@type":"ListItem","position":2,"name":"Shop","item":"https:\/\/almazarasdelasubbetica.com\/tienda\/"},{"@type":"ListItem","position":3,"name":"Parqueoliva Serie Oro"}]},{"@type":"WebSite","@id":"https:\/\/almazarasdelasubbetica.com\/en\/#website","url":"https:\/\/almazarasdelasubbetica.com\/en\/","name":"Almazaras de la Subb\u00e9tica - Aceite de Oliva Virgen Extra","description":"Almazaras de la Subb\u00e9tica: aceites de oliva virgen extra premiados mundialmente, disponibles online bajo las marcas Rinc\u00f3n de la Subb\u00e9tica, Parqueoliva y Almaoliva.","publisher":{"@id":"https:\/\/almazarasdelasubbetica.com\/en\/#organization"},"alternateName":"Almazaras de la Subb\u00e9tica","potentialAction":[{"@type":"SearchAction","target":{"@type":"EntryPoint","urlTemplate":"https:\/\/almazarasdelasubbetica.com\/en\/?s={search_term_string}"},"query-input":{"@type":"PropertyValueSpecification","valueRequired":true,"valueName":"search_term_string"}}],"inLanguage":"en-US"},{"@type":"Organization","@id":"https:\/\/almazarasdelasubbetica.com\/en\/#organization","name":"Almazaras de la Subb\u00e9tica, S.C.A.","url":"https:\/\/almazarasdelasubbetica.com\/en\/","logo":{"@type":"ImageObject","inLanguage":"en-US","@id":"https:\/\/almazarasdelasubbetica.com\/en\/#\/schema\/logo\/image\/","url":"https:\/\/almazarasdelasubbetica.com\/wp-content\/uploads\/2024\/11\/alma-logo.jpg","contentUrl":"https:\/\/almazarasdelasubbetica.com\/wp-content\/uploads\/2024\/11\/alma-logo.jpg","width":220,"height":48,"caption":"Almazaras de la Subb\u00e9tica, S.C.A."},"image":{"@id":"https:\/\/almazarasdelasubbetica.com\/en\/#\/schema\/logo\/image\/"},"sameAs":["https:\/\/www.facebook.com\/almazarasdelasubbetica\/","https:\/\/x.com\/almasubbetica","https:\/\/www.instagram.com\/almasubbetica\/","https:\/\/www.linkedin.com\/company\/almazarasdelasubbetica\/","https:\/\/www.tiktok.com\/@almasubbetica"]}]}},"_links":{"self":[{"href":"https:\/\/almazarasdelasubbetica.com\/en\/wp-json\/wp\/v2\/product\/20848","targetHints":{"allow":["GET"]}}],"collection":[{"href":"https:\/\/almazarasdelasubbetica.com\/en\/wp-json\/wp\/v2\/product"}],"about":[{"href":"https:\/\/almazarasdelasubbetica.com\/en\/wp-json\/wp\/v2\/types\/product"}],"replies":[{"embeddable":true,"href":"https:\/\/almazarasdelasubbetica.com\/en\/wp-json\/wp\/v2\/comments?post=20848"}],"version-history":[{"count":10,"href":"https:\/\/almazarasdelasubbetica.com\/en\/wp-json\/wp\/v2\/product\/20848\/revisions"}],"predecessor-version":[{"id":22716,"href":"https:\/\/almazarasdelasubbetica.com\/en\/wp-json\/wp\/v2\/product\/20848\/revisions\/22716"}],"wp:featuredmedia":[{"embeddable":true,"href":"https:\/\/almazarasdelasubbetica.com\/en\/wp-json\/wp\/v2\/media\/20594"}],"wp:attachment":[{"href":"https:\/\/almazarasdelasubbetica.com\/en\/wp-json\/wp\/v2\/media?parent=20848"}],"wp:term":[{"taxonomy":"product_brand","embeddable":true,"href":"https:\/\/almazarasdelasubbetica.com\/en\/wp-json\/wp\/v2\/product_brand?post=20848"},{"taxonomy":"product_cat","embeddable":true,"href":"https:\/\/almazarasdelasubbetica.com\/en\/wp-json\/wp\/v2\/product_cat?post=20848"},{"taxonomy":"product_tag","embeddable":true,"href":"https:\/\/almazarasdelasubbetica.com\/en\/wp-json\/wp\/v2\/product_tag?post=20848"}],"curies":[{"name":"wp","href":"https:\/\/api.w.org\/{rel}","templated":true}]}}