{"id":20863,"date":"2024-07-19T11:16:47","date_gmt":"2024-07-19T09:16:47","guid":{"rendered":"https:\/\/almazarasdelasubbetica.com\/reembolso_devoluciones\/"},"modified":"2025-09-22T00:16:00","modified_gmt":"2025-09-21T22:16:00","slug":"reembolso_devoluciones","status":"publish","type":"page","link":"https:\/\/almazarasdelasubbetica.com\/en\/reembolso_devoluciones\/","title":{"rendered":"Pol\u00edtica de devoluciones y reembolsos"},"content":{"rendered":"\t\t<div data-elementor-type=\"wp-page\" data-elementor-id=\"20863\" class=\"elementor elementor-20863 elementor-8938\" wpc-filter-elementor-widget=\"1\" data-elementor-post-type=\"page\">\n\t\t\t\t\t\t<section class=\"elementor-section elementor-top-section elementor-element elementor-element-5c1817a7 elementor-section-boxed elementor-section-height-default elementor-section-height-default\" data-id=\"5c1817a7\" data-element_type=\"section\" data-e-type=\"section\" data-settings=\"{&quot;background_background&quot;:&quot;classic&quot;}\">\n\t\t\t\t\t\t\t<div class=\"elementor-background-overlay\"><\/div>\n\t\t\t\t\t\t\t<div class=\"elementor-container elementor-column-gap-default\">\n\t\t\t\t\t<div class=\"elementor-column elementor-col-100 elementor-top-column elementor-element elementor-element-6d3cbc9c\" data-id=\"6d3cbc9c\" data-element_type=\"column\" data-e-type=\"column\">\n\t\t\t<div class=\"elementor-widget-wrap elementor-element-populated\">\n\t\t\t\t\t\t<div class=\"elementor-element elementor-element-4cf0d60b elementor-widget elementor-widget-heading\" data-id=\"4cf0d60b\" data-element_type=\"widget\" data-e-type=\"widget\" data-widget_type=\"heading.default\">\n\t\t\t\t<div class=\"elementor-widget-container\">\n\t\t\t\t\t<h1 class=\"elementor-heading-title elementor-size-default\">Env\u00edos y Devoluciones<\/h1>\t\t\t\t<\/div>\n\t\t\t\t<\/div>\n\t\t\t\t\t<\/div>\n\t\t<\/div>\n\t\t\t\t\t<\/div>\n\t\t<\/section>\n\t\t<div class=\"elementor-element elementor-element-a726ea0 e-flex e-con-boxed e-con e-parent\" data-id=\"a726ea0\" data-element_type=\"container\" data-e-type=\"container\">\n\t\t\t\t\t<div class=\"e-con-inner\">\n\t\t\t\t<div class=\"elementor-element elementor-element-f6c7894 elementor-widget elementor-widget-spacer\" data-id=\"f6c7894\" data-element_type=\"widget\" data-e-type=\"widget\" data-widget_type=\"spacer.default\">\n\t\t\t\t<div class=\"elementor-widget-container\">\n\t\t\t\t\t\t\t<div class=\"elementor-spacer\">\n\t\t\t<div class=\"elementor-spacer-inner\"><\/div>\n\t\t<\/div>\n\t\t\t\t\t\t<\/div>\n\t\t\t\t<\/div>\n\t\t\t\t\t<\/div>\n\t\t\t\t<\/div>\n\t\t<div class=\"elementor-element elementor-element-2e2a541f e-flex e-con-boxed e-con e-parent\" data-id=\"2e2a541f\" data-element_type=\"container\" data-e-type=\"container\">\n\t\t\t\t\t<div class=\"e-con-inner\">\n\t\t\t\t<div class=\"elementor-element elementor-element-4c9a5a33 elementor-widget elementor-widget-text-editor\" data-id=\"4c9a5a33\" data-element_type=\"widget\" data-e-type=\"widget\" data-widget_type=\"text-editor.default\">\n\t\t\t\t<div class=\"elementor-widget-container\">\n\t\t\t\t\t\t\t\t\t\n<p><strong>1. ART. 103. DERECHO LEGAL A DESISTIR DE LA COMPRA.<\/strong><\/p>\n<p>Desde Almazaras de la Subb\u00e9tica queremos que est\u00e9is completamente satisfecho\/a y encantados\/as con vuestro pedido.<\/p>\n<p><strong><em>Derecho de desistimiento<\/em><\/strong><\/p>\n<p><em>Tiene usted derecho a desistir del presente contrato en un plazo de 14 d\u00edas naturales sin necesidad de justificaci\u00f3n.<\/em><\/p>\n<p><em>El plazo de desistimiento expirar\u00e1 a los 14 d\u00edas naturales del d\u00eda que usted o un tercero por usted indicado, distinto del transportista, adquiri\u00f3 la posesi\u00f3n material del \u00faltimo de esos bienes.<\/em><\/p>\n<p><em>Para ejercer el derecho de desistimiento, deber\u00e1 usted notificarnos a Almazaras de la Subb\u00e9tica SL Carretera A-339, KM 17-85, 14810 \u2013 Carcabuey \u2013 C\u00f3rdoba, email: <\/em><a href=\"mailto:tienda@almazarasdelasubbetica.com\"><em>tienda@almazarasdelasubbetica.com<\/em><\/a> <em>y tel\u00e9fono: +34 957 55 30 14 su decisi\u00f3n de desistir del contrato a trav\u00e9s de una declaraci\u00f3n inequ\u00edvoca (por ejemplo, una carta enviada por correo postal, fax o correo electr\u00f3nico). Podr\u00e1 utilizar el modelo de formulario de desistimiento que figura a continuaci\u00f3n, aunque su uso no es obligatorio.<\/em><\/p>\n<p><em>Para cumplir el plazo de desistimiento, basta con que la comunicaci\u00f3n relativa al ejercicio por su parte de este derecho sea enviada antes de que venza el plazo correspondiente.<\/em><\/p>\n<p><em>\u00a0<\/em><strong><em>Consecuencias del desistimiento<\/em><\/strong><\/p>\n<p><em>En caso de desistimiento por su parte, le devolveremos todos los pagos recibidos de usted, incluidos los gastos de entrega (con la excepci\u00f3n de los gastos adicionales resultantes de la elecci\u00f3n por su parte de una modalidad de entrega diferente a la modalidad menos costosa de entrega ordinaria que ofrezcamos) sin ninguna demora indebida y, en todo caso, a m\u00e1s tardar 14 d\u00edas naturales a partir de la fecha en la que se nos informe de su decisi\u00f3n de desistir del presente contrato. Procederemos a efectuar dicho reembolso utilizando el mismo medio de pago empleado por usted para la transacci\u00f3n inicial, a no ser que haya usted dispuesto expresamente lo contrario; en todo caso, no incurrir\u00e1 en ning\u00fan gasto como consecuencia del reembolso. Podremos retener el reembolso hasta haber recibido los bienes, o hasta que usted haya presentado una prueba de la devoluci\u00f3n de los mismos, seg\u00fan qu\u00e9 condici\u00f3n se cumpla primero.<\/em><\/p>\n<p><em>Deber\u00e1 usted devolvernos o entregarnos directamente los bienes, sin ninguna demora indebida y, en cualquier caso, a m\u00e1s tardar en el plazo de 14 d\u00edas naturales a partir de la fecha en que nos comunique su decisi\u00f3n de desistimiento del contrato. Se considerar\u00e1 cumplido el plazo si efect\u00faa la devoluci\u00f3n de los bienes antes de que haya concluido dicho plazo. <\/em><\/p>\n<p><em>Deber\u00e1 usted asumir el coste directo de devoluci\u00f3n de los bienes.<\/em><\/p>\n<p><em><u>Solo ser\u00e1 usted responsable de la disminuci\u00f3n de valor de los bienes resultante de una manipulaci\u00f3n distinta a la necesaria para establecer la naturaleza, las caracter\u00edsticas y el funcionamiento de los bienes. <\/u><\/em><\/p>\n<p><em>\u00a0<\/em><strong><em>Excepciones al derecho de desistimiento <\/em><\/strong><\/p>\n<p><em>El derecho de desistimiento no ser\u00e1 aplicable a los contratos que se refieran a: <\/em><\/p>\n<p><em>&#8211; El suministro de bienes que puedan deteriorarse o caducar con rapidez. <\/em><\/p>\n<p><em>\u00a0<\/em><strong><em>Modelo de formulario de desistimiento<\/em><\/strong><\/p>\n<p><em>\u2013 A la atenci\u00f3n de <\/em><em>Almazaras de la Subb\u00e9tica SL Carretera A-339, KM 17-85, 14810 \u2013 Carcabuey \u2013 C\u00f3rdoba, email: <\/em><a href=\"mailto:tienda@almazarasdelasubbetica.com\"><em>tienda@almazarasdelasubbetica.com<\/em><\/a><em>:<\/em><\/p>\n<p><em>\u2013 Por la presente le comunico\/comunicamos (*) que desisto de mi\/desistimos de nuestro (*) contrato de venta del siguiente bien\/prestaci\u00f3n del siguiente servicio (*)<\/em><\/p>\n<p><em>\u2013 Pedido el\/recibido el (*)<\/em><\/p>\n<p><em>\u2013 Nombre del consumidor y usuario o de los consumidores y usuarios<\/em><\/p>\n<p><em>\u2013 Domicilio del consumidor y usuario o de los consumidores y usuarios<\/em><\/p>\n<p><em>\u2013 Firma del consumidor y usuario o de los consumidores y usuarios (solo si el presente formulario se presenta en papel)\u201d<\/em><\/p>\n<p><em>\u2013 Fecha<\/em><\/p>\n<p><em>(*) T\u00e1chese lo que no proceda.<\/em>\u2002\u2002\u2002\u2002<\/p>\n<p><strong>3. DEVOLUCI\u00d3N DE PRODUCTOS DEFECTUOSOS.<\/strong><\/p>\n<p>En Almazaras de la Subb\u00e9tica SL revisamos cuidadosamente cada producto antes de ser enviado.<\/p>\n<p>Si por alguna circunstancia el producto estuviese defectuoso o no corresponde al deseado deber\u00e1 ponerse en contacto de forma inmediata a trav\u00e9s de nuestro tel\u00e9fono <a href=\"tel:+34957553354\">+34 957 55 33 54<\/a>\u00a0(v\u00eda telef\u00f3nica ) (En horario comercial de Lunes a Viernes).<\/p>\n<p>Pasadas las 72h de recepci\u00f3n del paquete, no se admiten devoluciones por taras o defectos producidos en el envi\u00f3.<\/p>\n<p>ANEXO. No aceptamos devoluciones que no hayan sido adquiridas directamente en nuestra entidad<\/p>\n<p>\u00a0<\/p>\n<p><strong>Almazaras de la Subb\u00e9tica SL<\/strong><\/p>\n<p><strong>B14736052<\/strong><\/p>\n<p>Tel\u00e9fono: <a href=\"tel:+34957553354\">+34 957 55 33 54<\/a><\/p>\n<p>Email: tienda@almazarasdelasubbetica.com<\/p>\n\t\t\t\t\t\t\t\t<\/div>\n\t\t\t\t<\/div>\n\t\t\t\t\t<\/div>\n\t\t\t\t<\/div>\n\t\t\t\t<\/div>\n\t\t","protected":false},"excerpt":{"rendered":"<p>Env\u00edos y Devoluciones 1. ART. 103. DERECHO LEGAL A DESISTIR DE LA COMPRA. Desde Almazaras de la Subb\u00e9tica queremos que est\u00e9is completamente satisfecho\/a y encantados\/as con vuestro pedido. Derecho de desistimiento Tiene usted derecho a desistir del presente contrato en un plazo de 14 d\u00edas naturales sin necesidad de justificaci\u00f3n. El plazo de desistimiento expirar\u00e1 [&hellip;]<\/p>\n","protected":false},"author":1,"featured_media":0,"parent":0,"menu_order":0,"comment_status":"closed","ping_status":"closed","template":"","meta":{"_acf_changed":false,"footnotes":""},"class_list":["post-20863","page","type-page","status-publish","hentry"],"acf":[],"yoast_head":"<!-- This site is optimized with the Yoast SEO plugin v27.3 - https:\/\/yoast.com\/product\/yoast-seo-wordpress\/ -->\n<title>Pol\u00edtica de devoluciones y reembolsos | Almazaras de la Subb\u00e9tica | Tienda Online de AOVE Premiado<\/title>\n<meta name=\"robots\" content=\"noindex, follow\" \/>\n<meta property=\"og:locale\" content=\"en_US\" \/>\n<meta property=\"og:type\" content=\"article\" \/>\n<meta property=\"og:title\" content=\"Pol\u00edtica de devoluciones y reembolsos | Almazaras de la Subb\u00e9tica | Tienda Online de AOVE Premiado\" \/>\n<meta property=\"og:description\" content=\"Env\u00edos y Devoluciones 1. ART. 103. DERECHO LEGAL A DESISTIR DE LA COMPRA. Desde Almazaras de la Subb\u00e9tica queremos que est\u00e9is completamente satisfecho\/a y encantados\/as con vuestro pedido. Derecho de desistimiento Tiene usted derecho a desistir del presente contrato en un plazo de 14 d\u00edas naturales sin necesidad de justificaci\u00f3n. El plazo de desistimiento expirar\u00e1 [&hellip;]\" \/>\n<meta property=\"og:url\" content=\"https:\/\/almazarasdelasubbetica.com\/en\/reembolso_devoluciones\/\" \/>\n<meta property=\"og:site_name\" content=\"Almazaras de la Subb\u00e9tica | Tienda Online de AOVE Premiado\" \/>\n<meta property=\"article:publisher\" content=\"https:\/\/www.facebook.com\/almazarasdelasubbetica\/\" \/>\n<meta property=\"article:modified_time\" content=\"2025-09-21T22:16:00+00:00\" \/>\n<meta property=\"og:image\" content=\"https:\/\/almazarasdelasubbetica.com\/wp-content\/uploads\/2025\/01\/Segunda-Cabecera-WEB-1.jpg\" \/>\n\t<meta property=\"og:image:width\" content=\"1920\" \/>\n\t<meta property=\"og:image:height\" content=\"800\" \/>\n\t<meta property=\"og:image:type\" content=\"image\/jpeg\" \/>\n<meta name=\"twitter:card\" content=\"summary_large_image\" \/>\n<meta name=\"twitter:site\" content=\"@almasubbetica\" \/>\n<meta name=\"twitter:label1\" content=\"Est. reading time\" \/>\n\t<meta name=\"twitter:data1\" content=\"4 minutes\" \/>\n<script type=\"application\/ld+json\" class=\"yoast-schema-graph\">{\"@context\":\"https:\\\/\\\/schema.org\",\"@graph\":[{\"@type\":\"WebPage\",\"@id\":\"https:\\\/\\\/almazarasdelasubbetica.com\\\/en\\\/reembolso_devoluciones\\\/\",\"url\":\"https:\\\/\\\/almazarasdelasubbetica.com\\\/en\\\/reembolso_devoluciones\\\/\",\"name\":\"Pol\u00edtica de devoluciones y reembolsos | Almazaras de la Subb\u00e9tica | Tienda Online de AOVE Premiado\",\"isPartOf\":{\"@id\":\"https:\\\/\\\/almazarasdelasubbetica.com\\\/en\\\/#website\"},\"datePublished\":\"2024-07-19T09:16:47+00:00\",\"dateModified\":\"2025-09-21T22:16:00+00:00\",\"breadcrumb\":{\"@id\":\"https:\\\/\\\/almazarasdelasubbetica.com\\\/en\\\/reembolso_devoluciones\\\/#breadcrumb\"},\"inLanguage\":\"en-US\",\"potentialAction\":[{\"@type\":\"ReadAction\",\"target\":[\"https:\\\/\\\/almazarasdelasubbetica.com\\\/en\\\/reembolso_devoluciones\\\/\"]}]},{\"@type\":\"BreadcrumbList\",\"@id\":\"https:\\\/\\\/almazarasdelasubbetica.com\\\/en\\\/reembolso_devoluciones\\\/#breadcrumb\",\"itemListElement\":[{\"@type\":\"ListItem\",\"position\":1,\"name\":\"Portada\",\"item\":\"https:\\\/\\\/almazarasdelasubbetica.com\\\/en\\\/\"},{\"@type\":\"ListItem\",\"position\":2,\"name\":\"Pol\u00edtica de devoluciones y reembolsos\"}]},{\"@type\":\"WebSite\",\"@id\":\"https:\\\/\\\/almazarasdelasubbetica.com\\\/en\\\/#website\",\"url\":\"https:\\\/\\\/almazarasdelasubbetica.com\\\/en\\\/\",\"name\":\"Almazaras de la Subb\u00e9tica - Aceite de Oliva Virgen Extra\",\"description\":\"Almazaras de la Subb\u00e9tica: aceites de oliva virgen extra premiados mundialmente, disponibles online bajo las marcas Rinc\u00f3n de la Subb\u00e9tica, Parqueoliva y Almaoliva.\",\"publisher\":{\"@id\":\"https:\\\/\\\/almazarasdelasubbetica.com\\\/en\\\/#organization\"},\"alternateName\":\"Almazaras de la Subb\u00e9tica\",\"potentialAction\":[{\"@type\":\"SearchAction\",\"target\":{\"@type\":\"EntryPoint\",\"urlTemplate\":\"https:\\\/\\\/almazarasdelasubbetica.com\\\/en\\\/?s={search_term_string}\"},\"query-input\":{\"@type\":\"PropertyValueSpecification\",\"valueRequired\":true,\"valueName\":\"search_term_string\"}}],\"inLanguage\":\"en-US\"},{\"@type\":\"Organization\",\"@id\":\"https:\\\/\\\/almazarasdelasubbetica.com\\\/en\\\/#organization\",\"name\":\"Almazaras de la Subb\u00e9tica, S.C.A.\",\"url\":\"https:\\\/\\\/almazarasdelasubbetica.com\\\/en\\\/\",\"logo\":{\"@type\":\"ImageObject\",\"inLanguage\":\"en-US\",\"@id\":\"https:\\\/\\\/almazarasdelasubbetica.com\\\/en\\\/#\\\/schema\\\/logo\\\/image\\\/\",\"url\":\"https:\\\/\\\/almazarasdelasubbetica.com\\\/wp-content\\\/uploads\\\/2024\\\/11\\\/alma-logo.jpg\",\"contentUrl\":\"https:\\\/\\\/almazarasdelasubbetica.com\\\/wp-content\\\/uploads\\\/2024\\\/11\\\/alma-logo.jpg\",\"width\":220,\"height\":48,\"caption\":\"Almazaras de la Subb\u00e9tica, S.C.A.\"},\"image\":{\"@id\":\"https:\\\/\\\/almazarasdelasubbetica.com\\\/en\\\/#\\\/schema\\\/logo\\\/image\\\/\"},\"sameAs\":[\"https:\\\/\\\/www.facebook.com\\\/almazarasdelasubbetica\\\/\",\"https:\\\/\\\/x.com\\\/almasubbetica\",\"https:\\\/\\\/www.instagram.com\\\/almasubbetica\\\/\",\"https:\\\/\\\/www.linkedin.com\\\/company\\\/almazarasdelasubbetica\\\/\",\"https:\\\/\\\/www.tiktok.com\\\/@almasubbetica\"]}]}<\/script>\n<!-- \/ Yoast SEO plugin. -->","yoast_head_json":{"title":"Pol\u00edtica de devoluciones y reembolsos | Almazaras de la Subb\u00e9tica | Tienda Online de AOVE Premiado","robots":{"index":"noindex","follow":"follow"},"og_locale":"en_US","og_type":"article","og_title":"Pol\u00edtica de devoluciones y reembolsos | Almazaras de la Subb\u00e9tica | Tienda Online de AOVE Premiado","og_description":"Env\u00edos y Devoluciones 1. ART. 103. DERECHO LEGAL A DESISTIR DE LA COMPRA. Desde Almazaras de la Subb\u00e9tica queremos que est\u00e9is completamente satisfecho\/a y encantados\/as con vuestro pedido. Derecho de desistimiento Tiene usted derecho a desistir del presente contrato en un plazo de 14 d\u00edas naturales sin necesidad de justificaci\u00f3n. El plazo de desistimiento expirar\u00e1 [&hellip;]","og_url":"https:\/\/almazarasdelasubbetica.com\/en\/reembolso_devoluciones\/","og_site_name":"Almazaras de la Subb\u00e9tica | Tienda Online de AOVE Premiado","article_publisher":"https:\/\/www.facebook.com\/almazarasdelasubbetica\/","article_modified_time":"2025-09-21T22:16:00+00:00","og_image":[{"width":1920,"height":800,"url":"https:\/\/almazarasdelasubbetica.com\/wp-content\/uploads\/2025\/01\/Segunda-Cabecera-WEB-1.jpg","type":"image\/jpeg"}],"twitter_card":"summary_large_image","twitter_site":"@almasubbetica","twitter_misc":{"Est. reading time":"4 minutes"},"schema":{"@context":"https:\/\/schema.org","@graph":[{"@type":"WebPage","@id":"https:\/\/almazarasdelasubbetica.com\/en\/reembolso_devoluciones\/","url":"https:\/\/almazarasdelasubbetica.com\/en\/reembolso_devoluciones\/","name":"Pol\u00edtica de devoluciones y reembolsos | Almazaras de la Subb\u00e9tica | Tienda Online de AOVE Premiado","isPartOf":{"@id":"https:\/\/almazarasdelasubbetica.com\/en\/#website"},"datePublished":"2024-07-19T09:16:47+00:00","dateModified":"2025-09-21T22:16:00+00:00","breadcrumb":{"@id":"https:\/\/almazarasdelasubbetica.com\/en\/reembolso_devoluciones\/#breadcrumb"},"inLanguage":"en-US","potentialAction":[{"@type":"ReadAction","target":["https:\/\/almazarasdelasubbetica.com\/en\/reembolso_devoluciones\/"]}]},{"@type":"BreadcrumbList","@id":"https:\/\/almazarasdelasubbetica.com\/en\/reembolso_devoluciones\/#breadcrumb","itemListElement":[{"@type":"ListItem","position":1,"name":"Portada","item":"https:\/\/almazarasdelasubbetica.com\/en\/"},{"@type":"ListItem","position":2,"name":"Pol\u00edtica de devoluciones y reembolsos"}]},{"@type":"WebSite","@id":"https:\/\/almazarasdelasubbetica.com\/en\/#website","url":"https:\/\/almazarasdelasubbetica.com\/en\/","name":"Almazaras de la Subb\u00e9tica - Aceite de Oliva Virgen Extra","description":"Almazaras de la Subb\u00e9tica: aceites de oliva virgen extra premiados mundialmente, disponibles online bajo las marcas Rinc\u00f3n de la Subb\u00e9tica, Parqueoliva y Almaoliva.","publisher":{"@id":"https:\/\/almazarasdelasubbetica.com\/en\/#organization"},"alternateName":"Almazaras de la Subb\u00e9tica","potentialAction":[{"@type":"SearchAction","target":{"@type":"EntryPoint","urlTemplate":"https:\/\/almazarasdelasubbetica.com\/en\/?s={search_term_string}"},"query-input":{"@type":"PropertyValueSpecification","valueRequired":true,"valueName":"search_term_string"}}],"inLanguage":"en-US"},{"@type":"Organization","@id":"https:\/\/almazarasdelasubbetica.com\/en\/#organization","name":"Almazaras de la Subb\u00e9tica, S.C.A.","url":"https:\/\/almazarasdelasubbetica.com\/en\/","logo":{"@type":"ImageObject","inLanguage":"en-US","@id":"https:\/\/almazarasdelasubbetica.com\/en\/#\/schema\/logo\/image\/","url":"https:\/\/almazarasdelasubbetica.com\/wp-content\/uploads\/2024\/11\/alma-logo.jpg","contentUrl":"https:\/\/almazarasdelasubbetica.com\/wp-content\/uploads\/2024\/11\/alma-logo.jpg","width":220,"height":48,"caption":"Almazaras de la Subb\u00e9tica, S.C.A."},"image":{"@id":"https:\/\/almazarasdelasubbetica.com\/en\/#\/schema\/logo\/image\/"},"sameAs":["https:\/\/www.facebook.com\/almazarasdelasubbetica\/","https:\/\/x.com\/almasubbetica","https:\/\/www.instagram.com\/almasubbetica\/","https:\/\/www.linkedin.com\/company\/almazarasdelasubbetica\/","https:\/\/www.tiktok.com\/@almasubbetica"]}]}},"_links":{"self":[{"href":"https:\/\/almazarasdelasubbetica.com\/en\/wp-json\/wp\/v2\/pages\/20863","targetHints":{"allow":["GET"]}}],"collection":[{"href":"https:\/\/almazarasdelasubbetica.com\/en\/wp-json\/wp\/v2\/pages"}],"about":[{"href":"https:\/\/almazarasdelasubbetica.com\/en\/wp-json\/wp\/v2\/types\/page"}],"author":[{"embeddable":true,"href":"https:\/\/almazarasdelasubbetica.com\/en\/wp-json\/wp\/v2\/users\/1"}],"replies":[{"embeddable":true,"href":"https:\/\/almazarasdelasubbetica.com\/en\/wp-json\/wp\/v2\/comments?post=20863"}],"version-history":[{"count":4,"href":"https:\/\/almazarasdelasubbetica.com\/en\/wp-json\/wp\/v2\/pages\/20863\/revisions"}],"predecessor-version":[{"id":22682,"href":"https:\/\/almazarasdelasubbetica.com\/en\/wp-json\/wp\/v2\/pages\/20863\/revisions\/22682"}],"wp:attachment":[{"href":"https:\/\/almazarasdelasubbetica.com\/en\/wp-json\/wp\/v2\/media?parent=20863"}],"curies":[{"name":"wp","href":"https:\/\/api.w.org\/{rel}","templated":true}]}}